{"id":19378,"date":"2026-02-05T04:04:28","date_gmt":"2026-02-05T03:04:28","guid":{"rendered":"https:\/\/swissgo.tech\/p\/swisspro-400-27-fotocamera-usa-e-getta-con-flash-27-esposizioni-nuovo-modello\/"},"modified":"2026-01-01T13:36:43","modified_gmt":"2026-01-01T12:36:43","slug":"swisspro-400-27-fotocamera-usa-e-getta-con-flash-27-esposizioni-nuovo-modello","status":"publish","type":"product","link":"https:\/\/swissgo.tech\/it\/p\/swisspro-400-27-fotocamera-usa-e-getta-con-flash-27-esposizioni-nuovo-modello\/","title":{"rendered":"swiss+pro 400-27 Fotocamera usa e getta con flash (27 esposizioni)..."},"content":{"rendered":"<h2 style=\"text-align: center;\"><span style=\"color: #dd2400;\">swiss+pro 400-27 Fotocamera usa e getta con flash Nuovo modello | Non riciclato | 27 foto<\/span><\/h2>\n<p>Pronta per scattare con la semplice pressione di un pulsante, questa fotocamera flash usa e getta o monouso di swiss+pro \u00e8 precaricata con un rullino di 27 esposizioni di pellicola a velocit\u00e0 ISO 400 altamente versatile, che la rende ideale per feste, eventi, matrimoni e altro ancora. La fotocamera \u00e8 dotata di un obiettivo grandangolare con una gamma di messa a fuoco fissa e una velocit\u00e0 dell&#8217;otturatore fissa per semplicit\u00e0 e include un mirino a finestra trasparente per allineare i tuoi scatti. Per le condizioni interne e di scarsa illuminazione, la fotocamera include anche un flash one-touch, che si ricarica automaticamente dopo l&#8217;uso.<\/p>\n<p>Questa fotocamera aiuta a proteggere l&#8217;ambiente e contiene componenti riciclati.<\/p>\n","protected":false},"excerpt":{"rendered":"<p>swiss+pro 400-27 Fotocamera usa e getta o monouso con flash<\/p>\n<p>&nbsp;<\/p>\n<ul>\n<li>Fotocamera monouso\/usa e getta<\/li>\n<li>Precaricata con pellicola a 400 colori<\/li>\n<li>27 mostre<\/li>\n<li>Obiettivo a fuoco fisso<\/li>\n<li>Flash incorporato<\/li>\n<li>Mirino ottico<\/li>\n<li>Non riciclato<\/li>\n<\/ul>\n","protected":false},"featured_media":11069,"comment_status":"open","ping_status":"closed","template":"","meta":{"_acf_changed":false,"_switchboard_short_link_id":0,"_switchboard_short_link_code":""},"product_brand":[3851],"product_cat":[1307,3870],"product_tag":[3751,3743,3744,3902,3898],"class_list":{"0":"post-19378","1":"product","2":"type-product","3":"status-publish","4":"has-post-thumbnail","6":"product_brand-swissgo","7":"product_cat-foto","8":"product_cat-telecamere-analogiche","9":"product_tag-meno-di-30e","10":"product_tag-meno-di-40e","11":"product_tag-meno-di-60e","12":"product_tag-s","13":"product_tag-venerdi-nero-2","15":"first","16":"instock","17":"sale","18":"taxable","19":"shipping-taxable","20":"purchasable","21":"product-type-simple"},"acf":[],"apcode":"SWI401505","_links":{"self":[{"href":"https:\/\/swissgo.tech\/it\/wp-json\/wp\/v2\/product\/19378","targetHints":{"allow":["GET"]}}],"collection":[{"href":"https:\/\/swissgo.tech\/it\/wp-json\/wp\/v2\/product"}],"about":[{"href":"https:\/\/swissgo.tech\/it\/wp-json\/wp\/v2\/types\/product"}],"replies":[{"embeddable":true,"href":"https:\/\/swissgo.tech\/it\/wp-json\/wp\/v2\/comments?post=19378"}],"wp:featuredmedia":[{"embeddable":true,"href":"https:\/\/swissgo.tech\/it\/wp-json\/wp\/v2\/media\/11069"}],"wp:attachment":[{"href":"https:\/\/swissgo.tech\/it\/wp-json\/wp\/v2\/media?parent=19378"}],"wp:term":[{"taxonomy":"product_brand","embeddable":true,"href":"https:\/\/swissgo.tech\/it\/wp-json\/wp\/v2\/product_brand?post=19378"},{"taxonomy":"product_cat","embeddable":true,"href":"https:\/\/swissgo.tech\/it\/wp-json\/wp\/v2\/product_cat?post=19378"},{"taxonomy":"product_tag","embeddable":true,"href":"https:\/\/swissgo.tech\/it\/wp-json\/wp\/v2\/product_tag?post=19378"}],"curies":[{"name":"wp","href":"https:\/\/api.w.org\/{rel}","templated":true}]}}