{"id":17653,"date":"2026-02-05T04:04:02","date_gmt":"2026-02-05T03:04:02","guid":{"rendered":"https:\/\/swissgo.tech\/p\/swissgo-zug-relogio-inteligente-para-criancas-azul\/"},"modified":"2025-12-02T09:33:51","modified_gmt":"2025-12-02T08:33:51","slug":"swissgo-zug-smartwatch-infantil-azul__trashed","status":"publish","type":"product","link":"https:\/\/swissgo.tech\/pt-pt\/p\/swissgo-zug-smartwatch-infantil-azul__trashed\/","title":{"rendered":"Rel\u00f3gio Inteligente Infantil Zug Blue swiss+go"},"content":{"rendered":"<h2 style=\"text-align: center;\"><span style=\"color: #000000;\">Rel\u00f3gio Inteligente Infantil Zug Blue swiss+go<\/span><\/h2>\n<p>O smartwatch Zug azul foi concebido para os membros mais jovens do agregado familiar. Com funcionalidades como um ped\u00f3metro, sensor de temperatura e monitoriza\u00e7\u00e3o do sono, \u00e9 perfeito para monitorizar a sua sa\u00fade, h\u00e1bitos de sono e atividade di\u00e1ria.<\/p>\n<h3>Caracter\u00edsticas swiss+go Zug Blue Rel\u00f3gio Inteligente Infantil<\/h3>\n<ul>\n<li>Bluetooth, monitoriza\u00e7\u00e3o da forma f\u00edsica, ecr\u00e3 t\u00e1til, resistente \u00e0 \u00e1gua.<\/li>\n<li>Ecr\u00e3 t\u00e1til a cores com 4 mostradores \u00e0 escolha.<\/li>\n<li>Os desportos multidesportivos incluem caminhadas, ciclismo, corrida, marcha, corrida em recinto fechado.<\/li>\n<li>Sensor de ritmo card\u00edaco incorporado.<\/li>\n<li>Sensor t\u00e9rmico.<\/li>\n<li>Aviso de sedentarismo.<\/li>\n<li>Monitorize a sua atividade di\u00e1ria e o seu sono.<\/li>\n<li>Lembrete de chamadas recebidas.<\/li>\n<li>Apresenta o SMS. e-mails. calend\u00e1rio de eventos e atividade nas redes sociais.<\/li>\n<li>Controlo remoto do obturador e da m\u00fasica com o smartphone.<\/li>\n<li>IP68 \u00e0 prova de \u00e1gua.<\/li>\n<li>Compat\u00edvel com os sistemas operativos iOS e Android.<\/li>\n<\/ul>\n","protected":false},"excerpt":{"rendered":"<p>O smartwatch swiss+go Zug Blue Children&#8217;s \u00e9 perfeito para os mais pequenos em casa come\u00e7arem no mundo dos smartwatches. Aproveite as vantagens deste smartwatch para os seus filhos.<\/p>\n<ul>\n<li>Cor: azul<\/li>\n<li>Bluetooth, monitoriza\u00e7\u00e3o da forma f\u00edsica, ecr\u00e3 t\u00e1til, resistente \u00e0 \u00e1gua.<\/li>\n<li>Ecr\u00e3 t\u00e1til a cores com 4 mostradores \u00e0 escolha.<\/li>\n<li>Os desportos multidesportivos incluem caminhadas, ciclismo, corrida, marcha, corrida em recinto fechado.<\/li>\n<li>Sensor de ritmo card\u00edaco incorporado.<\/li>\n<li>Sensor t\u00e9rmico.<\/li>\n<li>Aviso de sedentarismo.<\/li>\n<li>Monitorize a sua atividade di\u00e1ria e o seu sono.<\/li>\n<li>Lembrete de chamadas recebidas.<\/li>\n<li>Apresenta o SMS. e-mails. calend\u00e1rio de eventos e atividade nas redes sociais.<\/li>\n<li>Controlo remoto do obturador e da m\u00fasica com o smartphone.<\/li>\n<li>IP68 \u00e0 prova de \u00e1gua.<\/li>\n<li>Compat\u00edvel com os sistemas operativos iOS e Android.<\/li>\n<\/ul>\n","protected":false},"featured_media":10176,"comment_status":"open","ping_status":"closed","template":"","meta":{"_acf_changed":false,"_switchboard_short_link_id":0,"_switchboard_short_link_code":""},"product_brand":[],"product_cat":[1296,1294],"product_tag":[3745,3746],"class_list":{"0":"post-17653","1":"product","2":"type-product","3":"status-publish","4":"has-post-thumbnail","6":"product_cat-smartwatches-pt","7":"product_cat-wearables-pt","8":"product_tag-menos-de-40e-pt-pt","9":"product_tag-menos-de-60e-pt-pt","11":"first","12":"outofstock","13":"sale","14":"taxable","15":"shipping-taxable","16":"purchasable","17":"product-type-simple"},"acf":[],"apcode":"SWI302075","_links":{"self":[{"href":"https:\/\/swissgo.tech\/pt-pt\/wp-json\/wp\/v2\/product\/17653","targetHints":{"allow":["GET"]}}],"collection":[{"href":"https:\/\/swissgo.tech\/pt-pt\/wp-json\/wp\/v2\/product"}],"about":[{"href":"https:\/\/swissgo.tech\/pt-pt\/wp-json\/wp\/v2\/types\/product"}],"replies":[{"embeddable":true,"href":"https:\/\/swissgo.tech\/pt-pt\/wp-json\/wp\/v2\/comments?post=17653"}],"wp:featuredmedia":[{"embeddable":true,"href":"https:\/\/swissgo.tech\/pt-pt\/wp-json\/wp\/v2\/media\/10176"}],"wp:attachment":[{"href":"https:\/\/swissgo.tech\/pt-pt\/wp-json\/wp\/v2\/media?parent=17653"}],"wp:term":[{"taxonomy":"product_brand","embeddable":true,"href":"https:\/\/swissgo.tech\/pt-pt\/wp-json\/wp\/v2\/product_brand?post=17653"},{"taxonomy":"product_cat","embeddable":true,"href":"https:\/\/swissgo.tech\/pt-pt\/wp-json\/wp\/v2\/product_cat?post=17653"},{"taxonomy":"product_tag","embeddable":true,"href":"https:\/\/swissgo.tech\/pt-pt\/wp-json\/wp\/v2\/product_tag?post=17653"}],"curies":[{"name":"wp","href":"https:\/\/api.w.org\/{rel}","templated":true}]}}