{"id":17674,"date":"2026-02-05T04:04:28","date_gmt":"2026-02-05T03:04:28","guid":{"rendered":"https:\/\/swissgo.tech\/p\/auricular-bluetooth-swissgo-hp001bt\/"},"modified":"2025-12-11T09:27:06","modified_gmt":"2025-12-11T08:27:06","slug":"swissgo-hp001bt-headset-bluetooth-blue","status":"publish","type":"product","link":"https:\/\/swissgo.tech\/pt-pt\/p\/swissgo-hp001bt-headset-bluetooth-blue\/","title":{"rendered":"Auscultadores Bluetooth swiss+go HP001BT"},"content":{"rendered":"<h2 style=\"text-align: center;\">Auscultadores Bluetooth swiss+go HP001BT<\/h2>\n<p>Conforto e durabilidade s\u00e3o as palavras que melhor definem os auscultadores Bluetooth HP001BT, com os quais poder\u00e1 isolar-se completamente do ambiente que o rodeia e apenas ouvir a sua m\u00fasica favorita a partir do seu smartphone, computador ou tablet.<\/p>\n<p>Com a sua liga\u00e7\u00e3o Bluetooth de alta fidelidade, nunca mais ter\u00e1 aquelas interrup\u00e7\u00f5es inc\u00f3modas enquanto ouve as suas m\u00fasicas favoritas. Utilize os seus auscultadores sem fios em in\u00fameras situa\u00e7\u00f5es; ligue-os ao seu computador atrav\u00e9s de Bluetooth e desloque-se livremente pela sua casa sem se preocupar com o cabo ou v\u00e1 dar um passeio com o seu smartphone no bolso e os auscultadores nos ouvidos, sem mais nada pelo meio.<\/p>\n<p>Al\u00e9m disso, o toque suave e macio dos auscultadores Bluetooth HP001BT significa que pode ouvir m\u00fasica durante horas a fio sem que os seus ouvidos fiquem doridos devido \u00e0 compress\u00e3o.<\/p>\n<p>Especifica\u00e7\u00f5es dos auscultadores Bluetooth swiss+go HP001BT:<\/p>\n<table class=\"shop_attributes\">\n<tbody>\n<tr>\n<th>Cor<\/th>\n<td>Azul, Vermelho<\/td>\n<\/tr>\n<tr>\n<th>Peso<\/th>\n<td>180 gr<\/td>\n<\/tr>\n<tr>\n<th>Medi\u00e7\u00e3o<\/th>\n<td>26 x 18 x 95 cent\u00edmetros<\/td>\n<\/tr>\n<tr>\n<th>Bateria<\/th>\n<td>L\u00edtio recarreg\u00e1vel 300mAh<\/td>\n<\/tr>\n<tr>\n<th>Bluetooth<\/th>\n<td>Bluetooth 3.0 | Cobertura de 10 metros.<\/td>\n<\/tr>\n<tr>\nFormatos <\/p>\n<th>de \u00e1udio<\/th>\n<td>AAC \u2013 LC, MP3 &amp; SBC<\/td>\n<\/tr>\n<tr>\n<th>FREQU\u00caNCIA<\/th>\n<td>20HZ-20KHZ<\/td>\n<\/tr>\n<tr>\n<th>Caixa Inclui<\/th>\n<td>Mini cabo USB<\/td>\n<\/tr>\n<\/tbody>\n<\/table>\n","protected":false},"excerpt":{"rendered":"<p>Os auscultadores Bluetooth swiss+go HP001BT destacam-se pela sua qualidade, conforto e longa dura\u00e7\u00e3o. Com eles, pode isolar-se completamente do que se passa \u00e0 sua volta e ouvir apenas a sua m\u00fasica favorita a partir do seu smartphone, computador ou tablet.<\/p>\n","protected":false},"featured_media":7077,"comment_status":"open","ping_status":"closed","template":"","meta":{"_acf_changed":false,"_switchboard_short_link_id":0,"_switchboard_short_link_code":""},"product_brand":[],"product_cat":[1301,1293],"product_tag":[3750,3745,3746],"class_list":{"0":"post-17674","1":"product","2":"type-product","3":"status-publish","4":"has-post-thumbnail","6":"product_cat-audio-pt-pt","7":"product_cat-auscultadores","8":"product_tag-menos-de-30e-pt-pt","9":"product_tag-menos-de-40e-pt-pt","10":"product_tag-menos-de-60e-pt-pt","12":"first","13":"outofstock","14":"sale","15":"taxable","16":"shipping-taxable","17":"purchasable","18":"product-type-simple"},"acf":[],"apcode":"SWI303106","_links":{"self":[{"href":"https:\/\/swissgo.tech\/pt-pt\/wp-json\/wp\/v2\/product\/17674","targetHints":{"allow":["GET"]}}],"collection":[{"href":"https:\/\/swissgo.tech\/pt-pt\/wp-json\/wp\/v2\/product"}],"about":[{"href":"https:\/\/swissgo.tech\/pt-pt\/wp-json\/wp\/v2\/types\/product"}],"replies":[{"embeddable":true,"href":"https:\/\/swissgo.tech\/pt-pt\/wp-json\/wp\/v2\/comments?post=17674"}],"wp:featuredmedia":[{"embeddable":true,"href":"https:\/\/swissgo.tech\/pt-pt\/wp-json\/wp\/v2\/media\/7077"}],"wp:attachment":[{"href":"https:\/\/swissgo.tech\/pt-pt\/wp-json\/wp\/v2\/media?parent=17674"}],"wp:term":[{"taxonomy":"product_brand","embeddable":true,"href":"https:\/\/swissgo.tech\/pt-pt\/wp-json\/wp\/v2\/product_brand?post=17674"},{"taxonomy":"product_cat","embeddable":true,"href":"https:\/\/swissgo.tech\/pt-pt\/wp-json\/wp\/v2\/product_cat?post=17674"},{"taxonomy":"product_tag","embeddable":true,"href":"https:\/\/swissgo.tech\/pt-pt\/wp-json\/wp\/v2\/product_tag?post=17674"}],"curies":[{"name":"wp","href":"https:\/\/api.w.org\/{rel}","templated":true}]}}