{"id":17929,"date":"2026-02-05T04:04:02","date_gmt":"2026-02-05T03:04:02","guid":{"rendered":"https:\/\/swissgo.tech\/p\/swissgo-pt017-pro-scooter-eletrico-duplo-roda-10-motor-2x500w-48v-bateria-13a\/"},"modified":"2025-11-17T11:33:17","modified_gmt":"2025-11-17T10:33:17","slug":"swissgo-pt017-pro-dual-scooter-eletrica-roda-10-motor-2x500w-48v-bateria-13a","status":"publish","type":"product","link":"https:\/\/swissgo.tech\/pt-pt\/p\/swissgo-pt017-pro-dual-scooter-eletrica-roda-10-motor-2x500w-48v-bateria-13a\/","title":{"rendered":"swiss+go PT017 PRO Scooter el\u00e9trico duplo | Roda de 10&#8243;..."},"content":{"rendered":"<h2 style=\"text-align: center;\"><span style=\"color: #dd2400;\">swiss+go PT017 PRO DUAL Scooter El\u00e9trico 10&#8243; Roda | Motor 2x500W | 48V, | Bateria 13A | Todas as rodas sem c\u00e2mara de ar | Suspens\u00e3o e trav\u00f5es de disco dianteiros e traseiros<\/span><\/h2>\n<p><span class=\"Apple-converted-space\"> <\/span>A scooter el\u00e9trica <b>Swiss+Go PT017 PRO DUAL <\/b>\u00e9 um meio de transporte perfeito para viajar dentro da cidade. Feito de um chassis de liga de alum\u00ednio, com uma plataforma ampla e f\u00e1cil de dobrar. \u00c9 perfeito para viajar de comboio, metro ou autocarro e completar a viagem de regresso a casa, ao centro da cidade ou ao trabalho, evitando engarrafamentos.<span class=\"Apple-converted-space\"> <\/span><\/p>\n<p>Percorre at\u00e9 40 km* com uma \u00fanica carga e atinge uma velocidade de at\u00e9 25 km\/h. Bateria 48V 13.6 Ah. 2 x 500W motor. Rodas AllRoad Tubeless de 10&#8243;. Suspens\u00e3o total para uma condu\u00e7\u00e3o mais confort\u00e1vel. Consola central completa. Sistema de travagem de disco duplo seguro e eficaz.<span class=\"Apple-converted-space\"> <\/span><\/p>\n","protected":false},"excerpt":{"rendered":"<ul>\n<li>Jantes todo-o-terreno sem c\u00e2mara de ar de 10&#8243;<\/li>\n<li>Freios a disco dianteiros e traseiros &amp; Suspens\u00e3o<\/li>\n<li>Motor 2&#215;500 W.<\/li>\n<li>25 Km de velocidade<\/li>\n<li>Alcance de 35\/40 km.<\/li>\n<li>Carga m\u00e1xima 120 Kg<\/li>\n<\/ul>\n","protected":false},"featured_media":10676,"comment_status":"open","ping_status":"closed","template":"","meta":{"_acf_changed":false,"_switchboard_short_link_id":0,"_switchboard_short_link_code":""},"product_brand":[],"product_cat":[1461,1311],"product_tag":[],"class_list":{"0":"post-17929","1":"product","2":"type-product","3":"status-publish","4":"has-post-thumbnail","6":"product_cat-scooters-eletricas","7":"product_cat-mobilidade-urbana","9":"first","10":"outofstock","11":"taxable","12":"shipping-taxable","13":"purchasable","14":"product-type-simple"},"acf":[],"apcode":"SWI600120","_links":{"self":[{"href":"https:\/\/swissgo.tech\/pt-pt\/wp-json\/wp\/v2\/product\/17929","targetHints":{"allow":["GET"]}}],"collection":[{"href":"https:\/\/swissgo.tech\/pt-pt\/wp-json\/wp\/v2\/product"}],"about":[{"href":"https:\/\/swissgo.tech\/pt-pt\/wp-json\/wp\/v2\/types\/product"}],"replies":[{"embeddable":true,"href":"https:\/\/swissgo.tech\/pt-pt\/wp-json\/wp\/v2\/comments?post=17929"}],"wp:featuredmedia":[{"embeddable":true,"href":"https:\/\/swissgo.tech\/pt-pt\/wp-json\/wp\/v2\/media\/10676"}],"wp:attachment":[{"href":"https:\/\/swissgo.tech\/pt-pt\/wp-json\/wp\/v2\/media?parent=17929"}],"wp:term":[{"taxonomy":"product_brand","embeddable":true,"href":"https:\/\/swissgo.tech\/pt-pt\/wp-json\/wp\/v2\/product_brand?post=17929"},{"taxonomy":"product_cat","embeddable":true,"href":"https:\/\/swissgo.tech\/pt-pt\/wp-json\/wp\/v2\/product_cat?post=17929"},{"taxonomy":"product_tag","embeddable":true,"href":"https:\/\/swissgo.tech\/pt-pt\/wp-json\/wp\/v2\/product_tag?post=17929"}],"curies":[{"name":"wp","href":"https:\/\/api.w.org\/{rel}","templated":true}]}}