{"id":17997,"date":"2026-02-05T04:02:59","date_gmt":"2026-02-05T03:02:59","guid":{"rendered":"https:\/\/swissgo.tech\/p\/capa-para-telefone-com-guiador\/"},"modified":"2025-11-17T11:33:02","modified_gmt":"2025-11-17T10:33:02","slug":"handlebar-phone-case","status":"publish","type":"product","link":"https:\/\/swissgo.tech\/pt-pt\/p\/handlebar-phone-case\/","title":{"rendered":"Capa para telefone com guiador"},"content":{"rendered":"<h2 id=\"flix-inpage\" style=\"text-align: center;\"><span style=\"color: #dd2400;\">Capa para telefone com guiador<\/span><\/h2>\n<p>A solu\u00e7\u00e3o ideal para transportar o seu smartphone de scooter ou bicicleta. Muito f\u00e1cil de instalar e montar em qualquer bicicleta ou scooter com guid\u00e3o.<\/p>\n<h3>Carater\u00edsticas:<\/h3>\n<ul>\n<li>Imperme\u00e1vel.<\/li>\n<li>Concebido para proteger o seu dispositivo m\u00f3vel de solavancos e salpicos.<\/li>\n<li>Janela de toque transparente permite o acesso ao telefone.<\/li>\n<li>Fecho com tampa resistente \u00e0 \u00e1gua.<\/li>\n<\/ul>\n<p><script type=\"text\/javascript\" src=\"\/\/media.flixfacts.com\/js\/loader.js\" data-flix-distributor=\"15652\" data-flix-language=\"es\" data-flix-brand=\"Swiss+go\" data-flix-mpn=\"\" data-flix-ean=\"000000000000\" data-flix-sku=\"ZM041\" data-flix-inpage=\"flix-inpage\" data-flix-button-image=\"\" data-flix-price=\"12,95\" data-flix-fallback-language=\"\" async=\"\"><\/script><\/p>\n","protected":false},"excerpt":{"rendered":"<ul>\n<li>Imperme\u00e1vel.<\/li>\n<li>Concebido para proteger o seu dispositivo m\u00f3vel de solavancos e salpicos.<\/li>\n<li>Janela de toque transparente permite o acesso ao telefone.<\/li>\n<li>Fecho com tampa resistente \u00e0 \u00e1gua.<\/li>\n<\/ul>\n","protected":false},"featured_media":25503,"comment_status":"open","ping_status":"closed","template":"","meta":{"_acf_changed":false,"_switchboard_short_link_id":0,"_switchboard_short_link_code":""},"product_brand":[],"product_cat":[1304,1311],"product_tag":[3750,3746],"class_list":{"0":"post-17997","1":"product","2":"type-product","3":"status-publish","4":"has-post-thumbnail","6":"product_cat-acessorios-vmp","7":"product_cat-mobilidade-urbana","8":"product_tag-menos-de-30e-pt-pt","9":"product_tag-menos-de-60e-pt-pt","11":"first","12":"instock","13":"taxable","14":"shipping-taxable","15":"purchasable","16":"product-type-simple"},"acf":[],"apcode":"SWI600217","_links":{"self":[{"href":"https:\/\/swissgo.tech\/pt-pt\/wp-json\/wp\/v2\/product\/17997","targetHints":{"allow":["GET"]}}],"collection":[{"href":"https:\/\/swissgo.tech\/pt-pt\/wp-json\/wp\/v2\/product"}],"about":[{"href":"https:\/\/swissgo.tech\/pt-pt\/wp-json\/wp\/v2\/types\/product"}],"replies":[{"embeddable":true,"href":"https:\/\/swissgo.tech\/pt-pt\/wp-json\/wp\/v2\/comments?post=17997"}],"wp:featuredmedia":[{"embeddable":true,"href":"https:\/\/swissgo.tech\/pt-pt\/wp-json\/wp\/v2\/media\/25503"}],"wp:attachment":[{"href":"https:\/\/swissgo.tech\/pt-pt\/wp-json\/wp\/v2\/media?parent=17997"}],"wp:term":[{"taxonomy":"product_brand","embeddable":true,"href":"https:\/\/swissgo.tech\/pt-pt\/wp-json\/wp\/v2\/product_brand?post=17997"},{"taxonomy":"product_cat","embeddable":true,"href":"https:\/\/swissgo.tech\/pt-pt\/wp-json\/wp\/v2\/product_cat?post=17997"},{"taxonomy":"product_tag","embeddable":true,"href":"https:\/\/swissgo.tech\/pt-pt\/wp-json\/wp\/v2\/product_tag?post=17997"}],"curies":[{"name":"wp","href":"https:\/\/api.w.org\/{rel}","templated":true}]}}