{"id":18001,"date":"2026-02-05T04:02:59","date_gmt":"2026-02-05T03:02:59","guid":{"rendered":"https:\/\/swissgo.tech\/p\/capacete-com-luz-de-seguranca-azul\/"},"modified":"2025-11-17T11:33:06","modified_gmt":"2025-11-17T10:33:06","slug":"capacete-com-seguranca-luz-azul","status":"publish","type":"product","link":"https:\/\/swissgo.tech\/pt-pt\/p\/capacete-com-seguranca-luz-azul\/","title":{"rendered":"Capacete com luz de seguran\u00e7a azul"},"content":{"rendered":"<h2 style=\"text-align: center;\"><span style=\"color: #dd2400;\">Capacete com luz de seguran\u00e7a azul<\/span><\/h2>\n<div id=\"flix-inpage\">\n<h3>Caracter\u00edsticas<\/h3>\n<ul>\n<li>O material de espuma EPS leve, forte e dur\u00e1vel, feito de PVC, \u00e9 seguro e \u00fatil para reduzir as for\u00e7as de impacto e proteger a cabe\u00e7a durante o impacto.<\/li>\n<li>A luz de seguran\u00e7a com 3 modos de ilumina\u00e7\u00e3o: constante, intermitente lento e intermitente r\u00e1pido, ajudar\u00e1 as pessoas atr\u00e1s de si a reconhecerem claramente a sua dire\u00e7\u00e3o.<\/li>\n<li>Este capacete \u00e9 fornecido num tamanho padr\u00e3o, equipado com um sistema de marca\u00e7\u00e3o f\u00e1cil de utilizar e tiras laterais que o tornam ajust\u00e1vel a diferentes tamanhos de cabe\u00e7a e adequado tanto para homens como para mulheres.<\/li>\n<li>  A viseira solar foi concebida para proporcionar sombra durante a condu\u00e7\u00e3o e, mesmo em tempo quente, pode ser removida quando n\u00e3o \u00e9 necess\u00e1ria.<\/li>\n<\/ul>\n<\/div>\n<div><\/div>\n<p><script type=\"text\/javascript\" src=\"\/\/media.flixfacts.com\/js\/loader.js\" data-flix-distributor=\"15652\" data-flix-language=\"es\" data-flix-brand=\"Swiss+go\" data-flix-mpn=\"\" data-flix-ean=\"1000000002232\" data-flix-sku=\"ZM050AZ\" data-flix-inpage=\"flix-inpage\" data-flix-button-image=\"\" data-flix-price=\"35\" data-flix-fallback-language=\"es\" async=\"\"><\/script><\/p>\n","protected":false},"excerpt":{"rendered":"<h3>Caracter\u00edsticas<\/h3>\n<ul>\n<li>O material de espuma EPS leve, forte e dur\u00e1vel, feito de PVC, \u00e9 seguro e \u00fatil para reduzir as for\u00e7as de impacto e proteger a cabe\u00e7a durante o impacto.<\/li>\n<li>A luz de seguran\u00e7a com 3 modos de ilumina\u00e7\u00e3o: constante, intermitente lento e intermitente r\u00e1pido, ajudar\u00e1 as pessoas atr\u00e1s de si a reconhecerem claramente a sua dire\u00e7\u00e3o.<\/li>\n<li>Este capacete \u00e9 fornecido num tamanho padr\u00e3o, equipado com um sistema de marca\u00e7\u00e3o f\u00e1cil de utilizar e tiras laterais que o tornam ajust\u00e1vel a diferentes tamanhos de cabe\u00e7a e adequado tanto para homens como para mulheres.<\/li>\n<li>  A viseira solar foi concebida para proporcionar sombra durante a condu\u00e7\u00e3o e, mesmo em tempo quente, pode ser removida quando n\u00e3o \u00e9 necess\u00e1ria.<\/li>\n<\/ul>\n","protected":false},"featured_media":25497,"comment_status":"open","ping_status":"closed","template":"","meta":{"_acf_changed":false,"_switchboard_short_link_id":0,"_switchboard_short_link_code":""},"product_brand":[],"product_cat":[1304,1311],"product_tag":[3745,3746],"class_list":{"0":"post-18001","1":"product","2":"type-product","3":"status-publish","4":"has-post-thumbnail","6":"product_cat-acessorios-vmp","7":"product_cat-mobilidade-urbana","8":"product_tag-menos-de-40e-pt-pt","9":"product_tag-menos-de-60e-pt-pt","11":"first","12":"instock","13":"taxable","14":"shipping-taxable","15":"purchasable","16":"product-type-simple"},"acf":[],"apcode":"SWI600218","_links":{"self":[{"href":"https:\/\/swissgo.tech\/pt-pt\/wp-json\/wp\/v2\/product\/18001","targetHints":{"allow":["GET"]}}],"collection":[{"href":"https:\/\/swissgo.tech\/pt-pt\/wp-json\/wp\/v2\/product"}],"about":[{"href":"https:\/\/swissgo.tech\/pt-pt\/wp-json\/wp\/v2\/types\/product"}],"replies":[{"embeddable":true,"href":"https:\/\/swissgo.tech\/pt-pt\/wp-json\/wp\/v2\/comments?post=18001"}],"wp:featuredmedia":[{"embeddable":true,"href":"https:\/\/swissgo.tech\/pt-pt\/wp-json\/wp\/v2\/media\/25497"}],"wp:attachment":[{"href":"https:\/\/swissgo.tech\/pt-pt\/wp-json\/wp\/v2\/media?parent=18001"}],"wp:term":[{"taxonomy":"product_brand","embeddable":true,"href":"https:\/\/swissgo.tech\/pt-pt\/wp-json\/wp\/v2\/product_brand?post=18001"},{"taxonomy":"product_cat","embeddable":true,"href":"https:\/\/swissgo.tech\/pt-pt\/wp-json\/wp\/v2\/product_cat?post=18001"},{"taxonomy":"product_tag","embeddable":true,"href":"https:\/\/swissgo.tech\/pt-pt\/wp-json\/wp\/v2\/product_tag?post=18001"}],"curies":[{"name":"wp","href":"https:\/\/api.w.org\/{rel}","templated":true}]}}