{"id":18007,"date":"2026-02-05T04:02:59","date_gmt":"2026-02-05T03:02:59","guid":{"rendered":"https:\/\/swissgo.tech\/p\/espelho-retrovisor-ajustavel-para-scooter-eletrico-2-pecas\/"},"modified":"2025-11-17T11:32:52","modified_gmt":"2025-11-17T10:32:52","slug":"espelho-retrovisor-ajustavel-para-scooter-eletrica-2-pecas","status":"publish","type":"product","link":"https:\/\/swissgo.tech\/pt-pt\/p\/espelho-retrovisor-ajustavel-para-scooter-eletrica-2-pecas\/","title":{"rendered":"Espelho retrovisor ajust\u00e1vel para scooter el\u00e9trico (2 pe\u00e7as)"},"content":{"rendered":"<h3 id=\"flix-inpage\" style=\"text-align: center;\"><span style=\"color: #dd2400;\">Acess\u00f3rio de Mobilidade Urbana \u2013 Espelho retrovisor 2 pe\u00e7as<\/span><\/h3>\n<p>Espelho retrovisor ajust\u00e1vel para bicicleta, scooter el\u00e9trica ou scooter<\/p>\n","protected":false},"excerpt":{"rendered":"<p>Espelho retrovisor ajust\u00e1vel para bicicleta, scooter el\u00e9trica ou scooter<\/p>\n","protected":false},"featured_media":3371,"comment_status":"open","ping_status":"closed","template":"","meta":{"_acf_changed":false,"_switchboard_short_link_id":0,"_switchboard_short_link_code":""},"product_brand":[],"product_cat":[1304,1311],"product_tag":[3750,3746],"class_list":{"0":"post-18007","1":"product","2":"type-product","3":"status-publish","4":"has-post-thumbnail","6":"product_cat-acessorios-vmp","7":"product_cat-mobilidade-urbana","8":"product_tag-menos-de-30e-pt-pt","9":"product_tag-menos-de-60e-pt-pt","11":"first","12":"instock","13":"taxable","14":"shipping-taxable","15":"purchasable","16":"product-type-simple"},"acf":[],"apcode":"SWI600210","_links":{"self":[{"href":"https:\/\/swissgo.tech\/pt-pt\/wp-json\/wp\/v2\/product\/18007","targetHints":{"allow":["GET"]}}],"collection":[{"href":"https:\/\/swissgo.tech\/pt-pt\/wp-json\/wp\/v2\/product"}],"about":[{"href":"https:\/\/swissgo.tech\/pt-pt\/wp-json\/wp\/v2\/types\/product"}],"replies":[{"embeddable":true,"href":"https:\/\/swissgo.tech\/pt-pt\/wp-json\/wp\/v2\/comments?post=18007"}],"wp:featuredmedia":[{"embeddable":true,"href":"https:\/\/swissgo.tech\/pt-pt\/wp-json\/wp\/v2\/media\/3371"}],"wp:attachment":[{"href":"https:\/\/swissgo.tech\/pt-pt\/wp-json\/wp\/v2\/media?parent=18007"}],"wp:term":[{"taxonomy":"product_brand","embeddable":true,"href":"https:\/\/swissgo.tech\/pt-pt\/wp-json\/wp\/v2\/product_brand?post=18007"},{"taxonomy":"product_cat","embeddable":true,"href":"https:\/\/swissgo.tech\/pt-pt\/wp-json\/wp\/v2\/product_cat?post=18007"},{"taxonomy":"product_tag","embeddable":true,"href":"https:\/\/swissgo.tech\/pt-pt\/wp-json\/wp\/v2\/product_tag?post=18007"}],"curies":[{"name":"wp","href":"https:\/\/api.w.org\/{rel}","templated":true}]}}