{"id":18018,"date":"2026-02-05T04:02:59","date_gmt":"2026-02-05T03:02:59","guid":{"rendered":"https:\/\/swissgo.tech\/p\/smartwatch-suicogo-berna\/"},"modified":"2025-12-11T09:28:26","modified_gmt":"2025-12-11T08:28:26","slug":"smartwatch-swissgo-berna","status":"publish","type":"product","link":"https:\/\/swissgo.tech\/pt-pt\/p\/smartwatch-swissgo-berna\/","title":{"rendered":"Smartwatch su\u00ed\u00e7o + go Bern"},"content":{"rendered":"<h2 style=\"text-align: center;\"><span style=\"color: #dd2400;\">Smartwatch Su\u00ed\u00e7o+go Berna  <\/span><\/h2>\n<div id=\"flix-inpage\">\n<p>Um design premium que combina conforto, funcionalidade e eleg\u00e2ncia num smartwatch que lhe permitir\u00e1 desfrutar de desporto com as melhores caracter\u00edsticas.<span class=\"Apple-converted-space\"> <\/span>O modelo Bern se destaca por incluir o recurso Find phone, que permite encontrar seu telefone usando o rel\u00f3gio.<span class=\"Apple-converted-space\"> <\/span><\/p>\n<\/div>\n<div>\n<h3>Carater\u00edstica:<\/h3>\n<ul>\n<li>Bluetooth, Fitness Tracking, Ecr\u00e3 T\u00e1ctil, \u00c0 Prova de \u00c1gua<\/li>\n<li>Ecr\u00e3 t\u00e1til a cores IPS de 1,3 polegadas, TFT<\/li>\n<li>V\u00e1rios esportes incluem corrida indoor, caminhada indoor, escalada, ciclismo<\/li>\n<li>Built-in sensor de frequ\u00eancia card\u00edaca, monitora sua freq\u00fc\u00eancia card\u00edaca<\/li>\n<li>Monitorize a sua atividade di\u00e1ria e o seu sono<\/li>\n<li>Lembrete de chamada recebida<\/li>\n<li>Exibe SMS, e-mails, eventos de calend\u00e1rio e atividades de m\u00eddia social<\/li>\n<li>Obturador remoto<\/li>\n<li>IP67 \u00e0 prova de \u00e1gua<\/li>\n<li>Totalmente compat\u00edvel com o sistema operacional iOS e Android<\/li>\n<\/ul>\n<h3>Especifica\u00e7\u00e3o<\/h3>\n<ul>\n<li>Chipset: PAR2860QN<\/li>\n<li>Tamanho da tela \/ resolu\u00e7\u00e3o: 240 x 240, 1.3&#8243; IPS One Touch<\/li>\n<li>Vers\u00e3o Bluetooth: BT5.0<\/li>\n<li>Software: 3 mostradores de rel\u00f3gio\/ped\u00f4metro\/multiesporte\/frequ\u00eancia card\u00edaca\/notifica\u00e7\u00e3o, etc.<\/li>\n<li>Tamanho da bateria: 155 mAh Li-poly<\/li>\n<li>Tempo de uso: at\u00e9 4 dias.<\/li>\n<li>Tempo de espera: at\u00e9 15 dias<\/li>\n<li>Material do produto: Caixa de liga + correia de silicone<\/li>\n<li>Tamanho do Produto: 42,0 x 36,0 x 9,7 mm<\/li>\n<li>Tamanho da correia: 20mm de largura<\/li>\n<\/ul>\n<p>&nbsp;<\/p>\n<\/div>\n<p><script type=\"text\/javascript\" src=\"\/\/media.flixfacts.com\/js\/loader.js\" data-flix-distributor=\"15652\" data-flix-language=\"es\" data-flix-brand=\"Swiss+go\" data-flix-mpn=\"\" data-flix-ean=\"8420233001483\" data-flix-sku=\"SB1326HZ\" data-flix-inpage=\"flix-inpage\" data-flix-button-image=\"\" data-flix-price=\"34,9\" data-flix-fallback-language=\"es\" async=\"\"><\/script><\/p>\n","protected":false},"excerpt":{"rendered":"<h3>Carater\u00edstica:<\/h3>\n<ul>\n<li>Bluetooth, Fitness Tracking, Ecr\u00e3 T\u00e1ctil, \u00c0 Prova de \u00c1gua<\/li>\n<li>Ecr\u00e3 t\u00e1til a cores IPS de 1,3 polegadas, TFT<\/li>\n<li>V\u00e1rios esportes incluem corrida indoor, caminhada indoor, escalada, ciclismo<\/li>\n<li>Built-in sensor de frequ\u00eancia card\u00edaca, monitora sua freq\u00fc\u00eancia card\u00edaca<\/li>\n<li>Monitorize a sua atividade di\u00e1ria e o seu sono<\/li>\n<li>Lembrete de chamada recebida<\/li>\n<li>Exibe SMS, e-mails, eventos de calend\u00e1rio e atividades de m\u00eddia social<\/li>\n<li>Obturador remoto<\/li>\n<li>IP67 \u00e0 prova de \u00e1gua<\/li>\n<li>Totalmente compat\u00edvel com o sistema operacional iOS e Android<\/li>\n<\/ul>\n","protected":false},"featured_media":9973,"comment_status":"open","ping_status":"closed","template":"","meta":{"_acf_changed":false,"_switchboard_short_link_id":0,"_switchboard_short_link_code":""},"product_brand":[],"product_cat":[1296,1294],"product_tag":[3750,3745,3746],"class_list":{"0":"post-18018","1":"product","2":"type-product","3":"status-publish","4":"has-post-thumbnail","6":"product_cat-smartwatches-pt","7":"product_cat-wearables-pt","8":"product_tag-menos-de-30e-pt-pt","9":"product_tag-menos-de-40e-pt-pt","10":"product_tag-menos-de-60e-pt-pt","12":"first","13":"outofstock","14":"sale","15":"taxable","16":"shipping-taxable","17":"purchasable","18":"product-type-simple"},"acf":[],"apcode":"SWI302038","_links":{"self":[{"href":"https:\/\/swissgo.tech\/pt-pt\/wp-json\/wp\/v2\/product\/18018","targetHints":{"allow":["GET"]}}],"collection":[{"href":"https:\/\/swissgo.tech\/pt-pt\/wp-json\/wp\/v2\/product"}],"about":[{"href":"https:\/\/swissgo.tech\/pt-pt\/wp-json\/wp\/v2\/types\/product"}],"replies":[{"embeddable":true,"href":"https:\/\/swissgo.tech\/pt-pt\/wp-json\/wp\/v2\/comments?post=18018"}],"wp:featuredmedia":[{"embeddable":true,"href":"https:\/\/swissgo.tech\/pt-pt\/wp-json\/wp\/v2\/media\/9973"}],"wp:attachment":[{"href":"https:\/\/swissgo.tech\/pt-pt\/wp-json\/wp\/v2\/media?parent=18018"}],"wp:term":[{"taxonomy":"product_brand","embeddable":true,"href":"https:\/\/swissgo.tech\/pt-pt\/wp-json\/wp\/v2\/product_brand?post=18018"},{"taxonomy":"product_cat","embeddable":true,"href":"https:\/\/swissgo.tech\/pt-pt\/wp-json\/wp\/v2\/product_cat?post=18018"},{"taxonomy":"product_tag","embeddable":true,"href":"https:\/\/swissgo.tech\/pt-pt\/wp-json\/wp\/v2\/product_tag?post=18018"}],"curies":[{"name":"wp","href":"https:\/\/api.w.org\/{rel}","templated":true}]}}