{"id":18031,"date":"2026-02-05T04:02:59","date_gmt":"2026-02-05T03:02:59","guid":{"rendered":"https:\/\/swissgo.tech\/p\/swisspro-advance-rf-10-mini-selfie-vara-extensivel\/"},"modified":"2025-12-11T09:29:58","modified_gmt":"2025-12-11T08:29:58","slug":"swisspro-advance-rf-10-extensivel-stick-mini-selfie","status":"publish","type":"product","link":"https:\/\/swissgo.tech\/pt-pt\/p\/swisspro-advance-rf-10-extensivel-stick-mini-selfie\/","title":{"rendered":"swiss+go ADVANCE RF-10 Mini Selfie Stick Extens\u00edvel"},"content":{"rendered":"<h3 id=\"flix-inpage\" style=\"text-align: center;\"><span style=\"color: #ed1c24;\">swiss+go ADVANCE RF-10 Mini Selfie Stick Extens\u00edvel<\/span><\/h3>\n<p>&nbsp;<\/p>\n<ul>\n<li>Tubo telesc\u00f3pico de a\u00e7o inoxid\u00e1vel s\u00f3lido e resistente.<\/li>\n<li>Cabo em pl\u00e1stico ABS de alta qualidade, texturizado, confort\u00e1vel e antiderrapante.<\/li>\n<li>O seu smartphone estar\u00e1 seguro de forma segura.<\/li>\n<li>Tamanho estendido: 64 cm<\/li>\n<li>Tamanho coletado: 11.6 cm<\/li>\n<\/ul>\n<div><\/div>\n<div><\/div>\n","protected":false},"excerpt":{"rendered":"<p>Tubo telesc\u00f3pico de a\u00e7o inoxid\u00e1vel s\u00f3lido e resistente.<\/p>\n","protected":false},"featured_media":25569,"comment_status":"open","ping_status":"closed","template":"","meta":{"_acf_changed":false,"_switchboard_short_link_id":0,"_switchboard_short_link_code":""},"product_brand":[],"product_cat":[1322,1468],"product_tag":[3750,3745,3746],"class_list":{"0":"post-18031","1":"product","2":"type-product","3":"status-publish","4":"has-post-thumbnail","6":"product_cat-fotografia","7":"product_cat-tripes-monopodes","8":"product_tag-menos-de-30e-pt-pt","9":"product_tag-menos-de-40e-pt-pt","10":"product_tag-menos-de-60e-pt-pt","12":"first","13":"instock","14":"taxable","15":"shipping-taxable","16":"purchasable","17":"product-type-simple"},"acf":[],"apcode":"SWI403133","_links":{"self":[{"href":"https:\/\/swissgo.tech\/pt-pt\/wp-json\/wp\/v2\/product\/18031","targetHints":{"allow":["GET"]}}],"collection":[{"href":"https:\/\/swissgo.tech\/pt-pt\/wp-json\/wp\/v2\/product"}],"about":[{"href":"https:\/\/swissgo.tech\/pt-pt\/wp-json\/wp\/v2\/types\/product"}],"replies":[{"embeddable":true,"href":"https:\/\/swissgo.tech\/pt-pt\/wp-json\/wp\/v2\/comments?post=18031"}],"wp:featuredmedia":[{"embeddable":true,"href":"https:\/\/swissgo.tech\/pt-pt\/wp-json\/wp\/v2\/media\/25569"}],"wp:attachment":[{"href":"https:\/\/swissgo.tech\/pt-pt\/wp-json\/wp\/v2\/media?parent=18031"}],"wp:term":[{"taxonomy":"product_brand","embeddable":true,"href":"https:\/\/swissgo.tech\/pt-pt\/wp-json\/wp\/v2\/product_brand?post=18031"},{"taxonomy":"product_cat","embeddable":true,"href":"https:\/\/swissgo.tech\/pt-pt\/wp-json\/wp\/v2\/product_cat?post=18031"},{"taxonomy":"product_tag","embeddable":true,"href":"https:\/\/swissgo.tech\/pt-pt\/wp-json\/wp\/v2\/product_tag?post=18031"}],"curies":[{"name":"wp","href":"https:\/\/api.w.org\/{rel}","templated":true}]}}