{"id":18042,"date":"2026-02-05T04:02:59","date_gmt":"2026-02-05T03:02:59","guid":{"rendered":"https:\/\/swissgo.tech\/p\/bomba-de-ar-com-manometro-para-encher-pneus-de-bicicletas-ou-scooters\/"},"modified":"2025-11-17T11:32:51","modified_gmt":"2025-11-17T10:32:51","slug":"ar-bomba-com-manometro-insuflacao-bicicleta-ou-rodas-scooter","status":"publish","type":"product","link":"https:\/\/swissgo.tech\/pt-pt\/p\/ar-bomba-com-manometro-insuflacao-bicicleta-ou-rodas-scooter\/","title":{"rendered":"Bomba de ar com man\u00f3metro para encher pneus de bicicletas..."},"content":{"rendered":"<h3 id=\"flix-inpage\" style=\"text-align: center;\"><span style=\"color: #dd2400;\">Acess\u00f3rio de Mobilidade Urbana \u2013 Bomba de ar com man\u00f3metro para encher pneus de bicicletas ou scooters<\/span><\/h3>\n<p>&nbsp;<\/p>\n<p>Ideal para bicicletas, scooters el\u00e9tricas, bicicletas el\u00e9tricas, etc.<\/p>\n<p>Inclui uma mini bomba com man\u00f3metro, uma mangueira flex\u00edvel com um adaptador de bico, um suporte de montagem com parafusos de fixa\u00e7\u00e3o.<\/p>\n<p>&nbsp;<\/p>\n","protected":false},"excerpt":{"rendered":"<p>Ideal para bicicletas, scooters el\u00e9tricas, bicicletas el\u00e9tricas, etc.<\/p>\n","protected":false},"featured_media":9930,"comment_status":"open","ping_status":"closed","template":"","meta":{"_acf_changed":false,"_switchboard_short_link_id":0,"_switchboard_short_link_code":""},"product_brand":[],"product_cat":[1304,1311],"product_tag":[3750,3746],"class_list":{"0":"post-18042","1":"product","2":"type-product","3":"status-publish","4":"has-post-thumbnail","6":"product_cat-acessorios-vmp","7":"product_cat-mobilidade-urbana","8":"product_tag-menos-de-30e-pt-pt","9":"product_tag-menos-de-60e-pt-pt","11":"first","12":"outofstock","13":"taxable","14":"shipping-taxable","15":"purchasable","16":"product-type-simple"},"acf":[],"apcode":"SWI600207","_links":{"self":[{"href":"https:\/\/swissgo.tech\/pt-pt\/wp-json\/wp\/v2\/product\/18042","targetHints":{"allow":["GET"]}}],"collection":[{"href":"https:\/\/swissgo.tech\/pt-pt\/wp-json\/wp\/v2\/product"}],"about":[{"href":"https:\/\/swissgo.tech\/pt-pt\/wp-json\/wp\/v2\/types\/product"}],"replies":[{"embeddable":true,"href":"https:\/\/swissgo.tech\/pt-pt\/wp-json\/wp\/v2\/comments?post=18042"}],"wp:featuredmedia":[{"embeddable":true,"href":"https:\/\/swissgo.tech\/pt-pt\/wp-json\/wp\/v2\/media\/9930"}],"wp:attachment":[{"href":"https:\/\/swissgo.tech\/pt-pt\/wp-json\/wp\/v2\/media?parent=18042"}],"wp:term":[{"taxonomy":"product_brand","embeddable":true,"href":"https:\/\/swissgo.tech\/pt-pt\/wp-json\/wp\/v2\/product_brand?post=18042"},{"taxonomy":"product_cat","embeddable":true,"href":"https:\/\/swissgo.tech\/pt-pt\/wp-json\/wp\/v2\/product_cat?post=18042"},{"taxonomy":"product_tag","embeddable":true,"href":"https:\/\/swissgo.tech\/pt-pt\/wp-json\/wp\/v2\/product_tag?post=18042"}],"curies":[{"name":"wp","href":"https:\/\/api.w.org\/{rel}","templated":true}]}}