{"id":18288,"date":"2026-02-05T04:02:49","date_gmt":"2026-02-05T03:02:49","guid":{"rendered":"https:\/\/swissgo.tech\/p\/c-42-usb-carregador-de-viagem-4-saidas\/"},"modified":"2025-11-17T11:32:08","modified_gmt":"2025-11-17T10:32:08","slug":"c-42-usb-carregador-de-viagem-4-saidas","status":"publish","type":"product","link":"https:\/\/swissgo.tech\/pt-pt\/p\/c-42-usb-carregador-de-viagem-4-saidas\/","title":{"rendered":"Carregador de parede de viagem swiss+go C-42 | 4 portas..."},"content":{"rendered":"<h2 style=\"text-align: center;\"><strong>swiss+go C-42 Carregador USB Travel 4-Way | com adaptadores inclu\u00eddos |<\/strong><\/h2>\n<p>O Swiss+go USB C-42 Travel USB Charger \u00e9 um must-have para as suas viagens e ideal para levar consigo em todos os momentos. Possui 4 portas USB de sa\u00edda, com a sua tecnologia avan\u00e7ada, permite carregar 4 dispositivos sem perda de velocidade e mantendo a tens\u00e3o constante minimizando os tempos durante todo o ciclo de carregamento. E com o seu kit de adaptador CA compat\u00edvel com mais de 200 pa\u00edses, pode carregar em praticamente qualquer lugar do mundo.<\/p>\n","protected":false},"excerpt":{"rendered":"<p>C-42 USB Carregador de Viagem 4 Sa\u00eddas<\/p>\n","protected":false},"featured_media":23934,"comment_status":"open","ping_status":"closed","template":"","meta":{"_acf_changed":false,"_switchboard_short_link_id":0,"_switchboard_short_link_code":""},"product_brand":[],"product_cat":[1450,1452],"product_tag":[3750,3745,3746],"class_list":{"0":"post-18288","1":"product","2":"type-product","3":"status-publish","4":"has-post-thumbnail","6":"product_cat-acessorios-para-telemoveis","7":"product_cat-eletronica","8":"product_tag-menos-de-30e-pt-pt","9":"product_tag-menos-de-40e-pt-pt","10":"product_tag-menos-de-60e-pt-pt","12":"first","13":"instock","14":"taxable","15":"shipping-taxable","16":"purchasable","17":"product-type-simple"},"acf":[],"apcode":"SWI503006","_links":{"self":[{"href":"https:\/\/swissgo.tech\/pt-pt\/wp-json\/wp\/v2\/product\/18288","targetHints":{"allow":["GET"]}}],"collection":[{"href":"https:\/\/swissgo.tech\/pt-pt\/wp-json\/wp\/v2\/product"}],"about":[{"href":"https:\/\/swissgo.tech\/pt-pt\/wp-json\/wp\/v2\/types\/product"}],"replies":[{"embeddable":true,"href":"https:\/\/swissgo.tech\/pt-pt\/wp-json\/wp\/v2\/comments?post=18288"}],"wp:featuredmedia":[{"embeddable":true,"href":"https:\/\/swissgo.tech\/pt-pt\/wp-json\/wp\/v2\/media\/23934"}],"wp:attachment":[{"href":"https:\/\/swissgo.tech\/pt-pt\/wp-json\/wp\/v2\/media?parent=18288"}],"wp:term":[{"taxonomy":"product_brand","embeddable":true,"href":"https:\/\/swissgo.tech\/pt-pt\/wp-json\/wp\/v2\/product_brand?post=18288"},{"taxonomy":"product_cat","embeddable":true,"href":"https:\/\/swissgo.tech\/pt-pt\/wp-json\/wp\/v2\/product_cat?post=18288"},{"taxonomy":"product_tag","embeddable":true,"href":"https:\/\/swissgo.tech\/pt-pt\/wp-json\/wp\/v2\/product_tag?post=18288"}],"curies":[{"name":"wp","href":"https:\/\/api.w.org\/{rel}","templated":true}]}}