{"id":18308,"date":"2026-02-05T04:02:17","date_gmt":"2026-02-05T03:02:17","guid":{"rendered":"https:\/\/swissgo.tech\/p\/np-w126s-bateria\/"},"modified":"2025-11-17T11:30:55","modified_gmt":"2025-11-17T10:30:55","slug":"np-w126s-bateria","status":"publish","type":"product","link":"https:\/\/swissgo.tech\/pt-pt\/p\/np-w126s-bateria\/","title":{"rendered":"NP-W126S Bateria"},"content":{"rendered":"<p>NP-W126S bateria recarreg\u00e1vel. Compat\u00edvel com c\u00e2maras Fujifilm X-H1, X-T3, X-T2, X-T100, X-T20, X-E3, X-A5, X-A3, X-A20, X-A10 e X100F.<\/p>\n<p>Especifica\u00e7\u00f5es<\/p>\n<table class=\"shop_attributes\">\n<tbody>\n<tr>\n<th>Bateria<\/th>\n<td>1140 mAh<\/td>\n<\/tr>\n<tr>\n<th>Ampere\/hora<\/th>\n<td>1140 mAh<\/td>\n<\/tr>\n<tr>\n<th>Apoios<\/th>\n<td>Fujifilm X-H1, X-T3, X-T2, X-T100, X-T20, X-E3, X-A5, X-A3, X-A20, X-A10 e X100F.<\/td>\n<\/tr>\n<tr>\n<th>Apoios<\/th>\n<td>Fuji<\/td>\n<\/tr>\n<\/tbody>\n<\/table>\n","protected":false},"excerpt":{"rendered":"<p>Compat\u00edvel com c\u00e2maras Fujifilm.<\/p>\n","protected":false},"featured_media":25518,"comment_status":"open","ping_status":"closed","template":"","meta":{"_acf_changed":false,"_switchboard_short_link_id":0,"_switchboard_short_link_code":""},"product_brand":[],"product_cat":[1470,1322],"product_tag":[],"class_list":{"0":"post-18308","1":"product","2":"type-product","3":"status-publish","4":"has-post-thumbnail","6":"product_cat-baterias-e-carregadores","7":"product_cat-fotografia","8":"pa_compatibilidad-fujifilm-pt-pt","10":"first","11":"instock","12":"taxable","13":"shipping-taxable","14":"purchasable","15":"product-type-simple"},"acf":[],"apcode":"SWI501084","_links":{"self":[{"href":"https:\/\/swissgo.tech\/pt-pt\/wp-json\/wp\/v2\/product\/18308","targetHints":{"allow":["GET"]}}],"collection":[{"href":"https:\/\/swissgo.tech\/pt-pt\/wp-json\/wp\/v2\/product"}],"about":[{"href":"https:\/\/swissgo.tech\/pt-pt\/wp-json\/wp\/v2\/types\/product"}],"replies":[{"embeddable":true,"href":"https:\/\/swissgo.tech\/pt-pt\/wp-json\/wp\/v2\/comments?post=18308"}],"wp:featuredmedia":[{"embeddable":true,"href":"https:\/\/swissgo.tech\/pt-pt\/wp-json\/wp\/v2\/media\/25518"}],"wp:attachment":[{"href":"https:\/\/swissgo.tech\/pt-pt\/wp-json\/wp\/v2\/media?parent=18308"}],"wp:term":[{"taxonomy":"product_brand","embeddable":true,"href":"https:\/\/swissgo.tech\/pt-pt\/wp-json\/wp\/v2\/product_brand?post=18308"},{"taxonomy":"product_cat","embeddable":true,"href":"https:\/\/swissgo.tech\/pt-pt\/wp-json\/wp\/v2\/product_cat?post=18308"},{"taxonomy":"product_tag","embeddable":true,"href":"https:\/\/swissgo.tech\/pt-pt\/wp-json\/wp\/v2\/product_tag?post=18308"}],"curies":[{"name":"wp","href":"https:\/\/api.w.org\/{rel}","templated":true}]}}