{"id":18498,"date":"2026-02-05T04:04:40","date_gmt":"2026-02-05T03:04:40","guid":{"rendered":"https:\/\/swissgo.tech\/p\/estacao-meteorologica-swissgo-mt-100\/"},"modified":"2026-01-01T13:38:13","modified_gmt":"2026-01-01T12:38:13","slug":"estacao-meteorologica-swissgo-mt-100","status":"publish","type":"product","link":"https:\/\/swissgo.tech\/pt-pt\/p\/estacao-meteorologica-swissgo-mt-100\/","title":{"rendered":"Esta\u00e7\u00e3o Meteorol\u00f3gica swiss+go MT-100"},"content":{"rendered":"<h2 style=\"text-align: center;\"><span style=\"color: #dd2400;\">swiss+go MT-100 Esta\u00e7\u00e3o Meteorol\u00f3gica | Temperatura, Humidade, Previs\u00e3o, Despertador, carregamento USB, Adaptador de rede, 21x13cm<\/span><\/h2>\n<p>A esta\u00e7\u00e3o meteorol\u00f3gica MT-100 possui medi\u00e7\u00f5es precisas de temperatura e umidade ao ar livre, alertas visuais de temperatura, indicador de bateria fraca e sinal sem fio robusto. Esta esta\u00e7\u00e3o meteorol\u00f3gica lhe dar\u00e1 controle total do tempo. Al\u00e9m disso, tem um despertador, previs\u00e3o do tempo, exibi\u00e7\u00e3o de tend\u00eancias do bar\u00f4metro e dados interiores. O seu design vers\u00e1til inclui ranhuras para montagem na parede, suporte ajust\u00e1vel, compartimentos das baterias e porta USB, proporcionando conveni\u00eancia e funcionalidade na vanguarda da tecnologia meteorol\u00f3gica.<\/p>\n<p><strong>Principais caracter\u00edsticas da esta\u00e7\u00e3o meteorol\u00f3gica swiss+go MT-100:<\/strong><\/p>\n<ul>\n<li>Medi\u00e7\u00e3o de temperatura e humidade no exterior<\/li>\n<li>Indicador do sensor de bateria fraca<\/li>\n<li>Intensidade do sinal do sensor exterior<\/li>\n<li>\u00cdcone da asa da temperatura exterior<\/li>\n<li>Sinal RCC<\/li>\n<li>\u00cdcone de despertador<\/li>\n<li>Hora<\/li>\n<li>Previs\u00e3o do tempo<\/li>\n<li>Visualiza\u00e7\u00e3o da tend\u00eancia e press\u00e3o do bar\u00f3metro<\/li>\n<li>Temperatura e Humidade Interior<\/li>\n<li>\u00cdcone da asa da temperatura interior<\/li>\n<li>Calend\u00e1rio<\/li>\n<li>Ranhura para montagem na parede<\/li>\n<li>P\u00e9 (apoio)<\/li>\n<li>Compartimento das pilhas 3xAAA (pilhas n\u00e3o inclu\u00eddas)<\/li>\n<li>Porta USB<\/li>\n<li>Tomada externa<\/li>\n<li>Indicador de sinal sem fio (pisca quando os dados s\u00e3o enviados para a unidade de exibi\u00e7\u00e3o)<\/li>\n<li>Furo de montagem na parede do sensor exterior<\/li>\n<li>Seletor de canal do sensor externo<\/li>\n<li>Compartimento 2x pilhas AAA (pilhas n\u00e3o inclu\u00eddas) do sensor<\/li>\n<\/ul>\n","protected":false},"excerpt":{"rendered":"<p>Obtenha medi\u00e7\u00f5es precisas de temperatura e humidade no exterior, alertas visuais para altera\u00e7\u00f5es meteorol\u00f3gicas, indicador de bateria fraca e sinal sem fios robusto. Voc\u00ea ser\u00e1 capaz de medir a temperatura, umidade e obter a previs\u00e3o geral do tempo como nunca antes, basta colocar o sensor em uma \u00e1rea externa e nossa esta\u00e7\u00e3o meteorol\u00f3gica MT-100 ir\u00e1 fornecer-lhe as previs\u00f5es precisas que voc\u00ea precisa.<\/p>\n","protected":false},"featured_media":18464,"comment_status":"open","ping_status":"closed","template":"","meta":{"_acf_changed":false,"_switchboard_short_link_id":0,"_switchboard_short_link_code":""},"product_brand":[],"product_cat":[2316,1452],"product_tag":[3745,3746],"class_list":{"0":"post-18498","1":"product","2":"type-product","3":"status-publish","4":"has-post-thumbnail","6":"product_cat-estacoes-meteorologicas","7":"product_cat-eletronica","8":"product_tag-menos-de-40e-pt-pt","9":"product_tag-menos-de-60e-pt-pt","11":"first","12":"instock","13":"taxable","14":"shipping-taxable","15":"purchasable","16":"product-type-simple"},"acf":[],"apcode":"SWI600502","_links":{"self":[{"href":"https:\/\/swissgo.tech\/pt-pt\/wp-json\/wp\/v2\/product\/18498","targetHints":{"allow":["GET"]}}],"collection":[{"href":"https:\/\/swissgo.tech\/pt-pt\/wp-json\/wp\/v2\/product"}],"about":[{"href":"https:\/\/swissgo.tech\/pt-pt\/wp-json\/wp\/v2\/types\/product"}],"replies":[{"embeddable":true,"href":"https:\/\/swissgo.tech\/pt-pt\/wp-json\/wp\/v2\/comments?post=18498"}],"wp:featuredmedia":[{"embeddable":true,"href":"https:\/\/swissgo.tech\/pt-pt\/wp-json\/wp\/v2\/media\/18464"}],"wp:attachment":[{"href":"https:\/\/swissgo.tech\/pt-pt\/wp-json\/wp\/v2\/media?parent=18498"}],"wp:term":[{"taxonomy":"product_brand","embeddable":true,"href":"https:\/\/swissgo.tech\/pt-pt\/wp-json\/wp\/v2\/product_brand?post=18498"},{"taxonomy":"product_cat","embeddable":true,"href":"https:\/\/swissgo.tech\/pt-pt\/wp-json\/wp\/v2\/product_cat?post=18498"},{"taxonomy":"product_tag","embeddable":true,"href":"https:\/\/swissgo.tech\/pt-pt\/wp-json\/wp\/v2\/product_tag?post=18498"}],"curies":[{"name":"wp","href":"https:\/\/api.w.org\/{rel}","templated":true}]}}