{"id":18597,"date":"2026-02-05T04:02:37","date_gmt":"2026-02-05T03:02:37","guid":{"rendered":"https:\/\/swissgo.tech\/p\/bateria-li-ion-3-7v-900mah\/"},"modified":"2025-11-17T11:31:47","modified_gmt":"2025-11-17T10:31:47","slug":"bateria-li-ion-3-7v-900mah","status":"publish","type":"product","link":"https:\/\/swissgo.tech\/pt-pt\/p\/bateria-li-ion-3-7v-900mah\/","title":{"rendered":"Bateria Li-ion 3.7v 900mAh"},"content":{"rendered":"<p>Obtenha uma bateria de substitui\u00e7\u00e3o para a sua c\u00e2mara HIPPO, PRIX, SG-2.0W, <a href=\"https:\/\/www.swiss-pro.com\/producto\/camara-de-aventura-sg-1-8w\/\" target=\"_blank\" rel=\"noopener noreferrer\">SG-1.8W<\/a> e<a href=\"https:\/\/www.swiss-pro.com\/producto\/camara-de-aventura-sg-1-0\/\" target=\"_blank\" rel=\"noopener noreferrer\"> SG-1.0<\/a><\/p>\n<p>Temos todos os acess\u00f3rios necess\u00e1rios no mundo das grava\u00e7\u00f5es extremas para que a sua <a href=\"https:\/\/www.swiss-pro.com\/productos\/productos\/video\/camaras-aventura\/\" target=\"_blank\" rel=\"noopener noreferrer\">c\u00e2mara<\/a> o acompanhe em cada uma das suas aventuras.<br \/>\nGra\u00e7as \u00e0 nossa gama completa de acess\u00f3rios, voc\u00ea pode ser o protagonista de um filme de a\u00e7\u00e3o real sem cortes ou a necessidade de efeitos especiais.<\/p>\n","protected":false},"excerpt":{"rendered":"<p>Bateria Li-ion 3.7v 900mAh<\/p>\n","protected":false},"featured_media":23898,"comment_status":"open","ping_status":"closed","template":"","meta":{"_acf_changed":false,"_switchboard_short_link_id":0,"_switchboard_short_link_code":""},"product_brand":[],"product_cat":[1470,1322],"product_tag":[3746],"class_list":{"0":"post-18597","1":"product","2":"type-product","3":"status-publish","4":"has-post-thumbnail","6":"product_cat-baterias-e-carregadores","7":"product_cat-fotografia","8":"product_tag-menos-de-60e-pt-pt","9":"pa_compatibilidad-hipopotamo","10":"pa_compatibilidad-premio","11":"pa_compatibilidad-sg-10","12":"pa_compatibilidad-sg-18w","13":"pa_compatibilidad-sg-20w","14":"pa_tipologia-bateria-pt-pt","16":"first","17":"instock","18":"taxable","19":"shipping-taxable","20":"purchasable","21":"product-type-simple"},"acf":[],"apcode":"SWI402001","_links":{"self":[{"href":"https:\/\/swissgo.tech\/pt-pt\/wp-json\/wp\/v2\/product\/18597","targetHints":{"allow":["GET"]}}],"collection":[{"href":"https:\/\/swissgo.tech\/pt-pt\/wp-json\/wp\/v2\/product"}],"about":[{"href":"https:\/\/swissgo.tech\/pt-pt\/wp-json\/wp\/v2\/types\/product"}],"replies":[{"embeddable":true,"href":"https:\/\/swissgo.tech\/pt-pt\/wp-json\/wp\/v2\/comments?post=18597"}],"wp:featuredmedia":[{"embeddable":true,"href":"https:\/\/swissgo.tech\/pt-pt\/wp-json\/wp\/v2\/media\/23898"}],"wp:attachment":[{"href":"https:\/\/swissgo.tech\/pt-pt\/wp-json\/wp\/v2\/media?parent=18597"}],"wp:term":[{"taxonomy":"product_brand","embeddable":true,"href":"https:\/\/swissgo.tech\/pt-pt\/wp-json\/wp\/v2\/product_brand?post=18597"},{"taxonomy":"product_cat","embeddable":true,"href":"https:\/\/swissgo.tech\/pt-pt\/wp-json\/wp\/v2\/product_cat?post=18597"},{"taxonomy":"product_tag","embeddable":true,"href":"https:\/\/swissgo.tech\/pt-pt\/wp-json\/wp\/v2\/product_tag?post=18597"}],"curies":[{"name":"wp","href":"https:\/\/api.w.org\/{rel}","templated":true}]}}