{"id":19223,"date":"2026-02-05T04:04:40","date_gmt":"2026-02-05T03:04:40","guid":{"rendered":"https:\/\/swissgo.tech\/p\/altifalante-bluetooth-portatil-clio-bt-006-da-swissgo\/"},"modified":"2025-11-17T11:35:03","modified_gmt":"2025-11-17T10:35:03","slug":"altifalante-bluetooth-portatil-clio-bt-006-da-swissgo","status":"publish","type":"product","link":"https:\/\/swissgo.tech\/pt-pt\/p\/altifalante-bluetooth-portatil-clio-bt-006-da-swissgo\/","title":{"rendered":"swiss+go Clio BT-006 alto-falante Bluetooth port\u00e1til"},"content":{"rendered":"<h2 style=\"text-align: center;\"><span style=\"color: #dd2400;\">swiss+go Clio BT-006 Altifalante Bluetooth port\u00e1til | 5Wx2, USB-C, MicroSD, BT V5.3, Morcego. 1500 mAh, FM, 18,9&#215;8,7&#215;8,7 cm<\/span><\/h2>\n<p>Experimente a liberdade de m\u00fasica em qualquer lugar com o altifalante Bluetooth port\u00e1til Clio BT-006 swiss+go. Concebido para satisfazer as necessidades dos amantes de m\u00fasica em movimento, o Clio BT-006 combina funcionalidade e estilo para proporcionar uma experi\u00eancia de audi\u00e7\u00e3o excecional.<\/p>\n<p><strong>Funcionalidades intuitivas:<\/strong> O Clio BT-006 adapta-se \u00e0s suas prefer\u00eancias com uma interface de entrada de \u00e1udio est\u00e9reo (Aux), uma bateria recarreg\u00e1vel incorporada e reprodu\u00e7\u00e3o de m\u00fasica que come\u00e7a no modo Bluetooth por defeito. Al\u00e9m disso, o altifalante detecta automaticamente dispositivos externos como AUX-IN, TF e USB e reproduz-os instantaneamente. Alterar o modo de reprodu\u00e7\u00e3o \u00e9 f\u00e1cil com o bot\u00e3o (M).<\/p>\n<p><strong>Controlos na ponta dos dedos:<\/strong> os bot\u00f5es do Clio simplificam a sua experi\u00eancia. Desde ligar e desligar at\u00e9 mudar de faixa e ajustar o volume, todas as fun\u00e7\u00f5es foram concebidas para lhe dar controlo total. O bot\u00e3o [M] permite-lhe alternar entre fun\u00e7\u00f5es como Bluetooth, FM, USB, entrada auxiliar e cart\u00e3o TF, enquanto o bot\u00e3o [LIGHT] permite-lhe personalizar a ilumina\u00e7\u00e3o de acordo com o seu estado de esp\u00edrito.<\/p>\n<p><strong>Liga\u00e7\u00e3o simples Bluetooth:<\/strong> Se n\u00e3o estiverem ligados dispositivos USB, AUX-IN ou TF, o Clio BT-006 ativa automaticamente o modo Bluetooth quando \u00e9 ligado. Uma luz azul intermitente indica que est\u00e1 pronto a ser ligado. Basta ativar a fun\u00e7\u00e3o Bluetooth nos seus dispositivos, procurar por &#8220;CLIO BT-006&#8221; e desfrutar de uma liga\u00e7\u00e3o r\u00e1pida e sem problemas.<\/p>\n<p><strong>Bot\u00f5es intuitivos do alto-falante Bluetooth port\u00e1til swiss+go Clio BT-006:<\/strong><\/p>\n<ul>\n<li>Bot\u00e3o ON\/OFF: Liga ou desliga com um simples toque. Tamb\u00e9m controla a reprodu\u00e7\u00e3o de m\u00fasica com um \u00fanico clique.<\/li>\n<li>[-]: Retroceder para a m\u00fasica anterior ou ajustar o volume premindo e mantendo premido.<\/li>\n<li>[+]: Avan\u00e7ar para a m\u00fasica seguinte ou aumentar o volume premindo e mantendo premido.<\/li>\n<li>[M]: Alterna entre fun\u00e7\u00f5es como Bluetooth, FM, USB, entrada auxiliar e cart\u00e3o TF.<\/li>\n<li>[LIGHT]: Controle a ilumina\u00e7\u00e3o, ligue ou desligue as luzes ou altere os modos e cores.<\/li>\n<li>[Type-C]: Entrada de carga Type-C.<\/li>\n<li>[AUX-IN]: Liga\u00e7\u00e3o de entrada auxiliar.<\/li>\n<li>[TF]: Slot para cart\u00e3o TF para reproduzir m\u00fasica MP3.<\/li>\n<li>[USB]: Entrada USB para reproduzir m\u00fasica MP3.<\/li>\n<\/ul>\n","protected":false},"excerpt":{"rendered":"<p>Descubra o altifalante port\u00e1til Clio BT-006, o seu companheiro de m\u00fasica a qualquer hora e em qualquer lugar. Com controlos intuitivos e conetividade r\u00e1pida e f\u00e1cil, o Clio BT-006 foi concebido para que seja f\u00e1cil levar a sua experi\u00eancia auditiva consigo para onde quer que v\u00e1.<\/p>\n<p>Com o altifalante Bluetooth port\u00e1til swiss+go Clio BT-006 ir\u00e1 desfrutar:<\/p>\n<ul>\n<li>Fun\u00e7\u00f5es intuitivas:<\/li>\n<li>Controlos na ponta dos dedos<\/li>\n<li>Liga\u00e7\u00e3o Bluetooth simples<\/li>\n<\/ul>\n","protected":false},"featured_media":18990,"comment_status":"open","ping_status":"closed","template":"","meta":{"_acf_changed":false,"_switchboard_short_link_id":0,"_switchboard_short_link_code":""},"product_brand":[],"product_cat":[1318,1297],"product_tag":[],"class_list":{"0":"post-19223","1":"product","2":"type-product","3":"status-publish","4":"has-post-thumbnail","6":"product_cat-speakers","7":"product_cat-audio-en","9":"first","10":"instock","11":"taxable","12":"shipping-taxable","13":"purchasable","14":"product-type-simple"},"acf":[],"apcode":"SWI303271","_links":{"self":[{"href":"https:\/\/swissgo.tech\/pt-pt\/wp-json\/wp\/v2\/product\/19223","targetHints":{"allow":["GET"]}}],"collection":[{"href":"https:\/\/swissgo.tech\/pt-pt\/wp-json\/wp\/v2\/product"}],"about":[{"href":"https:\/\/swissgo.tech\/pt-pt\/wp-json\/wp\/v2\/types\/product"}],"replies":[{"embeddable":true,"href":"https:\/\/swissgo.tech\/pt-pt\/wp-json\/wp\/v2\/comments?post=19223"}],"wp:featuredmedia":[{"embeddable":true,"href":"https:\/\/swissgo.tech\/pt-pt\/wp-json\/wp\/v2\/media\/18990"}],"wp:attachment":[{"href":"https:\/\/swissgo.tech\/pt-pt\/wp-json\/wp\/v2\/media?parent=19223"}],"wp:term":[{"taxonomy":"product_brand","embeddable":true,"href":"https:\/\/swissgo.tech\/pt-pt\/wp-json\/wp\/v2\/product_brand?post=19223"},{"taxonomy":"product_cat","embeddable":true,"href":"https:\/\/swissgo.tech\/pt-pt\/wp-json\/wp\/v2\/product_cat?post=19223"},{"taxonomy":"product_tag","embeddable":true,"href":"https:\/\/swissgo.tech\/pt-pt\/wp-json\/wp\/v2\/product_tag?post=19223"}],"curies":[{"name":"wp","href":"https:\/\/api.w.org\/{rel}","templated":true}]}}