{"id":19232,"date":"2026-02-05T04:04:40","date_gmt":"2026-02-05T03:04:40","guid":{"rendered":"https:\/\/swissgo.tech\/p\/coluna-de-karaoke-bluetooth-portatil-swissgo-magic-party-com-2-microfones\/"},"modified":"2026-02-03T14:59:53","modified_gmt":"2026-02-03T13:59:53","slug":"coluna-de-karaoke-bluetooth-portatil-swissgo-magic-party-com-2-microfones","status":"publish","type":"product","link":"https:\/\/swissgo.tech\/pt-pt\/p\/coluna-de-karaoke-bluetooth-portatil-swissgo-magic-party-com-2-microfones\/","title":{"rendered":"Swiss+go Magic Party Coluna Port\u00e1til de Karaoke Bluetooth com 2..."},"content":{"rendered":"<h2 style=\"text-align: center;\"><strong><span style=\"color: #dd2400;\">swiss+go Magic Party Port\u00e1til Coluna de Karaoke Bluetooth com 2 Microfones | 5W, Led, mede 94x94x80 mm<\/span><\/strong><\/h2>\n<p>Descubra a magia da m\u00fasica e da divers\u00e3o com o conjunto de colunas swiss+go Magic Party Karaoke. Torne cada ocasi\u00e3o inesquec\u00edvel com a liberdade de cantar e dan\u00e7ar onde quiser!<\/p>\n<p>Altifalante com 2 microfones de karaoke, liga\u00e7\u00e3o Bluetooth, acompanhamento sem fios totalmente compat\u00edvel com os aparelhos convencionais actuais. Anti-ru\u00eddo inteligente: Canto de imers\u00e3o sem ru\u00eddo num raio de 10 cm. Elevada sensibilidade sonora: recolha de som a 360\u00b0 de 5 a 10 cm com boa qualidade de som. Todas as fun\u00e7\u00f5es: 5 efeitos sonoros, alterar o som com o toque de um bot\u00e3o. Ajuste flex\u00edvel do som: volume do microfone.<\/p>\n<p><strong>Especifica\u00e7\u00f5es T\u00e9cnicas: Altifalante port\u00e1til de karaoke Bluetooth su\u00ed\u00e7o+go Magic Party com 2 microfones:<\/strong><\/p>\n<ul>\n<li>Bluetooth: V5.3<\/li>\n<li>Tamanho do altifalante: 94x84x80 mm<\/li>\n<li>Tamanho do microfone: 138 x \u00f841 mm<\/li>\n<li>Pot\u00eancia: 5W<\/li>\n<li>Tens\u00e3o de funcionamento: 3,3 V-4,2 V<\/li>\n<li>Adaptador de alimenta\u00e7\u00e3o: DC5V\u22641A<\/li>\n<li>Tempo de carregamento: 3,5-4 h (altifalante) \/ 2,5 h (microfone)<\/li>\n<li>Tempo de utiliza\u00e7\u00e3o: 8 h a 100% do volume (altifalante) \/ 2 h (microfone)<\/li>\n<li>Bateria: 500 mAh (altifalante) \/ 1200 mAh (microfone)<\/li>\n<\/ul>\n<p>&nbsp;<\/p>\n<p>&nbsp;<\/p>\n<p><iframe loading=\"lazy\" title=\"Leitor de v\u00eddeo do YouTube\" src=\"https:\/\/www.youtube.com\/embed\/73gJvro_M8k?si=qyIH3W21mchDqJIc\" referrerpolicy=\"strict-origin-when-cross-origin\" width=\"560\" height=\"315\" frameborder=\"0\" allowfullscreen=\"allowfullscreen\"><\/iframe><\/p>\n","protected":false},"excerpt":{"rendered":"<p>Descubra a coluna port\u00e1til de karaoke Bluetooth swiss+go Magic Party! Experimente a liberdade de levar a m\u00fasica e o canto para qualquer lugar. O Magic Party inclui dois microfones de karaoke e foi concebido para levar a divers\u00e3o consigo e elev\u00e1-la a um n\u00edvel totalmente novo.<\/p>\n<p><strong>Caracter\u00edsticas not\u00e1veis:<\/strong><\/p>\n<ul>\n<li><strong>Liga\u00e7\u00e3o sem fios Bluetooth:<\/strong> Ligue facilmente os seus dispositivos atrav\u00e9s de Bluetooth V5.3 e desfrute da comodidade da reprodu\u00e7\u00e3o de m\u00fasica sem fios. O Magic Party Karaoke \u00e9 totalmente compat\u00edvel com os seus dispositivos convencionais actuais.<\/li>\n<li><strong>Acompanhamento sem fios:<\/strong> Liberte-se das restri\u00e7\u00f5es com o acompanhamento sem fios oferecido por este conjunto. Desfrute da liberdade de movimentos enquanto ouve as suas m\u00fasicas favoritas.<\/li>\n<li><strong>Anti-ru\u00eddo inteligente:<\/strong> Mergulhe na m\u00fasica sem se preocupar com interfer\u00eancias. O nosso sistema anti-ru\u00eddo inteligente garante uma experi\u00eancia imersiva e sem ru\u00eddo num raio de 10 cm do microfone.<\/li>\n<li><strong>Elevada sensibilidade sonora:<\/strong> Experimente uma capta\u00e7\u00e3o de som de 360\u00b0 de 5 a 10 cm com uma qualidade de som excecional. A elevada sensibilidade garante que a sua voz \u00e9 captada de forma clara e precisa.<\/li>\n<li><strong>Baixa lat\u00eancia:<\/strong> Desfrute de uma experi\u00eancia sem atrasos com uma baixa lat\u00eancia de apenas 40 ms. A sincroniza\u00e7\u00e3o perfeita entre \u00e1udio e v\u00eddeo tornar\u00e1 a sua experi\u00eancia de karaoke ainda mais agrad\u00e1vel.<\/li>\n<li><strong>Caracter\u00edsticas vers\u00e1teis:<\/strong> Personalize a sua experi\u00eancia com 5 efeitos sonoros e mude o som com um \u00fanico bot\u00e3o. Ajuste facilmente o volume do microfone de acordo com as suas prefer\u00eancias.<\/li>\n<\/ul>\n","protected":false},"featured_media":25741,"comment_status":"open","ping_status":"closed","template":"","meta":{"_acf_changed":false,"_switchboard_short_link_id":0,"_switchboard_short_link_code":""},"product_brand":[],"product_cat":[1360,1301],"product_tag":[],"class_list":{"0":"post-19232","1":"product","2":"type-product","3":"status-publish","4":"has-post-thumbnail","6":"product_cat-altifalantes","7":"product_cat-audio-pt-pt","9":"first","10":"instock","11":"taxable","12":"shipping-taxable","13":"purchasable","14":"product-type-simple"},"acf":[],"apcode":"SWI303270","_links":{"self":[{"href":"https:\/\/swissgo.tech\/pt-pt\/wp-json\/wp\/v2\/product\/19232","targetHints":{"allow":["GET"]}}],"collection":[{"href":"https:\/\/swissgo.tech\/pt-pt\/wp-json\/wp\/v2\/product"}],"about":[{"href":"https:\/\/swissgo.tech\/pt-pt\/wp-json\/wp\/v2\/types\/product"}],"replies":[{"embeddable":true,"href":"https:\/\/swissgo.tech\/pt-pt\/wp-json\/wp\/v2\/comments?post=19232"}],"wp:featuredmedia":[{"embeddable":true,"href":"https:\/\/swissgo.tech\/pt-pt\/wp-json\/wp\/v2\/media\/25741"}],"wp:attachment":[{"href":"https:\/\/swissgo.tech\/pt-pt\/wp-json\/wp\/v2\/media?parent=19232"}],"wp:term":[{"taxonomy":"product_brand","embeddable":true,"href":"https:\/\/swissgo.tech\/pt-pt\/wp-json\/wp\/v2\/product_brand?post=19232"},{"taxonomy":"product_cat","embeddable":true,"href":"https:\/\/swissgo.tech\/pt-pt\/wp-json\/wp\/v2\/product_cat?post=19232"},{"taxonomy":"product_tag","embeddable":true,"href":"https:\/\/swissgo.tech\/pt-pt\/wp-json\/wp\/v2\/product_tag?post=19232"}],"curies":[{"name":"wp","href":"https:\/\/api.w.org\/{rel}","templated":true}]}}