{"id":19381,"date":"2026-02-05T04:04:28","date_gmt":"2026-02-05T03:04:28","guid":{"rendered":"https:\/\/swissgo.tech\/p\/swisspro-400-27-camera-descartavel-com-flash-27-exposicoes-novo-modelo\/"},"modified":"2026-01-01T13:36:43","modified_gmt":"2026-01-01T12:36:43","slug":"swisspro-400-27-camera-descartavel-com-flash-27-exposicoes-novo-modelo","status":"publish","type":"product","link":"https:\/\/swissgo.tech\/pt-pt\/p\/swisspro-400-27-camera-descartavel-com-flash-27-exposicoes-novo-modelo\/","title":{"rendered":"swiss+pro 400-27 c\u00e2mera descart\u00e1vel com flash (27 exposi\u00e7\u00f5es) Novo modelo"},"content":{"rendered":"<h2 style=\"text-align: center;\"><span style=\"color: #dd2400;\">swiss+pro 400-27 C\u00e2mera descart\u00e1vel com Flash Novo Modelo | N\u00e3o reciclado | 27 fotografias<\/span><\/h2>\n<p>Pronta para fotografar com o premir de um bot\u00e3o, esta c\u00e2mara flash descart\u00e1vel ou descart\u00e1vel da swiss+pro est\u00e1 pr\u00e9-carregada com um rolo de 27 exposi\u00e7\u00f5es de filme de velocidade ISO 400 altamente vers\u00e1til, tornando-a ideal para festas, eventos, casamentos e muito mais. A c\u00e2mera tem uma lente grande angular com um alcance de foco fixo e velocidade do obturador fixa para simplicidade, e inclui um visor de janela clara para alinhar suas fotos. Para condi\u00e7\u00f5es internas e de pouca luz, a c\u00e2mera tamb\u00e9m inclui um flash de um toque, que recarrega automaticamente ap\u00f3s o uso.<\/p>\n<p>Esta c\u00e2mara ajuda a proteger o ambiente e cont\u00e9m componentes reciclados.<\/p>\n","protected":false},"excerpt":{"rendered":"<p>swiss+pro 400-27 C\u00e2mara descart\u00e1vel ou descart\u00e1vel com flash<\/p>\n<p>&nbsp;<\/p>\n<ul>\n<li>C\u00e2mara descart\u00e1vel\/descart\u00e1vel<\/li>\n<li>Pr\u00e9-carregado com filme de 400 cores<\/li>\n<li>27 exposi\u00e7\u00f5es<\/li>\n<li>Lente de foco fixo<\/li>\n<li>Flash embutido<\/li>\n<li>Visor \u00f3tico<\/li>\n<li>N\u00e3o reciclado<\/li>\n<\/ul>\n","protected":false},"featured_media":11069,"comment_status":"open","ping_status":"closed","template":"","meta":{"_acf_changed":false,"_switchboard_short_link_id":0,"_switchboard_short_link_code":""},"product_brand":[3851],"product_cat":[3872,1322],"product_tag":[3750,3745,3746,3901],"class_list":{"0":"post-19381","1":"product","2":"type-product","3":"status-publish","4":"has-post-thumbnail","6":"product_brand-swissgo","7":"product_cat-camaras-analogicas-pt-pt","8":"product_cat-fotografia","9":"product_tag-menos-de-30e-pt-pt","10":"product_tag-menos-de-40e-pt-pt","11":"product_tag-menos-de-60e-pt-pt","12":"product_tag-s","14":"first","15":"instock","16":"sale","17":"taxable","18":"shipping-taxable","19":"purchasable","20":"product-type-simple"},"acf":[],"apcode":"SWI401505","_links":{"self":[{"href":"https:\/\/swissgo.tech\/pt-pt\/wp-json\/wp\/v2\/product\/19381","targetHints":{"allow":["GET"]}}],"collection":[{"href":"https:\/\/swissgo.tech\/pt-pt\/wp-json\/wp\/v2\/product"}],"about":[{"href":"https:\/\/swissgo.tech\/pt-pt\/wp-json\/wp\/v2\/types\/product"}],"replies":[{"embeddable":true,"href":"https:\/\/swissgo.tech\/pt-pt\/wp-json\/wp\/v2\/comments?post=19381"}],"wp:featuredmedia":[{"embeddable":true,"href":"https:\/\/swissgo.tech\/pt-pt\/wp-json\/wp\/v2\/media\/11069"}],"wp:attachment":[{"href":"https:\/\/swissgo.tech\/pt-pt\/wp-json\/wp\/v2\/media?parent=19381"}],"wp:term":[{"taxonomy":"product_brand","embeddable":true,"href":"https:\/\/swissgo.tech\/pt-pt\/wp-json\/wp\/v2\/product_brand?post=19381"},{"taxonomy":"product_cat","embeddable":true,"href":"https:\/\/swissgo.tech\/pt-pt\/wp-json\/wp\/v2\/product_cat?post=19381"},{"taxonomy":"product_tag","embeddable":true,"href":"https:\/\/swissgo.tech\/pt-pt\/wp-json\/wp\/v2\/product_tag?post=19381"}],"curies":[{"name":"wp","href":"https:\/\/api.w.org\/{rel}","templated":true}]}}