{"id":19383,"date":"2026-02-05T04:04:28","date_gmt":"2026-02-05T03:04:28","guid":{"rendered":"https:\/\/swissgo.tech\/p\/carregador-de-viagem-universal-c-734u-2\/"},"modified":"2025-11-17T11:34:07","modified_gmt":"2025-11-17T10:34:07","slug":"carregador-de-viagem-universal-c-734u-2","status":"publish","type":"product","link":"https:\/\/swissgo.tech\/pt-pt\/p\/carregador-de-viagem-universal-c-734u-2\/","title":{"rendered":"Carregador de viagem universal C-734U"},"content":{"rendered":"<p>Carregador de viagem universal com o qual pode carregar confortavelmente e com seguran\u00e7a as baterias da sua fotografia, v\u00eddeo e smartphone.<br \/>\n\u00c9 compat\u00edvel com baterias de l\u00edtio, NiMh e NiCd e, como novidade, al\u00e9m do cabo de alimenta\u00e7\u00e3o padr\u00e3o, inclui um adaptador de conex\u00e3o para o carro.<\/p>\n","protected":false},"excerpt":{"rendered":"<p>Carregador de viagem universal C-734U<\/p>\n","protected":false},"featured_media":24074,"comment_status":"open","ping_status":"closed","template":"","meta":{"_acf_changed":false,"_switchboard_short_link_id":0,"_switchboard_short_link_code":""},"product_brand":[],"product_cat":[1470,1322],"product_tag":[3746],"class_list":{"0":"post-19383","1":"product","2":"type-product","3":"status-publish","4":"has-post-thumbnail","6":"product_cat-baterias-e-carregadores","7":"product_cat-fotografia","8":"product_tag-menos-de-60e-pt-pt","10":"first","11":"instock","12":"taxable","13":"shipping-taxable","14":"purchasable","15":"product-type-simple"},"acf":[],"apcode":"SWI503000","_links":{"self":[{"href":"https:\/\/swissgo.tech\/pt-pt\/wp-json\/wp\/v2\/product\/19383","targetHints":{"allow":["GET"]}}],"collection":[{"href":"https:\/\/swissgo.tech\/pt-pt\/wp-json\/wp\/v2\/product"}],"about":[{"href":"https:\/\/swissgo.tech\/pt-pt\/wp-json\/wp\/v2\/types\/product"}],"replies":[{"embeddable":true,"href":"https:\/\/swissgo.tech\/pt-pt\/wp-json\/wp\/v2\/comments?post=19383"}],"wp:featuredmedia":[{"embeddable":true,"href":"https:\/\/swissgo.tech\/pt-pt\/wp-json\/wp\/v2\/media\/24074"}],"wp:attachment":[{"href":"https:\/\/swissgo.tech\/pt-pt\/wp-json\/wp\/v2\/media?parent=19383"}],"wp:term":[{"taxonomy":"product_brand","embeddable":true,"href":"https:\/\/swissgo.tech\/pt-pt\/wp-json\/wp\/v2\/product_brand?post=19383"},{"taxonomy":"product_cat","embeddable":true,"href":"https:\/\/swissgo.tech\/pt-pt\/wp-json\/wp\/v2\/product_cat?post=19383"},{"taxonomy":"product_tag","embeddable":true,"href":"https:\/\/swissgo.tech\/pt-pt\/wp-json\/wp\/v2\/product_tag?post=19383"}],"curies":[{"name":"wp","href":"https:\/\/api.w.org\/{rel}","templated":true}]}}