{"id":19384,"date":"2026-02-05T04:04:16","date_gmt":"2026-02-05T03:04:16","guid":{"rendered":"https:\/\/swissgo.tech\/p\/swissgo-novocolor-35mm-camera-analogica-reutilizavel-com-flash-case-correia-preto\/"},"modified":"2026-02-09T11:12:10","modified_gmt":"2026-02-09T10:12:10","slug":"swissgo-novocolor-35mm-camera-analogica-reutilizavel-com-flash-case-correia-preto","status":"publish","type":"product","link":"https:\/\/swissgo.tech\/pt-pt\/p\/swissgo-novocolor-35mm-camera-analogica-reutilizavel-com-flash-case-correia-preto\/","title":{"rendered":"swiss+go \u2013 C\u00e2mara anal\u00f3gica reutiliz\u00e1vel Novocolor 35mm com Flash +..."},"content":{"rendered":"<h2 style=\"text-align: center;\"><span style=\"color: #000000;\">swiss+go \u2013 C\u00e2mara anal\u00f3gica reutiliz\u00e1vel Novocolor 35mm com Flash + Caixa e Correia Preta | para filmes de 35mm | Objetiva 31mm f\/9 | 1 pilha alcalina AAA n\u00e3o inclu\u00edda<\/span><\/h2>\n<p>Esta c\u00e2mara anal\u00f3gica de 35 mm em preto \u00e9 uma c\u00e2mara intuitiva e f\u00e1cil de utilizar, perfeita para entusiastas da fotografia. A c\u00e2mera tem uma lente grande angular de foco fixo, perfeita para capturar a maioria das cenas de luz do dia bem focadas, e tamb\u00e9m tem um flash embutido para fotos noturnas. Compat\u00edvel com negativos coloridos de 35 mm ou filme preto e branco, esta c\u00e2mera de filme reutiliz\u00e1vel anal\u00f3gica de 35 mm permite capturar instant\u00e2neos r\u00e1pidos ou cenas monocrom\u00e1ticas.<\/p>\n<p>Que funcionalidades tem a swiss+go \u2013 C\u00e2mara anal\u00f3gica reutiliz\u00e1vel Novocolor 35mm com flash?<\/p>\n<ul>\n<li>C\u00e2mera de filme reutiliz\u00e1vel preta de 35 mm<\/li>\n<li>Para filmes a cores e a preto e branco<\/li>\n<li>31mm f\/9 foco fixo lente grande angular<\/li>\n<li>Flash embutido<\/li>\n<li>Visor \u00f3tico<\/li>\n<li>Aceita 1 x bateria AAA (n\u00e3o inclu\u00edda)<\/li>\n<\/ul>\n","protected":false},"excerpt":{"rendered":"<p>Aproveita a tua c\u00e2mara anal\u00f3gica swiss+go. Para filmes de 35mm com lente de 31mm f\/9. Com a swiss+go \u2013 C\u00e2mara anal\u00f3gica reutiliz\u00e1vel Novocolor 35mm com flash, obter\u00e1 excelentes fotografias dos seus melhores momentos.<\/p>\n","protected":false},"featured_media":10255,"comment_status":"open","ping_status":"closed","template":"","meta":{"_acf_changed":false,"_switchboard_short_link_id":0,"_switchboard_short_link_code":""},"product_brand":[],"product_cat":[3872,1322],"product_tag":[3750,3745,3746],"class_list":{"0":"post-19384","1":"product","2":"type-product","3":"status-publish","4":"has-post-thumbnail","6":"product_cat-camaras-analogicas-pt-pt","7":"product_cat-fotografia","8":"product_tag-menos-de-30e-pt-pt","9":"product_tag-menos-de-40e-pt-pt","10":"product_tag-menos-de-60e-pt-pt","12":"first","13":"instock","14":"taxable","15":"shipping-taxable","16":"purchasable","17":"product-type-simple"},"acf":[],"apcode":"SWI401600","_links":{"self":[{"href":"https:\/\/swissgo.tech\/pt-pt\/wp-json\/wp\/v2\/product\/19384","targetHints":{"allow":["GET"]}}],"collection":[{"href":"https:\/\/swissgo.tech\/pt-pt\/wp-json\/wp\/v2\/product"}],"about":[{"href":"https:\/\/swissgo.tech\/pt-pt\/wp-json\/wp\/v2\/types\/product"}],"replies":[{"embeddable":true,"href":"https:\/\/swissgo.tech\/pt-pt\/wp-json\/wp\/v2\/comments?post=19384"}],"wp:featuredmedia":[{"embeddable":true,"href":"https:\/\/swissgo.tech\/pt-pt\/wp-json\/wp\/v2\/media\/10255"}],"wp:attachment":[{"href":"https:\/\/swissgo.tech\/pt-pt\/wp-json\/wp\/v2\/media?parent=19384"}],"wp:term":[{"taxonomy":"product_brand","embeddable":true,"href":"https:\/\/swissgo.tech\/pt-pt\/wp-json\/wp\/v2\/product_brand?post=19384"},{"taxonomy":"product_cat","embeddable":true,"href":"https:\/\/swissgo.tech\/pt-pt\/wp-json\/wp\/v2\/product_cat?post=19384"},{"taxonomy":"product_tag","embeddable":true,"href":"https:\/\/swissgo.tech\/pt-pt\/wp-json\/wp\/v2\/product_tag?post=19384"}],"curies":[{"name":"wp","href":"https:\/\/api.w.org\/{rel}","templated":true}]}}