{"id":19386,"date":"2026-02-05T04:04:28","date_gmt":"2026-02-05T03:04:28","guid":{"rendered":"https:\/\/swissgo.tech\/p\/swissgo-fones-de-ouvido-tiny-bluetooth-5-3-fones-de-ouvido-ipx5-enc\/"},"modified":"2026-01-01T13:36:34","modified_gmt":"2026-01-01T12:36:34","slug":"swissgo-fones-de-ouvido-tiny-bluetooth-5-3-fones-de-ouvido-ipx5-enc","status":"publish","type":"product","link":"https:\/\/swissgo.tech\/pt-pt\/p\/swissgo-fones-de-ouvido-tiny-bluetooth-5-3-fones-de-ouvido-ipx5-enc\/","title":{"rendered":"Auscultadores swiss+go TINY Bluetooth 5.3 (IPX5, ENC)"},"content":{"rendered":"<h2 style=\"text-align: center;\"><span style=\"color: #dd2400;\">Auscultadores swiss+go Auscultadores Bluetooth Tiny 5.3 (IPX5, ENC)<\/span><\/h2>\n<p>Com estes auscultadores obter\u00e1 a autonomia de que necessitava para as suas sess\u00f5es desportivas intensivas. O seu excelente som ir\u00e1 envolv\u00ea-lo de uma forma que faz parecer que \u00e9 apenas voc\u00ea e a m\u00fasica. Conhe\u00e7a todas as funcionalidades dos auscultadores swiss+go Tiny:<\/p>\n<ul>\n<li>Vers\u00e3o Bluetooth: 5.3<\/li>\n<li>Peso dos fones de ouvido: 3.5g<\/li>\n<li>Peso da caixa: 28.8g<\/li>\n<li>Bateria de fones de ouvido recarreg\u00e1veis: 35 mAh<\/li>\n<li>Bateria do caso recarreg\u00e1vel: 300 mAh<\/li>\n<li>Freq\u00fc\u00eancia: 2.4GHz ~ 2.48GHz<\/li>\n<li>Dist\u00e2ncia de conex\u00e3o: 10m (33ft)<\/li>\n<li>Pot\u00eancia de entrada: 5V\/500mA<\/li>\n<li>Encargos no caso: 3~4 vezes<\/li>\n<li>Tempo de carregamento do fone de ouvido: 1 hora<\/li>\n<li>Caixa de tempo de carregamento: 1,5 horas<\/li>\n<li>Imped\u00e2ncia: 32\u03a9<\/li>\n<li>Sensibilidade do microfone: -38\u00b11dB<\/li>\n<\/ul>\n","protected":false},"excerpt":{"rendered":"<p>Prepare-se para experimentar a melhor qualidade de som com os Earbuds Tiny! Os nossos auriculares apresentam um chip Bluetooth 5.3 de alto desempenho para uma liga\u00e7\u00e3o mais est\u00e1vel e r\u00e1pida, al\u00e9m da tecnologia de chamadas ENC com cancelamento de ru\u00eddo surround de 4 microfones para uma redu\u00e7\u00e3o de ru\u00eddo de at\u00e9 50%. Desfrute de agudos n\u00edtidos, m\u00e9dios vibrantes e graves suaves e potentes com o nosso altifalante.<\/p>\n<ul>\n<li>Vers\u00e3o Bluetooth: 5.3<\/li>\n<li>Bateria de fones de ouvido recarreg\u00e1veis: 35 mAh<\/li>\n<li>Bateria do caso recarreg\u00e1vel: 300 mAh<\/li>\n<li>Freq\u00fc\u00eancia: 2.4GHz ~ 2.48GHz<\/li>\n<li>Dist\u00e2ncia de conex\u00e3o: 10m (33ft)<\/li>\n<li>Pot\u00eancia de entrada: 5V\/500mA<\/li>\n<li>Encargos no caso: 3~4 vezes<\/li>\n<\/ul>\n","protected":false},"featured_media":10814,"comment_status":"open","ping_status":"closed","template":"","meta":{"_acf_changed":false,"_switchboard_short_link_id":0,"_switchboard_short_link_code":""},"product_brand":[],"product_cat":[1293,1301],"product_tag":[3750,3745,3746],"class_list":{"0":"post-19386","1":"product","2":"type-product","3":"status-publish","4":"has-post-thumbnail","6":"product_cat-auscultadores","7":"product_cat-audio-pt-pt","8":"product_tag-menos-de-30e-pt-pt","9":"product_tag-menos-de-40e-pt-pt","10":"product_tag-menos-de-60e-pt-pt","12":"first","13":"instock","14":"taxable","15":"shipping-taxable","16":"purchasable","17":"product-type-simple"},"acf":[],"apcode":"SWI303113","_links":{"self":[{"href":"https:\/\/swissgo.tech\/pt-pt\/wp-json\/wp\/v2\/product\/19386","targetHints":{"allow":["GET"]}}],"collection":[{"href":"https:\/\/swissgo.tech\/pt-pt\/wp-json\/wp\/v2\/product"}],"about":[{"href":"https:\/\/swissgo.tech\/pt-pt\/wp-json\/wp\/v2\/types\/product"}],"replies":[{"embeddable":true,"href":"https:\/\/swissgo.tech\/pt-pt\/wp-json\/wp\/v2\/comments?post=19386"}],"wp:featuredmedia":[{"embeddable":true,"href":"https:\/\/swissgo.tech\/pt-pt\/wp-json\/wp\/v2\/media\/10814"}],"wp:attachment":[{"href":"https:\/\/swissgo.tech\/pt-pt\/wp-json\/wp\/v2\/media?parent=19386"}],"wp:term":[{"taxonomy":"product_brand","embeddable":true,"href":"https:\/\/swissgo.tech\/pt-pt\/wp-json\/wp\/v2\/product_brand?post=19386"},{"taxonomy":"product_cat","embeddable":true,"href":"https:\/\/swissgo.tech\/pt-pt\/wp-json\/wp\/v2\/product_cat?post=19386"},{"taxonomy":"product_tag","embeddable":true,"href":"https:\/\/swissgo.tech\/pt-pt\/wp-json\/wp\/v2\/product_tag?post=19386"}],"curies":[{"name":"wp","href":"https:\/\/api.w.org\/{rel}","templated":true}]}}