{"id":19417,"date":"2026-02-05T04:02:37","date_gmt":"2026-02-05T03:02:37","guid":{"rendered":"https:\/\/swissgo.tech\/p\/dolly-vx-103-skate\/"},"modified":"2025-12-02T09:04:57","modified_gmt":"2025-12-02T08:04:57","slug":"dolly-vx-103-skate","status":"publish","type":"product","link":"https:\/\/swissgo.tech\/pt-pt\/p\/dolly-vx-103-skate\/","title":{"rendered":"DOLLY VX-103 Skate"},"content":{"rendered":"<p>Patins de 4 rodas com um design moderno, robusto, s\u00f3lido e compacto. As suas rodas s\u00e3o feitas de borracha e resistentes a &#8220;agita\u00e7\u00f5es&#8221;, conferindo \u00e0 Dolly uma mobilidade excecional, flex\u00edvel, sem vibra\u00e7\u00f5es e com movimentos suaves e precisos.<\/p>\n<p>Na sua base tem parafusos duplos de 1\/4&#8243; e 3\/8&#8243; e a sua rota\u00e7\u00e3o de 180\u00b0 permite-lhe fotografar facilmente em v\u00e1rios \u00e2ngulos.<\/p>\n","protected":false},"excerpt":{"rendered":"<p>Patins de 4 rodas com um design moderno, robusto, s\u00f3lido e compacto.<\/p>\n","protected":false},"featured_media":25634,"comment_status":"open","ping_status":"closed","template":"","meta":{"_acf_changed":false,"_switchboard_short_link_id":0,"_switchboard_short_link_code":""},"product_brand":[],"product_cat":[3767,1376],"product_tag":[3750,3745,3746],"class_list":{"0":"post-19417","1":"product","2":"type-product","3":"status-publish","4":"has-post-thumbnail","6":"product_cat-tripes-de-video","7":"product_cat-video-pt-pt","8":"product_tag-menos-de-30e-pt-pt","9":"product_tag-menos-de-40e-pt-pt","10":"product_tag-menos-de-60e-pt-pt","12":"first","13":"instock","14":"sale","15":"taxable","16":"shipping-taxable","17":"purchasable","18":"product-type-simple"},"acf":[],"apcode":"SWI403111","_links":{"self":[{"href":"https:\/\/swissgo.tech\/pt-pt\/wp-json\/wp\/v2\/product\/19417","targetHints":{"allow":["GET"]}}],"collection":[{"href":"https:\/\/swissgo.tech\/pt-pt\/wp-json\/wp\/v2\/product"}],"about":[{"href":"https:\/\/swissgo.tech\/pt-pt\/wp-json\/wp\/v2\/types\/product"}],"replies":[{"embeddable":true,"href":"https:\/\/swissgo.tech\/pt-pt\/wp-json\/wp\/v2\/comments?post=19417"}],"wp:featuredmedia":[{"embeddable":true,"href":"https:\/\/swissgo.tech\/pt-pt\/wp-json\/wp\/v2\/media\/25634"}],"wp:attachment":[{"href":"https:\/\/swissgo.tech\/pt-pt\/wp-json\/wp\/v2\/media?parent=19417"}],"wp:term":[{"taxonomy":"product_brand","embeddable":true,"href":"https:\/\/swissgo.tech\/pt-pt\/wp-json\/wp\/v2\/product_brand?post=19417"},{"taxonomy":"product_cat","embeddable":true,"href":"https:\/\/swissgo.tech\/pt-pt\/wp-json\/wp\/v2\/product_cat?post=19417"},{"taxonomy":"product_tag","embeddable":true,"href":"https:\/\/swissgo.tech\/pt-pt\/wp-json\/wp\/v2\/product_tag?post=19417"}],"curies":[{"name":"wp","href":"https:\/\/api.w.org\/{rel}","templated":true}]}}