{"id":19903,"date":"2026-02-05T04:04:40","date_gmt":"2026-02-05T03:04:40","guid":{"rendered":"https:\/\/swissgo.tech\/p\/swissgo-powerbank-10200-mah-power-pack-magsafe-cinzento\/"},"modified":"2025-12-02T09:35:11","modified_gmt":"2025-12-02T08:35:11","slug":"swissgo-powerbank-10200-mah-power-pack-magsafe-cinzento","status":"publish","type":"product","link":"https:\/\/swissgo.tech\/pt-pt\/p\/swissgo-powerbank-10200-mah-power-pack-magsafe-cinzento\/","title":{"rendered":"swiss+go Powerbank Externo 10200 mAh, MagSafe, Cinzento"},"content":{"rendered":"<h2 style=\"text-align: center;\"><strong><span style=\"color: #dd2400;\">swiss+go Powerbank 10200 mAh Bateria Externa, MagSafe, Cinzento | USB-C, USB-A Lightnig, 104&#215;71,6&#215;19,4 cm<\/span><\/strong><\/h2>\n<p>Com a sua capacidade de carregamento r\u00e1pido PD de at\u00e9 20W, poder\u00e1 carregar os seus dispositivos de forma eficiente. \u00c9 perfeito para carregar v\u00e1rios dispositivos ao mesmo tempo, uma vez que tem tr\u00eas sa\u00eddas dispon\u00edveis, incluindo uma op\u00e7\u00e3o sem fios com uma funcionalidade de carregamento sem fios r\u00e1pido de 15W. Carregue dispositivos compat\u00edveis sem a necessidade de cabos. Este recurso sem fio possui atra\u00e7\u00e3o magn\u00e9tica para que o dispositivo permane\u00e7a com seguran\u00e7a no lugar durante o carregamento.<\/p>\n<p>O dispositivo exibe a quantidade de energia que voc\u00ea tem, para que voc\u00ea possa facilmente monitorar sua energia restante, tornando mais f\u00e1cil evitar que voc\u00ea fique sem bateria quando voc\u00ea mais precisa.<\/p>\n<p>Possui recursos avan\u00e7ados de prote\u00e7\u00e3o, como FOD integrado, prote\u00e7\u00e3o contra sobrecarga, descarga excessiva e controle de temperatura.<\/p>\n<p>As instru\u00e7\u00f5es de utiliza\u00e7\u00e3o s\u00e3o simples e claras: basta premir o bot\u00e3o de alimenta\u00e7\u00e3o para iniciar a fun\u00e7\u00e3o de sa\u00edda de energia. O ecr\u00e3 ir\u00e1 mostrar-lhe a energia restante e ir\u00e1 desligar automaticamente ap\u00f3s alguns segundos para poupar energia.<\/p>\n<p>Quando se trata de carregar e sair com fios, o processo \u00e9 igualmente simples. Conecte seu cabo de carregamento USB na porta apropriada e voc\u00ea est\u00e1 pronto para ir! Alguns dispositivos podem exigir que voc\u00ea pressione o bot\u00e3o liga\/desliga para ativar a sa\u00edda de energia, mas isso \u00e9 completamente normal.<\/p>\n","protected":false},"excerpt":{"rendered":"<p>Este power bank port\u00e1til combina tecnologia avan\u00e7ada e design inovador e ser\u00e1 capaz de manter os seus dispositivos sempre carregados.<\/p>\n<p>Principais caracter\u00edsticas do Powerbank swiss+go 10200 mAh Power Bank:<\/p>\n<ul>\n<li>Capacidade de carregamento r\u00e1pido PD at\u00e9 20W<\/li>\n<li>Tr\u00eas sa\u00eddas dispon\u00edveis (capacidade de carregar v\u00e1rios dispositivos ao mesmo tempo)<\/li>\n<li>Inclu\u00eddo est\u00e1 uma op\u00e7\u00e3o sem fio com um recurso de carregamento sem fio r\u00e1pido de 15W com atra\u00e7\u00e3o magn\u00e9tica para que o dispositivo permane\u00e7a no lugar com seguran\u00e7a durante o carregamento.<\/li>\n<li>FOD integrado, prote\u00e7\u00e3o contra sobrecarga, descarga excessiva e controle de temperatura.<\/li>\n<\/ul>\n","protected":false},"featured_media":25744,"comment_status":"open","ping_status":"closed","template":"","meta":{"_acf_changed":false,"_switchboard_short_link_id":0,"_switchboard_short_link_code":""},"product_brand":[],"product_cat":[1450,1452],"product_tag":[],"class_list":{"0":"post-19903","1":"product","2":"type-product","3":"status-publish","4":"has-post-thumbnail","6":"product_cat-acessorios-para-telemoveis","7":"product_cat-eletronica","9":"first","10":"instock","11":"sale","12":"taxable","13":"shipping-taxable","14":"purchasable","15":"product-type-simple"},"acf":[],"apcode":"SWI502017","_links":{"self":[{"href":"https:\/\/swissgo.tech\/pt-pt\/wp-json\/wp\/v2\/product\/19903","targetHints":{"allow":["GET"]}}],"collection":[{"href":"https:\/\/swissgo.tech\/pt-pt\/wp-json\/wp\/v2\/product"}],"about":[{"href":"https:\/\/swissgo.tech\/pt-pt\/wp-json\/wp\/v2\/types\/product"}],"replies":[{"embeddable":true,"href":"https:\/\/swissgo.tech\/pt-pt\/wp-json\/wp\/v2\/comments?post=19903"}],"wp:featuredmedia":[{"embeddable":true,"href":"https:\/\/swissgo.tech\/pt-pt\/wp-json\/wp\/v2\/media\/25744"}],"wp:attachment":[{"href":"https:\/\/swissgo.tech\/pt-pt\/wp-json\/wp\/v2\/media?parent=19903"}],"wp:term":[{"taxonomy":"product_brand","embeddable":true,"href":"https:\/\/swissgo.tech\/pt-pt\/wp-json\/wp\/v2\/product_brand?post=19903"},{"taxonomy":"product_cat","embeddable":true,"href":"https:\/\/swissgo.tech\/pt-pt\/wp-json\/wp\/v2\/product_cat?post=19903"},{"taxonomy":"product_tag","embeddable":true,"href":"https:\/\/swissgo.tech\/pt-pt\/wp-json\/wp\/v2\/product_tag?post=19903"}],"curies":[{"name":"wp","href":"https:\/\/api.w.org\/{rel}","templated":true}]}}