{"id":19979,"date":"2026-02-05T04:02:27","date_gmt":"2026-02-05T03:02:27","guid":{"rendered":"https:\/\/swissgo.tech\/p\/swissgo-hs-99-auscultadores-desportivos-sem-fios\/"},"modified":"2025-12-11T09:43:25","modified_gmt":"2025-12-11T08:43:25","slug":"swissgo-hs-99-auscultadores-desportivos-sem-fios","status":"publish","type":"product","link":"https:\/\/swissgo.tech\/pt-pt\/p\/swissgo-hs-99-auscultadores-desportivos-sem-fios\/","title":{"rendered":"swiss+go HS-99 Auscultadores Desportivos sem Fios"},"content":{"rendered":"<h2 style=\"text-align: center;\">swiss+go HS-99 Auscultadores Desportivos sem Fios<\/h2>\n<p>Obtenha um som potente e n\u00edtido com os novos auriculares desportivos sem fios HS-99 da Swiss+Go. Especialmente concebido para praticar desportos intensos confortavelmente e sem cair dos auriculares. Resistente \u00e0 \u00e1gua e ao suor. Sua cobertura para armazen\u00e1-los e transport\u00e1-los, \u00e9 tamb\u00e9m um carregador e PowerBank; Recarregue os seus auriculares sem ter de os ligar \u00e0 corrente enquanto n\u00e3o os estiver a utilizar<\/p>\n<p>Especifica\u00e7\u00f5es swiss+go HS-99 Auscultadores Desportivos Sem Fios<\/p>\n<table class=\"shop_attributes\">\n<tbody>\n<tr>\n<th>Cor<\/th>\n<td>Preto<\/td>\n<\/tr>\n<tr>\n<th>Bluetooth<\/th>\n<td>Bluetooth 5.0, cobertura de 10 metros.<\/td>\n<\/tr>\n<tr>\n<th>Fun\u00e7\u00e3o m\u00e3os-livres<\/th>\n<td>Sim<\/td>\n<\/tr>\n<tr>\n<th>Rela\u00e7\u00e3o sinal-ru\u00eddo<\/th>\n<td>88 dB<\/td>\n<\/tr>\n<tr>\n<th>Imped\u00e2ncia<\/th>\n<td>16\u03a9<\/td>\n<\/tr>\n<tr>\n<th>FREQU\u00caNCIA<\/th>\n<td>20HZ-20KHZ<\/td>\n<\/tr>\n<tr>\n<th>Bateria<\/th>\n<td>L\u00edtio Recarreg\u00e1vel 50mAh<\/td>\n<\/tr>\n<tr>\n<th>Dura\u00e7\u00e3o da bateria<\/th>\n<td>2-3 horas<\/td>\n<\/tr>\n<tr>\n<th>Portos<\/th>\n<td>Mini USB 2.0, Mini Jack 3.5 mm, Entrada de alimenta\u00e7\u00e3o via USB-DC 5V<\/td>\n<\/tr>\n<tr>\n<th>Caixa Inclui<\/th>\n<td>Estojo de carregamento, cabo Mini USB,<\/td>\n<\/tr>\n<tr>\n<th>Peso<\/th>\n<td>10gr<\/td>\n<\/tr>\n<tr>\n<th>Medi\u00e7\u00e3o<\/th>\n<td>29 x 26 x 23 cm<\/td>\n<\/tr>\n<\/tbody>\n<\/table>\n","protected":false},"excerpt":{"rendered":"<p>Obtenha um som potente e claro com os novos auscultadores desportivos sem fios swiss+go HS-99. Especialmente concebido para praticar desportos intensos confortavelmente e sem cair dos auriculares. Resistente \u00e0 \u00e1gua e ao suor. Seu estojo para armazen\u00e1-los e transport\u00e1-los tamb\u00e9m \u00e9 um carregador e PowerBank; Recarregue os seus auriculares sem ter de os ligar \u00e0 corrente enquanto n\u00e3o os estiver a utilizar.<\/p>\n","protected":false},"featured_media":7078,"comment_status":"open","ping_status":"closed","template":"","meta":{"_acf_changed":false,"_switchboard_short_link_id":0,"_switchboard_short_link_code":""},"product_brand":[],"product_cat":[1301,1293],"product_tag":[3750,3746],"class_list":{"0":"post-19979","1":"product","2":"type-product","3":"status-publish","4":"has-post-thumbnail","6":"product_cat-audio-pt-pt","7":"product_cat-auscultadores","8":"product_tag-menos-de-30e-pt-pt","9":"product_tag-menos-de-60e-pt-pt","11":"first","12":"instock","13":"sale","14":"taxable","15":"shipping-taxable","16":"purchasable","17":"product-type-simple"},"acf":[],"apcode":"SWI303110","_links":{"self":[{"href":"https:\/\/swissgo.tech\/pt-pt\/wp-json\/wp\/v2\/product\/19979","targetHints":{"allow":["GET"]}}],"collection":[{"href":"https:\/\/swissgo.tech\/pt-pt\/wp-json\/wp\/v2\/product"}],"about":[{"href":"https:\/\/swissgo.tech\/pt-pt\/wp-json\/wp\/v2\/types\/product"}],"replies":[{"embeddable":true,"href":"https:\/\/swissgo.tech\/pt-pt\/wp-json\/wp\/v2\/comments?post=19979"}],"wp:featuredmedia":[{"embeddable":true,"href":"https:\/\/swissgo.tech\/pt-pt\/wp-json\/wp\/v2\/media\/7078"}],"wp:attachment":[{"href":"https:\/\/swissgo.tech\/pt-pt\/wp-json\/wp\/v2\/media?parent=19979"}],"wp:term":[{"taxonomy":"product_brand","embeddable":true,"href":"https:\/\/swissgo.tech\/pt-pt\/wp-json\/wp\/v2\/product_brand?post=19979"},{"taxonomy":"product_cat","embeddable":true,"href":"https:\/\/swissgo.tech\/pt-pt\/wp-json\/wp\/v2\/product_cat?post=19979"},{"taxonomy":"product_tag","embeddable":true,"href":"https:\/\/swissgo.tech\/pt-pt\/wp-json\/wp\/v2\/product_tag?post=19979"}],"curies":[{"name":"wp","href":"https:\/\/api.w.org\/{rel}","templated":true}]}}