{"id":19984,"date":"2026-02-05T04:02:27","date_gmt":"2026-02-05T03:02:27","guid":{"rendered":"https:\/\/swissgo.tech\/p\/swisspro-coldre-tarasp-30-preto\/"},"modified":"2025-12-11T09:42:51","modified_gmt":"2025-12-11T08:42:51","slug":"swisspro-coldre-tarasp-30-preto","status":"publish","type":"product","link":"https:\/\/swissgo.tech\/pt-pt\/p\/swisspro-coldre-tarasp-30-preto\/","title":{"rendered":"swiss+pro Coldre TARASP-30 Preto"},"content":{"rendered":"<p>A bolsa de fotos Tarasp 30 da s\u00e9rie Tarasp \u00e9 especialmente projetada para transportar c\u00e2meras DSLR com suas lentes. Fabricada em Nylon 420D, um material exterior forjado e imperme\u00e1vel de grande densidade e resist\u00eancia, o seu design interior modular permite-lhe distribuir o espa\u00e7o como bem entender, mantendo o conte\u00fado protegido gra\u00e7as \u00e0s suas paredes almofadadas e m\u00faltiplos bolsos internos.\n<\/p>\n<p>O Tarasp 30 tem dimens\u00f5es externas de 20x16x26 e a capacidade de transportar uma c\u00e2mera DSLR com uma lente.\n<\/p>\n<p>Especifica\u00e7\u00f5es<\/p>\n<table class=\"shop_attributes\">\n<tr>\n<th>Cor Exterior \/ Interior\n<\/th>\n<td>\n<p>Preto\/Laranja\n<\/p>\n<\/td>\n<\/tr>\n<tr>\n<th>Peso\n<\/th>\n<td>\n<p>370 gr.\n<\/p>\n<\/td>\n<\/tr>\n<tr>\n<th>Materiais\n<\/th>\n<td>\n<p>Nylon 420D\n<\/p>\n<\/td>\n<\/tr>\n<tr>\n<th>Dimens\u00f5es\n<\/th>\n<td>\n<p>20x16x26 cent\u00edmetros\n<\/p>\n<\/td>\n<\/tr>\n<tr>\n<th>Outras caracter\u00edsticas\n<\/th>\n<td>\n<p>Para c\u00e2maras DSLR.\n<\/p>\n<\/td>\n<\/tr>\n<\/table>\n","protected":false},"excerpt":{"rendered":"<p>A bolsa de fotos Tarasp 30 da s\u00e9rie Tarasp \u00e9 especialmente projetada para transportar c\u00e2meras DSLR com suas lentes. Fabricada em Nylon 420D, um material exterior forjado e imperme\u00e1vel de grande densidade e resist\u00eancia, o seu design interior modular permite-lhe distribuir o espa\u00e7o como bem entender, mantendo o conte\u00fado protegido gra\u00e7as \u00e0s suas paredes almofadadas e m\u00faltiplos bolsos internos.<\/p>\n","protected":false},"featured_media":25529,"comment_status":"open","ping_status":"closed","template":"","meta":{"_acf_changed":false,"_switchboard_short_link_id":0,"_switchboard_short_link_code":""},"product_brand":[],"product_cat":[1322,1479],"product_tag":[3750,3746],"class_list":{"0":"post-19984","1":"product","2":"type-product","3":"status-publish","4":"has-post-thumbnail","6":"product_cat-fotografia","7":"product_cat-sacos-casos-mochilas","8":"product_tag-menos-de-30e-pt-pt","9":"product_tag-menos-de-60e-pt-pt","11":"first","12":"instock","13":"sale","14":"taxable","15":"shipping-taxable","16":"purchasable","17":"product-type-simple"},"acf":[],"apcode":"SWI405003","_links":{"self":[{"href":"https:\/\/swissgo.tech\/pt-pt\/wp-json\/wp\/v2\/product\/19984","targetHints":{"allow":["GET"]}}],"collection":[{"href":"https:\/\/swissgo.tech\/pt-pt\/wp-json\/wp\/v2\/product"}],"about":[{"href":"https:\/\/swissgo.tech\/pt-pt\/wp-json\/wp\/v2\/types\/product"}],"replies":[{"embeddable":true,"href":"https:\/\/swissgo.tech\/pt-pt\/wp-json\/wp\/v2\/comments?post=19984"}],"wp:featuredmedia":[{"embeddable":true,"href":"https:\/\/swissgo.tech\/pt-pt\/wp-json\/wp\/v2\/media\/25529"}],"wp:attachment":[{"href":"https:\/\/swissgo.tech\/pt-pt\/wp-json\/wp\/v2\/media?parent=19984"}],"wp:term":[{"taxonomy":"product_brand","embeddable":true,"href":"https:\/\/swissgo.tech\/pt-pt\/wp-json\/wp\/v2\/product_brand?post=19984"},{"taxonomy":"product_cat","embeddable":true,"href":"https:\/\/swissgo.tech\/pt-pt\/wp-json\/wp\/v2\/product_cat?post=19984"},{"taxonomy":"product_tag","embeddable":true,"href":"https:\/\/swissgo.tech\/pt-pt\/wp-json\/wp\/v2\/product_tag?post=19984"}],"curies":[{"name":"wp","href":"https:\/\/api.w.org\/{rel}","templated":true}]}}