{"id":20010,"date":"2026-02-05T04:02:27","date_gmt":"2026-02-05T03:02:27","guid":{"rendered":"https:\/\/swissgo.tech\/p\/saco-suicogo-tarasp-40\/"},"modified":"2025-12-11T09:43:11","modified_gmt":"2025-12-11T08:43:11","slug":"saco-suicogo-tarasp-40","status":"publish","type":"product","link":"https:\/\/swissgo.tech\/pt-pt\/p\/saco-suicogo-tarasp-40\/","title":{"rendered":"swiss+go bag TARASP 40"},"content":{"rendered":"<p>Bolsa fotogr\u00e1fica da s\u00e9rie Tarasp especialmente concebida para transportar c\u00e2maras DSLR com as suas lentes.\n<\/p>\n<p>Fabricada em Nylon 420D, um material exterior forjado e imperme\u00e1vel de grande densidade e resist\u00eancia, o seu design interior modular permite-lhe distribuir o espa\u00e7o como bem entender, mantendo o conte\u00fado protegido gra\u00e7as \u00e0s suas paredes almofadadas e m\u00faltiplos bolsos internos. Com capacidade para transportar uma c\u00e2mara DSLR, lentes e acess\u00f3rios.\n<\/p>\n<p>Especifica\u00e7\u00f5es<\/p>\n<table class=\"shop_attributes\">\n<tr>\n<th>Cor\n<\/th>\n<td>\n<p>Preto\n<\/p>\n<\/td>\n<\/tr>\n<tr>\n<th>Cor Exterior \/ Interior\n<\/th>\n<td>\n<p>Preto\n<\/p>\n<\/td>\n<\/tr>\n<tr>\n<th>Dimens\u00f5es\n<\/th>\n<td>\n<p>21x14x19 cent\u00edmetros\n<\/p>\n<\/td>\n<\/tr>\n<tr>\n<th>Materiais\n<\/th>\n<td>\n<p>Nylon 420D\n<\/p>\n<\/td>\n<\/tr>\n<tr>\n<th>Medidas\n<\/th>\n<td>\n<p>21x14x19 cent\u00edmetros\n<\/p>\n<\/td>\n<\/tr>\n<tr>\n<th>Outras caracter\u00edsticas\n<\/th>\n<td>\n<p>Paredes acolchoadas, bolsos m\u00faltiplos, imperme\u00e1veis, dimens\u00f5es internas 17x11x16 cm.\n<\/p>\n<\/td>\n<\/tr>\n<tr>\n<th>Peso\n<\/th>\n<td>\n<p>400 gr.\n<\/p>\n<\/td>\n<\/tr>\n<\/table>\n","protected":false},"excerpt":{"rendered":"<p>Bolsa fotogr\u00e1fica da s\u00e9rie Tarasp especialmente concebida para transportar c\u00e2maras DSLR com as suas lentes.<\/p>\n","protected":false},"featured_media":25531,"comment_status":"open","ping_status":"closed","template":"","meta":{"_acf_changed":false,"_switchboard_short_link_id":0,"_switchboard_short_link_code":""},"product_brand":[],"product_cat":[1322,1479],"product_tag":[3750,3746],"class_list":{"0":"post-20010","1":"product","2":"type-product","3":"status-publish","4":"has-post-thumbnail","6":"product_cat-fotografia","7":"product_cat-sacos-casos-mochilas","8":"product_tag-menos-de-30e-pt-pt","9":"product_tag-menos-de-60e-pt-pt","10":"pa_tipologia-saco","12":"first","13":"instock","14":"sale","15":"taxable","16":"shipping-taxable","17":"purchasable","18":"product-type-simple"},"acf":[],"apcode":"SWI405004","_links":{"self":[{"href":"https:\/\/swissgo.tech\/pt-pt\/wp-json\/wp\/v2\/product\/20010","targetHints":{"allow":["GET"]}}],"collection":[{"href":"https:\/\/swissgo.tech\/pt-pt\/wp-json\/wp\/v2\/product"}],"about":[{"href":"https:\/\/swissgo.tech\/pt-pt\/wp-json\/wp\/v2\/types\/product"}],"replies":[{"embeddable":true,"href":"https:\/\/swissgo.tech\/pt-pt\/wp-json\/wp\/v2\/comments?post=20010"}],"wp:featuredmedia":[{"embeddable":true,"href":"https:\/\/swissgo.tech\/pt-pt\/wp-json\/wp\/v2\/media\/25531"}],"wp:attachment":[{"href":"https:\/\/swissgo.tech\/pt-pt\/wp-json\/wp\/v2\/media?parent=20010"}],"wp:term":[{"taxonomy":"product_brand","embeddable":true,"href":"https:\/\/swissgo.tech\/pt-pt\/wp-json\/wp\/v2\/product_brand?post=20010"},{"taxonomy":"product_cat","embeddable":true,"href":"https:\/\/swissgo.tech\/pt-pt\/wp-json\/wp\/v2\/product_cat?post=20010"},{"taxonomy":"product_tag","embeddable":true,"href":"https:\/\/swissgo.tech\/pt-pt\/wp-json\/wp\/v2\/product_tag?post=20010"}],"curies":[{"name":"wp","href":"https:\/\/api.w.org\/{rel}","templated":true}]}}