{"id":20023,"date":"2026-02-05T04:02:37","date_gmt":"2026-02-05T03:02:37","guid":{"rendered":"https:\/\/swissgo.tech\/p\/sapatilha-quente-kh-6253\/"},"modified":"2025-12-02T09:05:19","modified_gmt":"2025-12-02T08:05:19","slug":"sapatilha-quente-kh-6253","status":"publish","type":"product","link":"https:\/\/swissgo.tech\/pt-pt\/p\/sapatilha-quente-kh-6253\/","title":{"rendered":"Sapatilha quente KH-6253"},"content":{"rendered":"<p>Sapatilha trip\u00e9 de libera\u00e7\u00e3o r\u00e1pida para KH-6253<\/p>\n<p>O sapato quente \u00e9 um acess\u00f3rio pequeno, mas essencial na avalia\u00e7\u00e3o de uma articula\u00e7\u00e3o esf\u00e9rica. Sem um sapato, a articula\u00e7\u00e3o da bola torna-se in\u00fatil. Por esta raz\u00e3o, na SwissGo temos pe\u00e7as de reposi\u00e7\u00e3o para todos os sapatos de nossos modelos de trip\u00e9 e junta de bola.<\/p>\n","protected":false},"excerpt":{"rendered":"<p>O sapato quente \u00e9 um acess\u00f3rio pequeno, mas essencial na avalia\u00e7\u00e3o de uma articula\u00e7\u00e3o esf\u00e9rica.<\/p>\n","protected":false},"featured_media":25644,"comment_status":"open","ping_status":"closed","template":"","meta":{"_acf_changed":false,"_switchboard_short_link_id":0,"_switchboard_short_link_code":""},"product_brand":[],"product_cat":[3767,1376],"product_tag":[3750,3745,3746],"class_list":{"0":"post-20023","1":"product","2":"type-product","3":"status-publish","4":"has-post-thumbnail","6":"product_cat-tripes-de-video","7":"product_cat-video-pt-pt","8":"product_tag-menos-de-30e-pt-pt","9":"product_tag-menos-de-40e-pt-pt","10":"product_tag-menos-de-60e-pt-pt","12":"first","13":"instock","14":"sale","15":"taxable","16":"shipping-taxable","17":"purchasable","18":"product-type-simple"},"acf":[],"apcode":"SWI403304","_links":{"self":[{"href":"https:\/\/swissgo.tech\/pt-pt\/wp-json\/wp\/v2\/product\/20023","targetHints":{"allow":["GET"]}}],"collection":[{"href":"https:\/\/swissgo.tech\/pt-pt\/wp-json\/wp\/v2\/product"}],"about":[{"href":"https:\/\/swissgo.tech\/pt-pt\/wp-json\/wp\/v2\/types\/product"}],"replies":[{"embeddable":true,"href":"https:\/\/swissgo.tech\/pt-pt\/wp-json\/wp\/v2\/comments?post=20023"}],"wp:featuredmedia":[{"embeddable":true,"href":"https:\/\/swissgo.tech\/pt-pt\/wp-json\/wp\/v2\/media\/25644"}],"wp:attachment":[{"href":"https:\/\/swissgo.tech\/pt-pt\/wp-json\/wp\/v2\/media?parent=20023"}],"wp:term":[{"taxonomy":"product_brand","embeddable":true,"href":"https:\/\/swissgo.tech\/pt-pt\/wp-json\/wp\/v2\/product_brand?post=20023"},{"taxonomy":"product_cat","embeddable":true,"href":"https:\/\/swissgo.tech\/pt-pt\/wp-json\/wp\/v2\/product_cat?post=20023"},{"taxonomy":"product_tag","embeddable":true,"href":"https:\/\/swissgo.tech\/pt-pt\/wp-json\/wp\/v2\/product_tag?post=20023"}],"curies":[{"name":"wp","href":"https:\/\/api.w.org\/{rel}","templated":true}]}}