{"id":20032,"date":"2026-02-05T04:02:49","date_gmt":"2026-02-05T03:02:49","guid":{"rendered":"https:\/\/swissgo.tech\/p\/braco-magico-para-ma-50-e-ma-60\/"},"modified":"2025-11-17T11:32:14","modified_gmt":"2025-11-17T10:32:14","slug":"braco-magico-para-ma-50-e-ma-60","status":"publish","type":"product","link":"https:\/\/swissgo.tech\/pt-pt\/p\/braco-magico-para-ma-50-e-ma-60\/","title":{"rendered":"Bra\u00e7o M\u00e1gico para MA-50 e MA-60"},"content":{"rendered":"<p>O <a href=\"https:\/\/www.swiss-pro.com\/producto\/monopie-foto-elite-ma-50\/\" target=\"_blank\" rel=\"noopener noreferrer\">MA-50<\/a> e <a href=\"https:\/\/www.swiss-pro.com\/producto\/monopie-foto-premium-carbon-ma-60\/\" target=\"_blank\" rel=\"noopener noreferrer\">MA-60<\/a> Magic Arm for Monopods \u00e9 perfeito para adicionar o acess\u00f3rio que voc\u00ea precisa \u00e0 sua c\u00e2mera, como uma luz LED, um Flash ou uma tela LCD. \u00c9 totalmente articulado para que voc\u00ea possa coloc\u00e1-lo em qualquer posi\u00e7\u00e3o. N\u00e3o se preocupe com o movimento dele, pois ele endurece quando fixo.<\/p>\n","protected":false},"excerpt":{"rendered":"<p>Bra\u00e7o M\u00e1gico para MA-50 e MA-60<\/p>\n","protected":false},"featured_media":25541,"comment_status":"open","ping_status":"closed","template":"","meta":{"_acf_changed":false,"_switchboard_short_link_id":0,"_switchboard_short_link_code":""},"product_brand":[],"product_cat":[1327,1322],"product_tag":[3746],"class_list":{"0":"post-20032","1":"product","2":"type-product","3":"status-publish","4":"has-post-thumbnail","6":"product_cat-acessorios-para-tripes","7":"product_cat-fotografia","8":"product_tag-menos-de-60e-pt-pt","10":"first","11":"instock","12":"taxable","13":"shipping-taxable","14":"purchasable","15":"product-type-simple"},"acf":[],"apcode":"SWI403330","_links":{"self":[{"href":"https:\/\/swissgo.tech\/pt-pt\/wp-json\/wp\/v2\/product\/20032","targetHints":{"allow":["GET"]}}],"collection":[{"href":"https:\/\/swissgo.tech\/pt-pt\/wp-json\/wp\/v2\/product"}],"about":[{"href":"https:\/\/swissgo.tech\/pt-pt\/wp-json\/wp\/v2\/types\/product"}],"replies":[{"embeddable":true,"href":"https:\/\/swissgo.tech\/pt-pt\/wp-json\/wp\/v2\/comments?post=20032"}],"wp:featuredmedia":[{"embeddable":true,"href":"https:\/\/swissgo.tech\/pt-pt\/wp-json\/wp\/v2\/media\/25541"}],"wp:attachment":[{"href":"https:\/\/swissgo.tech\/pt-pt\/wp-json\/wp\/v2\/media?parent=20032"}],"wp:term":[{"taxonomy":"product_brand","embeddable":true,"href":"https:\/\/swissgo.tech\/pt-pt\/wp-json\/wp\/v2\/product_brand?post=20032"},{"taxonomy":"product_cat","embeddable":true,"href":"https:\/\/swissgo.tech\/pt-pt\/wp-json\/wp\/v2\/product_cat?post=20032"},{"taxonomy":"product_tag","embeddable":true,"href":"https:\/\/swissgo.tech\/pt-pt\/wp-json\/wp\/v2\/product_tag?post=20032"}],"curies":[{"name":"wp","href":"https:\/\/api.w.org\/{rel}","templated":true}]}}