{"id":20048,"date":"2026-02-05T04:02:04","date_gmt":"2026-02-05T03:02:04","guid":{"rendered":"https:\/\/swissgo.tech\/p\/swissgo-advance-10-tripe-flexivel-para-camera-de-aventura-ou-smartphone\/"},"modified":"2025-12-02T08:44:58","modified_gmt":"2025-12-02T07:44:58","slug":"swissgo-advance-10-tripe-flexivel-para-camera-de-aventura-ou-smartphone","status":"publish","type":"product","link":"https:\/\/swissgo.tech\/pt-pt\/p\/swissgo-advance-10-tripe-flexivel-para-camera-de-aventura-ou-smartphone\/","title":{"rendered":"swiss+go Advance 10 Trip\u00e9 Flex\u00edvel para C\u00e2mara de Aventura ou..."},"content":{"rendered":"<h2 style=\"text-align: center;\">swiss+go Advance 10 Trip\u00e9 Flex\u00edvel para C\u00e2mara de Aventura ou Smartphone<\/h2>\n<p>Trip\u00e9 flex\u00edvel, port\u00e1til, compacto, leve, adapt\u00e1vel e ultravers\u00e1til. Companheiro ideal para as suas viagens e excurs\u00f5es. A principal caracter\u00edstica deste acess\u00f3rio \u00e9 a flexibilidade das suas pernas que &#8220;torcem&#8221; assumindo posi\u00e7\u00f5es realmente invulgares que o tornam ideal como suporte para se juntar a qualquer local que encontre (um ramo de \u00e1rvore, um corrim\u00e3o, um poste, um arbusto, etc.) e para se adaptar a qualquer superf\u00edcie, mesmo a mais irregular.<\/p>\n<p>Suas pernas se dobram e giram 360\u00b0. Com suporte para adaptador para smartphone.<\/p>\n<p>Especifica\u00e7\u00f5es Swiss +go Advance 10 Trip\u00e9 Flex\u00edvel para C\u00e2mara de Aventura ou Smartphone<\/p>\n<table class=\"shop_attributes\">\n<tbody>\n<tr>\n<th>Cor<\/th>\n<td>Preto<\/td>\n<\/tr>\n<tr>\n<th>Materiais<\/th>\n<td>Flexor<\/td>\n<\/tr>\n<tr>\n<th>Peso<\/th>\n<td>224 gr.<\/td>\n<\/tr>\n<tr>\n<th>Comprimento dobrado<\/th>\n<td>28,5 cm.<\/td>\n<\/tr>\n<tr>\n<th>Carga m\u00e1xima<\/th>\n<td>800 gr.<\/td>\n<\/tr>\n<tr>\n<th>N.\u00ba de sec\u00e7\u00f5es<\/th>\n<td>Pernas flex\u00edveis<\/td>\n<\/tr>\n<tr>\n<th>Tipo de articula\u00e7\u00e3o<\/th>\n<p> esf\u00e9rica<\/p>\n<td>360 graus<\/td>\n<\/tr>\n<tr>\n<th>N\u00edvel<\/th>\n<td>N\u00c3O<\/td>\n<\/tr>\n<tr>\n<th>Outras caracter\u00edsticas<\/th>\n<td>Montagens para smartphones e c\u00e2maras de aventura inclu\u00eddas<\/td>\n<\/tr>\n<\/tbody>\n<\/table>\n","protected":false},"excerpt":{"rendered":"<p>O trip\u00e9 flex\u00edvel swiss+go Advance 10 para c\u00e2mara de aventura ou smartphone \u00e9 um trip\u00e9 flex\u00edvel, port\u00e1til, compacto, leve, adapt\u00e1vel e ultra-vers\u00e1til. Suas pernas que &#8220;torcem&#8221; assumindo posi\u00e7\u00f5es que lhe permitir\u00e3o obter as fotografias que deseja. Adapta-se a qualquer lugar, por mais irregular que seja. Suas pernas se dobram e giram 360\u00b0. Com suporte para adaptador para smartphone.<\/p>\n","protected":false},"featured_media":25611,"comment_status":"open","ping_status":"closed","template":"","meta":{"_acf_changed":false,"_switchboard_short_link_id":0,"_switchboard_short_link_code":""},"product_brand":[],"product_cat":[1468,1450,1452,1322],"product_tag":[3750,3746],"class_list":{"0":"post-20048","1":"product","2":"type-product","3":"status-publish","4":"has-post-thumbnail","6":"product_cat-tripes-monopodes","7":"product_cat-acessorios-para-telemoveis","8":"product_cat-eletronica","9":"product_cat-fotografia","10":"product_tag-menos-de-30e-pt-pt","11":"product_tag-menos-de-60e-pt-pt","13":"first","14":"instock","15":"taxable","16":"shipping-taxable","17":"purchasable","18":"product-type-simple"},"acf":[],"apcode":"SWI403126","_links":{"self":[{"href":"https:\/\/swissgo.tech\/pt-pt\/wp-json\/wp\/v2\/product\/20048","targetHints":{"allow":["GET"]}}],"collection":[{"href":"https:\/\/swissgo.tech\/pt-pt\/wp-json\/wp\/v2\/product"}],"about":[{"href":"https:\/\/swissgo.tech\/pt-pt\/wp-json\/wp\/v2\/types\/product"}],"replies":[{"embeddable":true,"href":"https:\/\/swissgo.tech\/pt-pt\/wp-json\/wp\/v2\/comments?post=20048"}],"wp:featuredmedia":[{"embeddable":true,"href":"https:\/\/swissgo.tech\/pt-pt\/wp-json\/wp\/v2\/media\/25611"}],"wp:attachment":[{"href":"https:\/\/swissgo.tech\/pt-pt\/wp-json\/wp\/v2\/media?parent=20048"}],"wp:term":[{"taxonomy":"product_brand","embeddable":true,"href":"https:\/\/swissgo.tech\/pt-pt\/wp-json\/wp\/v2\/product_brand?post=20048"},{"taxonomy":"product_cat","embeddable":true,"href":"https:\/\/swissgo.tech\/pt-pt\/wp-json\/wp\/v2\/product_cat?post=20048"},{"taxonomy":"product_tag","embeddable":true,"href":"https:\/\/swissgo.tech\/pt-pt\/wp-json\/wp\/v2\/product_tag?post=20048"}],"curies":[{"name":"wp","href":"https:\/\/api.w.org\/{rel}","templated":true}]}}