{"id":20055,"date":"2026-02-05T04:02:37","date_gmt":"2026-02-05T03:02:37","guid":{"rendered":"https:\/\/swissgo.tech\/p\/tripe-swisspro-advance-rf-31\/"},"modified":"2025-12-02T08:44:46","modified_gmt":"2025-12-02T07:44:46","slug":"tripe-swisspro-advance-rf-31","status":"publish","type":"product","link":"https:\/\/swissgo.tech\/pt-pt\/p\/tripe-swisspro-advance-rf-31\/","title":{"rendered":"trip\u00e9 swiss+pro Advance RF-31"},"content":{"rendered":"<h2 style=\"text-align: center;\"><span style=\"color: #dd2400;\">trip\u00e9 swiss+pro Advance RF-31<\/span><\/h2>\n<p>Se \u00e9 um fot\u00f3grafo aventureiro, o trip\u00e9 ADVANCE RF-31 \u00e9 o complemento ideal para o seu hobby. Com as fun\u00e7\u00f5es comuns da nossa gama de trip\u00e9s ADVANCE, como a coluna central com sistema de fecho ou o bra\u00e7o de ajuste, obter\u00e1 uma precis\u00e3o surpreendente.<\/p>\n<p>O peso leve do trip\u00e9 swiss+pro Advance RF-31 e o seu curto comprimento quando dobrado permitem um transporte f\u00e1cil para uma engenhoca deste tamanho e tamb\u00e9m vem com uma tampa inclu\u00edda. Leve-o para onde quiser e desenvolva seu hobby em lugares que voc\u00ea nunca poderia ter imaginado carregar um trip\u00e9 antes.<\/p>\n<p>Caracter\u00edsticas<\/p>\n<ul>\n<li>Material: Alum\u00ednio<\/li>\n<li>Peso L\u00edquido: 1,58 kg<\/li>\n<li>Longo. Desdobr\u00e1vel: 65,5 cm<\/li>\n<li>Longo. Opera\u00e7\u00e3o MIN: 63 cm<\/li>\n<li>Longo. Opera\u00e7\u00e3o MAX: 164 cm<\/li>\n<li>N\u00famero de sec\u00e7\u00f5es: 3<\/li>\n<li>Di\u00e2metro m\u00ednimo da perna: 20 mm<\/li>\n<li>Di\u00e2metro m\u00e1ximo da perna: 26,7 mm<\/li>\n<li>\u00c2ngulo de posi\u00e7\u00e3o da perna: Ajust\u00e1vel com espalhador central<\/li>\n<li>Coluna central com sistema de fecho<\/li>\n<li>Capacidade m\u00e1xima: 4 Kg<\/li>\n<li>Sistema de contrapeso: Gancho \u2013 Tipo de junta de esfera: Eixo duplo<\/li>\n<li>Tipo de sapato: clipe remov\u00edvel<\/li>\n<li>N\u00edvel de Esp\u00edrito: 2<\/li>\n<li>P\u00e9s: Borracha antiderrapante<\/li>\n<li>Fecho da perna: Tipo de clip<\/li>\n<li>Bra\u00e7o de ajuste de posicionamento: Sim \u2013 Estojo de transporte inclu\u00eddo<\/li>\n<\/ul>\n","protected":false},"excerpt":{"rendered":"<p>Se voc\u00ea \u00e9 um fot\u00f3grafo aventureiro, o trip\u00e9 swiss+pro ADVANCE RF-31 \u00e9 o complemento ideal para o seu hobby.<\/p>\n<ul>\n<li>Capacidade m\u00e1xima: 4 Kg<\/li>\n<li>Material: Alum\u00ednio<\/li>\n<li>Longo. Desdobr\u00e1vel: 65,5 cm<\/li>\n<li>Longo. Opera\u00e7\u00e3o MIN: 63 cm<\/li>\n<li>Longo. Opera\u00e7\u00e3o MAX: 164 cm<\/li>\n<li>\n<\/li>\n<\/ul>\n","protected":false},"featured_media":25623,"comment_status":"open","ping_status":"closed","template":"","meta":{"_acf_changed":false,"_switchboard_short_link_id":0,"_switchboard_short_link_code":""},"product_brand":[],"product_cat":[1322,1468],"product_tag":[3746],"class_list":{"0":"post-20055","1":"product","2":"type-product","3":"status-publish","4":"has-post-thumbnail","6":"product_cat-fotografia","7":"product_cat-tripes-monopodes","8":"product_tag-menos-de-60e-pt-pt","10":"first","11":"instock","12":"taxable","13":"shipping-taxable","14":"purchasable","15":"product-type-simple"},"acf":[],"apcode":"SWI403103","_links":{"self":[{"href":"https:\/\/swissgo.tech\/pt-pt\/wp-json\/wp\/v2\/product\/20055","targetHints":{"allow":["GET"]}}],"collection":[{"href":"https:\/\/swissgo.tech\/pt-pt\/wp-json\/wp\/v2\/product"}],"about":[{"href":"https:\/\/swissgo.tech\/pt-pt\/wp-json\/wp\/v2\/types\/product"}],"replies":[{"embeddable":true,"href":"https:\/\/swissgo.tech\/pt-pt\/wp-json\/wp\/v2\/comments?post=20055"}],"wp:featuredmedia":[{"embeddable":true,"href":"https:\/\/swissgo.tech\/pt-pt\/wp-json\/wp\/v2\/media\/25623"}],"wp:attachment":[{"href":"https:\/\/swissgo.tech\/pt-pt\/wp-json\/wp\/v2\/media?parent=20055"}],"wp:term":[{"taxonomy":"product_brand","embeddable":true,"href":"https:\/\/swissgo.tech\/pt-pt\/wp-json\/wp\/v2\/product_brand?post=20055"},{"taxonomy":"product_cat","embeddable":true,"href":"https:\/\/swissgo.tech\/pt-pt\/wp-json\/wp\/v2\/product_cat?post=20055"},{"taxonomy":"product_tag","embeddable":true,"href":"https:\/\/swissgo.tech\/pt-pt\/wp-json\/wp\/v2\/product_tag?post=20055"}],"curies":[{"name":"wp","href":"https:\/\/api.w.org\/{rel}","templated":true}]}}