{"id":20058,"date":"2026-02-05T04:02:04","date_gmt":"2026-02-05T03:02:04","guid":{"rendered":"https:\/\/swissgo.tech\/p\/swissgo-braco-flexivel-com-garra\/"},"modified":"2025-12-11T09:45:13","modified_gmt":"2025-12-11T08:45:13","slug":"swissgo-braco-flexivel-com-garra","status":"publish","type":"product","link":"https:\/\/swissgo.tech\/pt-pt\/p\/swissgo-braco-flexivel-com-garra\/","title":{"rendered":"swiss+go Bra\u00e7o Flex\u00edvel com Grampo"},"content":{"rendered":"<h2 style=\"text-align: center;\">swiss+go Bra\u00e7o Flex\u00edvel com Grampo<\/h2>\n<p>Bra\u00e7o flex\u00edvel com grampo para fixa\u00e7\u00e3o em uma infinidade de superf\u00edcies. O bra\u00e7o flex\u00edvel pode ser destacado para fixar a c\u00e2mara diretamente \u00e0 pin\u00e7a. Se voc\u00ea estava procurando um trip\u00e9 com o qual voc\u00ea pode segurar sua c\u00e2mera enquanto faz suas cria\u00e7\u00f5es, este bra\u00e7o flex\u00edvel swiss+Go com clipe \u00e9 feito para voc\u00ea.<\/p>\n<p>Temos todos os acess\u00f3rios necess\u00e1rios no mundo das filmagens extremas para que a sua c\u00e2mara o acompanhe em cada uma das suas aventuras. Gra\u00e7as \u00e0 nossa gama completa de acess\u00f3rios, voc\u00ea pode ser o protagonista de um filme de a\u00e7\u00e3o real sem cortes ou a necessidade de efeitos especiais.<\/p>\n<p>O bra\u00e7o flex\u00edvel swiss+Go com bra\u00e7adeira \u00e9 compat\u00edvel com a GoPro.<\/p>\n","protected":false},"excerpt":{"rendered":"<p>Com o bra\u00e7o flex\u00edvel swiss+Go com garra, n\u00e3o h\u00e1 mais problemas em fazer todas as suas cria\u00e7\u00f5es. Poder\u00e1 fixar este bra\u00e7o flex\u00edvel a uma infinidade de superf\u00edcies. Ele tamb\u00e9m pode ser destacado para conectar a c\u00e2mera diretamente \u00e0 bra\u00e7adeira.<\/p>\n","protected":false},"featured_media":25610,"comment_status":"open","ping_status":"closed","template":"","meta":{"_acf_changed":false,"_switchboard_short_link_id":0,"_switchboard_short_link_code":""},"product_brand":[],"product_cat":[1327,1322],"product_tag":[3750,3746],"class_list":{"0":"post-20058","1":"product","2":"type-product","3":"status-publish","4":"has-post-thumbnail","6":"product_cat-acessorios-para-tripes","7":"product_cat-fotografia","8":"product_tag-menos-de-30e-pt-pt","9":"product_tag-menos-de-60e-pt-pt","11":"first","12":"instock","13":"sale","14":"taxable","15":"shipping-taxable","16":"purchasable","17":"product-type-simple"},"acf":[],"apcode":"SWI103045","_links":{"self":[{"href":"https:\/\/swissgo.tech\/pt-pt\/wp-json\/wp\/v2\/product\/20058","targetHints":{"allow":["GET"]}}],"collection":[{"href":"https:\/\/swissgo.tech\/pt-pt\/wp-json\/wp\/v2\/product"}],"about":[{"href":"https:\/\/swissgo.tech\/pt-pt\/wp-json\/wp\/v2\/types\/product"}],"replies":[{"embeddable":true,"href":"https:\/\/swissgo.tech\/pt-pt\/wp-json\/wp\/v2\/comments?post=20058"}],"wp:featuredmedia":[{"embeddable":true,"href":"https:\/\/swissgo.tech\/pt-pt\/wp-json\/wp\/v2\/media\/25610"}],"wp:attachment":[{"href":"https:\/\/swissgo.tech\/pt-pt\/wp-json\/wp\/v2\/media?parent=20058"}],"wp:term":[{"taxonomy":"product_brand","embeddable":true,"href":"https:\/\/swissgo.tech\/pt-pt\/wp-json\/wp\/v2\/product_brand?post=20058"},{"taxonomy":"product_cat","embeddable":true,"href":"https:\/\/swissgo.tech\/pt-pt\/wp-json\/wp\/v2\/product_cat?post=20058"},{"taxonomy":"product_tag","embeddable":true,"href":"https:\/\/swissgo.tech\/pt-pt\/wp-json\/wp\/v2\/product_tag?post=20058"}],"curies":[{"name":"wp","href":"https:\/\/api.w.org\/{rel}","templated":true}]}}