{"id":20066,"date":"2026-02-05T04:02:04","date_gmt":"2026-02-05T03:02:04","guid":{"rendered":"https:\/\/swissgo.tech\/p\/cabeca-de-tripe-swisspro-qh-3\/"},"modified":"2025-12-11T09:44:36","modified_gmt":"2025-12-11T08:44:36","slug":"cabeca-de-tripe-swisspro-qh-3","status":"publish","type":"product","link":"https:\/\/swissgo.tech\/pt-pt\/p\/cabeca-de-tripe-swisspro-qh-3\/","title":{"rendered":"Cabe\u00e7a de trip\u00e9 swiss+pro QH-3"},"content":{"rendered":"<h2><span style=\"color: #dd2400;\">Cabe\u00e7a de trip\u00e9 swiss+pro QH-3<\/span><\/h2>\n<p>Na swiss+pro temos uma ampla gama de juntas esf\u00e9ricas divididas em tr\u00eas grandes s\u00e9ries de diferentes tamanhos e capacidade de carga: QH, Q e V-B.<\/p>\n<p>Todos eles est\u00e3o equipados com v\u00e1rios controles de press\u00e3o que garantem sua firmeza, sapato remov\u00edvel com parafuso de libera\u00e7\u00e3o r\u00e1pida e n\u00edvel de esp\u00edrito integrado.<\/p>\n<p><strong>Especifica\u00e7\u00f5es<\/strong><\/p>\n<ul>\n<li>Material: Alum\u00ednio<\/li>\n<li>Peso l\u00edquido: 889g<\/li>\n<li>Altura da junta da esfera: 110mm<\/li>\n<li>Di\u00e2metro da base: 70mm<\/li>\n<li>Di\u00e2metro da esfera: 50mm<\/li>\n<li>Carga m\u00e1xima: 25kg<\/li>\n<li>Um N\u00edvel de Esp\u00edrito<\/li>\n<li>Tipo de sapato: QR-40<\/li>\n<\/ul>\n","protected":false},"excerpt":{"rendered":"<ul>\n<li>Material: Alum\u00ednio<\/li>\n<li>Peso l\u00edquido: 889g<\/li>\n<li>Altura da junta da esfera: 110mm<\/li>\n<li>Di\u00e2metro da base: 70mm<\/li>\n<li>Di\u00e2metro da esfera: 50mm<\/li>\n<li>Carga m\u00e1xima: 25kg<\/li>\n<li>Um N\u00edvel de Esp\u00edrito<\/li>\n<li>Tipo de sapato: QR-40<\/li>\n<\/ul>\n","protected":false},"featured_media":25605,"comment_status":"open","ping_status":"closed","template":"","meta":{"_acf_changed":false,"_switchboard_short_link_id":0,"_switchboard_short_link_code":""},"product_brand":[],"product_cat":[1327,1322],"product_tag":[3783],"class_list":{"0":"post-20066","1":"product","2":"type-product","3":"status-publish","4":"has-post-thumbnail","6":"product_cat-acessorios-para-tripes","7":"product_cat-fotografia","8":"product_tag-mais-de-60e","10":"first","11":"instock","12":"sale","13":"taxable","14":"shipping-taxable","15":"purchasable","16":"product-type-simple"},"acf":[],"apcode":"SWI403204","_links":{"self":[{"href":"https:\/\/swissgo.tech\/pt-pt\/wp-json\/wp\/v2\/product\/20066","targetHints":{"allow":["GET"]}}],"collection":[{"href":"https:\/\/swissgo.tech\/pt-pt\/wp-json\/wp\/v2\/product"}],"about":[{"href":"https:\/\/swissgo.tech\/pt-pt\/wp-json\/wp\/v2\/types\/product"}],"replies":[{"embeddable":true,"href":"https:\/\/swissgo.tech\/pt-pt\/wp-json\/wp\/v2\/comments?post=20066"}],"wp:featuredmedia":[{"embeddable":true,"href":"https:\/\/swissgo.tech\/pt-pt\/wp-json\/wp\/v2\/media\/25605"}],"wp:attachment":[{"href":"https:\/\/swissgo.tech\/pt-pt\/wp-json\/wp\/v2\/media?parent=20066"}],"wp:term":[{"taxonomy":"product_brand","embeddable":true,"href":"https:\/\/swissgo.tech\/pt-pt\/wp-json\/wp\/v2\/product_brand?post=20066"},{"taxonomy":"product_cat","embeddable":true,"href":"https:\/\/swissgo.tech\/pt-pt\/wp-json\/wp\/v2\/product_cat?post=20066"},{"taxonomy":"product_tag","embeddable":true,"href":"https:\/\/swissgo.tech\/pt-pt\/wp-json\/wp\/v2\/product_tag?post=20066"}],"curies":[{"name":"wp","href":"https:\/\/api.w.org\/{rel}","templated":true}]}}