{"id":20073,"date":"2026-02-05T04:02:37","date_gmt":"2026-02-05T03:02:37","guid":{"rendered":"https:\/\/swissgo.tech\/p\/tripe-fotografico-rf-20-avancado\/"},"modified":"2025-12-02T08:44:58","modified_gmt":"2025-12-02T07:44:58","slug":"tripe-fotografico-rf-20-avancado","status":"publish","type":"product","link":"https:\/\/swissgo.tech\/pt-pt\/p\/tripe-fotografico-rf-20-avancado\/","title":{"rendered":"Trip\u00e9 fotogr\u00e1fico RF-20 avan\u00e7ado"},"content":{"rendered":"<p>Trip\u00e9 para o amador ideal para excurs\u00f5es com c\u00e2meras de luz. Apesar da sua simplicidade, est\u00e1 equipado com um sistema de coluna central com cremalheira e um bra\u00e7o de ajuste para posicionamento vertical, que facilitam o seu manuseamento e garantem a m\u00e1xima precis\u00e3o no momento da instala\u00e7\u00e3o da c\u00e2mara.\n<\/p>\n<p>Especifica\u00e7\u00f5es<\/p>\n<table class=\"shop_attributes\">\n<tr>\n<th>Cor\n<\/th>\n<td>\n<p>Preto\n<\/p>\n<\/td>\n<\/tr>\n<tr>\n<th>Materiais\n<\/th>\n<td>\n<p>Alum\u00ednio\n<\/p>\n<\/td>\n<\/tr>\n<tr>\n<th>Peso\n<\/th>\n<td>\n<p>0,92 kg\n<\/p>\n<\/td>\n<\/tr>\n<tr>\n<th>Altura M\u00ednima\n<\/th>\n<td>\n<p>55 cent\u00edmetros\n<\/p>\n<\/td>\n<\/tr>\n<tr>\n<th>Altura m\u00e1xima\n<\/th>\n<td>\n<p>142 cent\u00edmetros\n<\/p>\n<\/td>\n<\/tr>\n<tr>\n<th>N\u00edvel\n<\/th>\n<td>\n<p>SIM\n<\/p>\n<\/td>\n<\/tr>\n<tr>\n<th>Estojo de transporte\n<\/th>\n<td>\n<p>Inclu\u00eddo\n<\/p>\n<\/td>\n<\/tr>\n<\/table>\n","protected":false},"excerpt":{"rendered":"<p>Trip\u00e9 para o amador ideal para excurs\u00f5es com c\u00e2meras de luz. Apesar da sua simplicidade, est\u00e1 equipado com um sistema de coluna central com cremalheira e um bra\u00e7o de ajuste para posicionamento vertical, que facilitam o seu manuseamento e garantem a m\u00e1xima precis\u00e3o no momento da instala\u00e7\u00e3o da c\u00e2mara.<\/p>\n","protected":false},"featured_media":25617,"comment_status":"open","ping_status":"closed","template":"","meta":{"_acf_changed":false,"_switchboard_short_link_id":0,"_switchboard_short_link_code":""},"product_brand":[],"product_cat":[1322,1468],"product_tag":[3750,3746],"class_list":{"0":"post-20073","1":"product","2":"type-product","3":"status-publish","4":"has-post-thumbnail","6":"product_cat-fotografia","7":"product_cat-tripes-monopodes","8":"product_tag-menos-de-30e-pt-pt","9":"product_tag-menos-de-60e-pt-pt","11":"first","12":"instock","13":"taxable","14":"shipping-taxable","15":"purchasable","16":"product-type-simple"},"acf":[],"apcode":"SWI403101","_links":{"self":[{"href":"https:\/\/swissgo.tech\/pt-pt\/wp-json\/wp\/v2\/product\/20073","targetHints":{"allow":["GET"]}}],"collection":[{"href":"https:\/\/swissgo.tech\/pt-pt\/wp-json\/wp\/v2\/product"}],"about":[{"href":"https:\/\/swissgo.tech\/pt-pt\/wp-json\/wp\/v2\/types\/product"}],"replies":[{"embeddable":true,"href":"https:\/\/swissgo.tech\/pt-pt\/wp-json\/wp\/v2\/comments?post=20073"}],"wp:featuredmedia":[{"embeddable":true,"href":"https:\/\/swissgo.tech\/pt-pt\/wp-json\/wp\/v2\/media\/25617"}],"wp:attachment":[{"href":"https:\/\/swissgo.tech\/pt-pt\/wp-json\/wp\/v2\/media?parent=20073"}],"wp:term":[{"taxonomy":"product_brand","embeddable":true,"href":"https:\/\/swissgo.tech\/pt-pt\/wp-json\/wp\/v2\/product_brand?post=20073"},{"taxonomy":"product_cat","embeddable":true,"href":"https:\/\/swissgo.tech\/pt-pt\/wp-json\/wp\/v2\/product_cat?post=20073"},{"taxonomy":"product_tag","embeddable":true,"href":"https:\/\/swissgo.tech\/pt-pt\/wp-json\/wp\/v2\/product_tag?post=20073"}],"curies":[{"name":"wp","href":"https:\/\/api.w.org\/{rel}","templated":true}]}}