{"id":20094,"date":"2026-02-05T04:02:49","date_gmt":"2026-02-05T03:02:49","guid":{"rendered":"https:\/\/swissgo.tech\/p\/binoculos-swisspro-travel-8x21\/"},"modified":"2025-12-03T12:40:44","modified_gmt":"2025-12-03T11:40:44","slug":"binoculos-swisspro-travel-8x21","status":"publish","type":"product","link":"https:\/\/swissgo.tech\/pt-pt\/p\/binoculos-swisspro-travel-8x21\/","title":{"rendered":"bin\u00f3culos swiss+pro Travel 8&#215;21"},"content":{"rendered":"<p>Os bin\u00f3culos compactos swiss+pro Travel 8&#215;21 s\u00e3o ideais para viagens e eventos desportivos. Estes bin\u00f3culos t\u00eam um campo de vis\u00e3o a uma dist\u00e2ncia de 1000 metros de 7,6\u00ba ou 132m. Ele pesa apenas 209g e tamb\u00e9m inclui um estojo para armazen\u00e1-los.<\/p>\n","protected":false},"excerpt":{"rendered":"<p>Os bin\u00f3culos compactos swiss+pro Travel 8&#215;21 s\u00e3o ideais para viagens e eventos desportivos. Estes bin\u00f3culos t\u00eam um campo de vis\u00e3o a uma dist\u00e2ncia de 1000 metros de 7,6\u00ba ou 132m. Ele pesa apenas 209g e tamb\u00e9m inclui um estojo para armazen\u00e1-los.<\/p>\n","protected":false},"featured_media":25597,"comment_status":"open","ping_status":"closed","template":"","meta":{"_acf_changed":false,"_switchboard_short_link_id":0,"_switchboard_short_link_code":""},"product_brand":[],"product_cat":[3789,1322],"product_tag":[3750,3745,3746],"class_list":{"0":"post-20094","1":"product","2":"type-product","3":"status-publish","4":"has-post-thumbnail","6":"product_cat-binoculos","7":"product_cat-fotografia","8":"product_tag-menos-de-30e-pt-pt","9":"product_tag-menos-de-40e-pt-pt","10":"product_tag-menos-de-60e-pt-pt","12":"first","13":"instock","14":"taxable","15":"shipping-taxable","16":"purchasable","17":"product-type-simple"},"acf":[],"apcode":"SWI200000","_links":{"self":[{"href":"https:\/\/swissgo.tech\/pt-pt\/wp-json\/wp\/v2\/product\/20094","targetHints":{"allow":["GET"]}}],"collection":[{"href":"https:\/\/swissgo.tech\/pt-pt\/wp-json\/wp\/v2\/product"}],"about":[{"href":"https:\/\/swissgo.tech\/pt-pt\/wp-json\/wp\/v2\/types\/product"}],"replies":[{"embeddable":true,"href":"https:\/\/swissgo.tech\/pt-pt\/wp-json\/wp\/v2\/comments?post=20094"}],"wp:featuredmedia":[{"embeddable":true,"href":"https:\/\/swissgo.tech\/pt-pt\/wp-json\/wp\/v2\/media\/25597"}],"wp:attachment":[{"href":"https:\/\/swissgo.tech\/pt-pt\/wp-json\/wp\/v2\/media?parent=20094"}],"wp:term":[{"taxonomy":"product_brand","embeddable":true,"href":"https:\/\/swissgo.tech\/pt-pt\/wp-json\/wp\/v2\/product_brand?post=20094"},{"taxonomy":"product_cat","embeddable":true,"href":"https:\/\/swissgo.tech\/pt-pt\/wp-json\/wp\/v2\/product_cat?post=20094"},{"taxonomy":"product_tag","embeddable":true,"href":"https:\/\/swissgo.tech\/pt-pt\/wp-json\/wp\/v2\/product_tag?post=20094"}],"curies":[{"name":"wp","href":"https:\/\/api.w.org\/{rel}","templated":true}]}}