{"id":20102,"date":"2026-02-05T04:02:49","date_gmt":"2026-02-05T03:02:49","guid":{"rendered":"https:\/\/swissgo.tech\/p\/binoculos-natura-swisspro-10x42\/"},"modified":"2026-02-06T13:05:53","modified_gmt":"2026-02-06T12:05:53","slug":"binoculos-natura-swisspro-10x42","status":"publish","type":"product","link":"https:\/\/swissgo.tech\/pt-pt\/p\/binoculos-natura-swisspro-10x42\/","title":{"rendered":"Bin\u00f3culos Natura swiss+pro 10&#215;42"},"content":{"rendered":"<p>O swiss+pro Natura 10&#215;42 \u00e9 um bin\u00f3culo de alta qualidade tanto no acabamento como na \u00f3tica. Use um prisma BAK4 para uma nitidez invej\u00e1vel. Resistentes a intemp\u00e9ries, como chuva ou nevoeiro, pode us\u00e1-los em qualquer lugar sem preocupa\u00e7\u00f5es. Estes bin\u00f3culos revestidos com lentes BMC t\u00eam um campo de vis\u00e3o a uma dist\u00e2ncia de 1000 metros de 5,5\u00ba ou 96m. Seu peso \u00e9 de 570g e tamb\u00e9m inclui um estojo para armazen\u00e1-los.<\/p>\n","protected":false},"excerpt":{"rendered":"<p>O swiss+pro Natura 10&#215;42 \u00e9 um bin\u00f3culo de alta qualidade tanto no acabamento como na \u00f3tica. Use um prisma BAK4 para uma nitidez invej\u00e1vel. Resistentes a intemp\u00e9ries, como chuva ou nevoeiro, pode us\u00e1-los em qualquer lugar sem preocupa\u00e7\u00f5es. Estes bin\u00f3culos revestidos com lentes BMC t\u00eam um campo de vis\u00e3o a uma dist\u00e2ncia de 1000 metros de 5,5\u00ba ou 96m. Seu peso \u00e9 de 570g e tamb\u00e9m inclui um estojo para armazen\u00e1-los.<\/p>\n","protected":false},"featured_media":25591,"comment_status":"open","ping_status":"closed","template":"","meta":{"_acf_changed":false,"_switchboard_short_link_id":0,"_switchboard_short_link_code":""},"product_brand":[],"product_cat":[3789,1322],"product_tag":[3783],"class_list":{"0":"post-20102","1":"product","2":"type-product","3":"status-publish","4":"has-post-thumbnail","6":"product_cat-binoculos","7":"product_cat-fotografia","8":"product_tag-mais-de-60e","10":"first","11":"instock","12":"taxable","13":"shipping-taxable","14":"purchasable","15":"product-type-simple"},"acf":[],"apcode":"SWI200005","_links":{"self":[{"href":"https:\/\/swissgo.tech\/pt-pt\/wp-json\/wp\/v2\/product\/20102","targetHints":{"allow":["GET"]}}],"collection":[{"href":"https:\/\/swissgo.tech\/pt-pt\/wp-json\/wp\/v2\/product"}],"about":[{"href":"https:\/\/swissgo.tech\/pt-pt\/wp-json\/wp\/v2\/types\/product"}],"replies":[{"embeddable":true,"href":"https:\/\/swissgo.tech\/pt-pt\/wp-json\/wp\/v2\/comments?post=20102"}],"wp:featuredmedia":[{"embeddable":true,"href":"https:\/\/swissgo.tech\/pt-pt\/wp-json\/wp\/v2\/media\/25591"}],"wp:attachment":[{"href":"https:\/\/swissgo.tech\/pt-pt\/wp-json\/wp\/v2\/media?parent=20102"}],"wp:term":[{"taxonomy":"product_brand","embeddable":true,"href":"https:\/\/swissgo.tech\/pt-pt\/wp-json\/wp\/v2\/product_brand?post=20102"},{"taxonomy":"product_cat","embeddable":true,"href":"https:\/\/swissgo.tech\/pt-pt\/wp-json\/wp\/v2\/product_cat?post=20102"},{"taxonomy":"product_tag","embeddable":true,"href":"https:\/\/swissgo.tech\/pt-pt\/wp-json\/wp\/v2\/product_tag?post=20102"}],"curies":[{"name":"wp","href":"https:\/\/api.w.org\/{rel}","templated":true}]}}