{"id":21691,"date":"2026-02-05T04:04:40","date_gmt":"2026-02-05T03:04:40","guid":{"rendered":"https:\/\/swissgo.tech\/p\/swissgo-apollo-auricular-bluetooth-vermelho\/"},"modified":"2025-11-17T11:35:09","modified_gmt":"2025-11-17T10:35:09","slug":"swissgo-apollo-auricular-bluetooth-vermelho","status":"publish","type":"product","link":"https:\/\/swissgo.tech\/pt-pt\/p\/swissgo-apollo-auricular-bluetooth-vermelho\/","title":{"rendered":"swiss+go Apollo Auricular Bluetooth Vermelho"},"content":{"rendered":"<h2 style=\"text-align: center;\"><span style=\"color: #dd2400;\">swiss+go Apollo Auricular Bluetooth Vermelho | Para Smartphone  Tablet | Ouvido aberto<\/span><\/h2>\n<p>&nbsp;<\/p>\n<p>Auscultadores desportivos sem fios com design auricular gratuito que lhe proporcionam uma experi\u00eancia de audi\u00e7\u00e3o imersiva. Permite-lhe ouvir m\u00fasica de alta qualidade sem desligar do som exterior. <\/p>\n<ul>\n<li>Com Bluetooth 5.3, desfrute de uma liga\u00e7\u00e3o sem fios est\u00e1vel at\u00e9 10 metros. Sua ampla faixa de freq\u00fc\u00eancia de 20 Hz a 20 kHz garante uma reprodu\u00e7\u00e3o precisa. <\/li>\n<li>Bateria de \u2248 5 horas (80% vol.).<\/li>\n<li>Desfrute de conforto e qualidade excecionais<\/li>\n<\/ul>\n<p><strong>Carater\u00edsticas<\/strong>:<\/p>\n<ul>\n<li>Vers\u00e3o Bluetooth: 5.3<\/li>\n<li>Freq\u00fc\u00eancia: 20Hz-20kHz<\/li>\n<li>Dist\u00e2ncia de conex\u00e3o: \u2248 10m<\/li>\n<li>Sensibilidade do microfone: -42dB<\/li>\n<li>Bateria: 120mAh<\/li>\n<li>Vida \u00fatil da bateria: \u22485h (80% volume)<\/li>\n<li>Tempo de carregamento: \u2248 1.5h<\/li>\n<li>Tens\u00e3o de carregamento: DC 5V<\/li>\n<\/ul>\n","protected":false},"excerpt":{"rendered":"<ul>\n<li>Para Smartphone e Tablet<\/li>\n<li>Ouvido aberto<\/li>\n<li>Vers\u00e3o Bluetooth: 5.3<\/li>\n<li>Freq\u00fc\u00eancia: 20Hz-20kHz<\/li>\n<li>Dist\u00e2ncia de conex\u00e3o: \u2248 10m<\/li>\n<li>Sensibilidade do microfone: -42dB<\/li>\n<li>Bateria: 120mAh<\/li>\n<li>Vida \u00fatil da bateria: \u22485h (80% volume)<\/li>\n<li>Tempo de carregamento: \u2248 1.5h<\/li>\n<\/ul>\n","protected":false},"featured_media":21171,"comment_status":"open","ping_status":"closed","template":"","meta":{"_acf_changed":false,"_switchboard_short_link_id":0,"_switchboard_short_link_code":""},"product_brand":[],"product_cat":[1301,1293],"product_tag":[],"class_list":{"0":"post-21691","1":"product","2":"type-product","3":"status-publish","4":"has-post-thumbnail","6":"product_cat-audio-pt-pt","7":"product_cat-auscultadores","9":"first","10":"instock","11":"taxable","12":"shipping-taxable","13":"purchasable","14":"product-type-simple"},"acf":[],"apcode":"SWI303118","_links":{"self":[{"href":"https:\/\/swissgo.tech\/pt-pt\/wp-json\/wp\/v2\/product\/21691","targetHints":{"allow":["GET"]}}],"collection":[{"href":"https:\/\/swissgo.tech\/pt-pt\/wp-json\/wp\/v2\/product"}],"about":[{"href":"https:\/\/swissgo.tech\/pt-pt\/wp-json\/wp\/v2\/types\/product"}],"replies":[{"embeddable":true,"href":"https:\/\/swissgo.tech\/pt-pt\/wp-json\/wp\/v2\/comments?post=21691"}],"wp:featuredmedia":[{"embeddable":true,"href":"https:\/\/swissgo.tech\/pt-pt\/wp-json\/wp\/v2\/media\/21171"}],"wp:attachment":[{"href":"https:\/\/swissgo.tech\/pt-pt\/wp-json\/wp\/v2\/media?parent=21691"}],"wp:term":[{"taxonomy":"product_brand","embeddable":true,"href":"https:\/\/swissgo.tech\/pt-pt\/wp-json\/wp\/v2\/product_brand?post=21691"},{"taxonomy":"product_cat","embeddable":true,"href":"https:\/\/swissgo.tech\/pt-pt\/wp-json\/wp\/v2\/product_cat?post=21691"},{"taxonomy":"product_tag","embeddable":true,"href":"https:\/\/swissgo.tech\/pt-pt\/wp-json\/wp\/v2\/product_tag?post=21691"}],"curies":[{"name":"wp","href":"https:\/\/api.w.org\/{rel}","templated":true}]}}