{"id":21694,"date":"2026-02-05T04:04:40","date_gmt":"2026-02-05T03:04:40","guid":{"rendered":"https:\/\/swissgo.tech\/p\/fone-de-ouvido-bluetooth-swissgo-apollo-kids\/"},"modified":"2025-11-17T11:35:10","modified_gmt":"2025-11-17T10:35:10","slug":"fone-de-ouvido-bluetooth-swissgo-apollo-kids","status":"publish","type":"product","link":"https:\/\/swissgo.tech\/pt-pt\/p\/fone-de-ouvido-bluetooth-swissgo-apollo-kids\/","title":{"rendered":"Fone de ouvido Bluetooth Swiss+Go Apollo Kids"},"content":{"rendered":"<h2 style=\"text-align: center;\"><span style=\"color: #dd2400;\">Fone de ouvido Bluetooth Swiss+Go Apollo Kids | Para Smartphone e Tablet, Open Ear<\/span><\/h2>\n<p>Principais caracter\u00edsticas:<\/p>\n<ul>\n<li>Vers\u00e3o Bluetooth: 5.3<\/li>\n<li>Freq\u00fc\u00eancia: 20Hz-20kHz<\/li>\n<li>Dist\u00e2ncia de conex\u00e3o: \u2248 10m<\/li>\n<li>Sensibilidade do microfone: -42dB<\/li>\n<li>Bateria: 120mAh<\/li>\n<li>Vida \u00fatil da bateria: \u22485h (80% volume)<\/li>\n<li>Tempo de carregamento: \u2248 1.5h<\/li>\n<li>Tens\u00e3o de carregamento: DC 5V<\/li>\n<\/ul>\n","protected":false},"excerpt":{"rendered":"<p>Para Smartphone e Tablet, Open Ear<\/p>\n<p>Auscultadores sem fios para os mais pequenos com design auricular gratuito que ir\u00e1 oferecer uma experi\u00eancia de audi\u00e7\u00e3o imersiva. As crian\u00e7as poder\u00e3o ouvir os seus v\u00eddeos e m\u00fasicas favoritas sem se desligarem do som exterior. Conforto e qualidade excecionais.  <\/p>\n<p>Com Bluetooth 5.3, desfrute de uma liga\u00e7\u00e3o sem fios est\u00e1vel at\u00e9 10 metros. Sua ampla faixa de freq\u00fc\u00eancia de 20 Hz a 20 kHz garante uma reprodu\u00e7\u00e3o precisa. <\/p>\n<p>Bateria de \u2248 de 5 horas (80%)<\/p>\n","protected":false},"featured_media":21192,"comment_status":"open","ping_status":"closed","template":"","meta":{"_acf_changed":false,"_switchboard_short_link_id":0,"_switchboard_short_link_code":""},"product_brand":[],"product_cat":[1301,1293],"product_tag":[],"class_list":{"0":"post-21694","1":"product","2":"type-product","3":"status-publish","4":"has-post-thumbnail","6":"product_cat-audio-pt-pt","7":"product_cat-auscultadores","9":"first","10":"instock","11":"taxable","12":"shipping-taxable","13":"purchasable","14":"product-type-simple"},"acf":[],"apcode":"SWI303119","_links":{"self":[{"href":"https:\/\/swissgo.tech\/pt-pt\/wp-json\/wp\/v2\/product\/21694","targetHints":{"allow":["GET"]}}],"collection":[{"href":"https:\/\/swissgo.tech\/pt-pt\/wp-json\/wp\/v2\/product"}],"about":[{"href":"https:\/\/swissgo.tech\/pt-pt\/wp-json\/wp\/v2\/types\/product"}],"replies":[{"embeddable":true,"href":"https:\/\/swissgo.tech\/pt-pt\/wp-json\/wp\/v2\/comments?post=21694"}],"wp:featuredmedia":[{"embeddable":true,"href":"https:\/\/swissgo.tech\/pt-pt\/wp-json\/wp\/v2\/media\/21192"}],"wp:attachment":[{"href":"https:\/\/swissgo.tech\/pt-pt\/wp-json\/wp\/v2\/media?parent=21694"}],"wp:term":[{"taxonomy":"product_brand","embeddable":true,"href":"https:\/\/swissgo.tech\/pt-pt\/wp-json\/wp\/v2\/product_brand?post=21694"},{"taxonomy":"product_cat","embeddable":true,"href":"https:\/\/swissgo.tech\/pt-pt\/wp-json\/wp\/v2\/product_cat?post=21694"},{"taxonomy":"product_tag","embeddable":true,"href":"https:\/\/swissgo.tech\/pt-pt\/wp-json\/wp\/v2\/product_tag?post=21694"}],"curies":[{"name":"wp","href":"https:\/\/api.w.org\/{rel}","templated":true}]}}