{"id":21699,"date":"2026-02-05T04:04:58","date_gmt":"2026-02-05T03:04:58","guid":{"rendered":"https:\/\/swissgo.tech\/p\/swissgo-topview-full-hd-projetor-led-portatil\/"},"modified":"2026-01-01T13:36:28","modified_gmt":"2026-01-01T12:36:28","slug":"swissgo-topview-full-hd-projetor-led-portatil","status":"publish","type":"product","link":"https:\/\/swissgo.tech\/pt-pt\/p\/swissgo-topview-full-hd-projetor-led-portatil\/","title":{"rendered":"Swiss+Go TopView Full HD Projetor Led Port\u00e1til"},"content":{"rendered":"<h2 style=\"text-align: center;\"><span style=\"color: #dd2400;\">Swiss+Go TopView Full HD Projetor LED port\u00e1til | Altifalante 2x3W | Controlo Remoto | Wi-Fi | BT | Entrada USB ou HDMI | Brilho 150 ANSI<\/span><\/h2>\n<p>swiss+go TopView Full HD Portable LED Projetor redefine o entretenimento em casa. Este projetor \u00e9 projetado para oferecer versatilidade e conforto, sua rota\u00e7\u00e3o de 180\u00b0 permite que ele projete em qualquer superf\u00edcie, at\u00e9 mesmo no teto. Com uma resolu\u00e7\u00e3o HD nativa (1280\u00d7720) e suporte Full HD, ir\u00e1 desfrutar de imagens n\u00edtidas e vibrantes. Sua l\u00e2mpada com mais de 50.000 horas de vida \u00fatil garante durabilidade excecional.   <\/p>\n<p>Este projetor suporta formatos 16:9 e 4:3, oferecendo proje\u00e7\u00e3o de at\u00e9 150&#8243; a partir de apenas 0,9m. Inclui aplica\u00e7\u00f5es Smart TV, conectividade Bluetooth e WiFi, entradas HDMI e USB e fun\u00e7\u00e3o KEYSTONE 4D para ajustes de imagem perfeitos. Compacto, leve e com colunas de 3W integradas, \u00e9 ideal para filmes, apresenta\u00e7\u00f5es ou jogos.  <\/p>\n<p>Leve a experi\u00eancia cinematogr\u00e1fica para casa ou para onde quiser!<\/p>\n<p><strong>CARACTER\u00cdSTICAS DO Swiss+Go TopView Full HD Portable Led Projetor:<\/strong><\/p>\n<ul>\n<li>Formato de imagem: 16:9 e 4:3<\/li>\n<li>Dist\u00e2ncia \/ Tamanho da Proje\u00e7\u00e3o: 0.9-4.2 m \/ 30-150&#8243;<\/li>\n<li>Foco Manual<\/li>\n<li>Fonte de luz: +50.000 horas<\/li>\n<li>Alto-falante embutido: 2x3W<\/li>\n<li>Resolu\u00e7\u00e3o nativa do chip: 1280\u00d7720<\/li>\n<li>Resolu\u00e7\u00e3o suportada: 1920\u00d71080 (nHD)<\/li>\n<li>Brilho m\u00e1ximo: 3000 lumens (150 ANSI)<\/li>\n<li>Bluetooth \/ WIFI<\/li>\n<\/ul>\n<p><strong>ENTRADAS\/SA\u00cdDAS:<\/strong><\/p>\n<ul>\n<li>1 x HDMI\/HD Filmes\/Entrada de \u00c1udio<\/li>\n<li>1 x porta de \u00e1udio 1\/8&#8243;\/ sa\u00edda de 3,5 mm<\/li>\n<li>1 x USB Tipo-A 5V, Entrada de V\u00eddeo\/Pot\u00eancia de Sa\u00edda<\/li>\n<li>Ficheiros suportados: MP3, GIF, JPG, BMP, MP4&#8230;<\/li>\n<\/ul>\n<p><strong>CONTE\u00daDO DA CAIXA:<\/strong><\/p>\n<ul>\n<li>1 x projetor LCD:<\/li>\n<li>1 x controle remoto, 1 x manual<\/li>\n<li>Compat\u00edvel com dispositivos com rosca de 1\/4&#8221;<\/li>\n<\/ul>\n","protected":false},"excerpt":{"rendered":"<p>Descubra o projetor LED port\u00e1til swiss+go TopView Full HD, o companheiro ideal para os seus momentos de entretenimento. Compacto e leve, com proje\u00e7\u00e3o ajust\u00e1vel de 30&#8243; a 150&#8243; e tecnologia Smart TV integrada. A sua conectividade Bluetooth, HDMI, Airplay e Miracast garante uma experi\u00eancia completa. Qualidade HD e l\u00e2mpada de 50.000 horas para divers\u00e3o ilimitada.   <\/p>\n","protected":false},"featured_media":21616,"comment_status":"open","ping_status":"closed","template":"","meta":{"_acf_changed":false,"_switchboard_short_link_id":0,"_switchboard_short_link_code":""},"product_brand":[],"product_cat":[3849,1376],"product_tag":[],"class_list":{"0":"post-21699","1":"product","2":"type-product","3":"status-publish","4":"has-post-thumbnail","6":"product_cat-projetores","7":"product_cat-video-pt-pt","9":"first","10":"instock","11":"taxable","12":"shipping-taxable","13":"purchasable","14":"product-type-simple"},"acf":[],"apcode":"SWI105000","_links":{"self":[{"href":"https:\/\/swissgo.tech\/pt-pt\/wp-json\/wp\/v2\/product\/21699","targetHints":{"allow":["GET"]}}],"collection":[{"href":"https:\/\/swissgo.tech\/pt-pt\/wp-json\/wp\/v2\/product"}],"about":[{"href":"https:\/\/swissgo.tech\/pt-pt\/wp-json\/wp\/v2\/types\/product"}],"replies":[{"embeddable":true,"href":"https:\/\/swissgo.tech\/pt-pt\/wp-json\/wp\/v2\/comments?post=21699"}],"wp:featuredmedia":[{"embeddable":true,"href":"https:\/\/swissgo.tech\/pt-pt\/wp-json\/wp\/v2\/media\/21616"}],"wp:attachment":[{"href":"https:\/\/swissgo.tech\/pt-pt\/wp-json\/wp\/v2\/media?parent=21699"}],"wp:term":[{"taxonomy":"product_brand","embeddable":true,"href":"https:\/\/swissgo.tech\/pt-pt\/wp-json\/wp\/v2\/product_brand?post=21699"},{"taxonomy":"product_cat","embeddable":true,"href":"https:\/\/swissgo.tech\/pt-pt\/wp-json\/wp\/v2\/product_cat?post=21699"},{"taxonomy":"product_tag","embeddable":true,"href":"https:\/\/swissgo.tech\/pt-pt\/wp-json\/wp\/v2\/product_tag?post=21699"}],"curies":[{"name":"wp","href":"https:\/\/api.w.org\/{rel}","templated":true}]}}