{"id":22048,"date":"2026-02-05T04:02:04","date_gmt":"2026-02-05T03:02:04","guid":{"rendered":"https:\/\/swissgo.tech\/p\/swissgo-acessorio-para-capacete-compativel-com-gopro\/"},"modified":"2025-12-11T09:44:31","modified_gmt":"2025-12-11T08:44:31","slug":"swissgo-acessorio-para-capacete-compativel-com-gopro","status":"publish","type":"product","link":"https:\/\/swissgo.tech\/pt-pt\/p\/swissgo-acessorio-para-capacete-compativel-com-gopro\/","title":{"rendered":"Fixa\u00e7\u00e3o para o capacete swiss+go compat\u00edvel com a GoPro"},"content":{"rendered":"<h2 style=\"text-align: center;\">Fixa\u00e7\u00e3o para o capacete swiss+go compat\u00edvel com a GoPro<\/h2>\n<p>Acess\u00f3rio de capacete f\u00e1cil de colar que lhe permite ligar a sua c\u00e2mara de aventura ao seu capacete ou a outra superf\u00edcie, como o carro ou uma prancha de surf. Temos todos os acess\u00f3rios necess\u00e1rios no mundo das filmagens extremas para que a sua c\u00e2mara o acompanhe em cada uma das suas aventuras. Gra\u00e7as \u00e0 nossa gama completa de acess\u00f3rios, voc\u00ea pode ser o protagonista de um filme de a\u00e7\u00e3o real sem cortes ou a necessidade de efeitos especiais. Este capacete \u00e9 compat\u00edvel com Gopro e c\u00e2meras de aventura semelhantes.<\/p>\n<p>Especifica\u00e7\u00f5es da fixa\u00e7\u00e3o de capacete swiss+go:<\/p>\n<table class=\"shop_attributes\">\n<tbody>\n<tr>\n<th>Apoios<\/th>\n<td>GoPro<\/td>\n<\/tr>\n<\/tbody>\n<\/table>\n","protected":false},"excerpt":{"rendered":"<p>\u00c9 amante de desportos radicais? Quer registar cada uma das suas experi\u00eancias? Com o nosso swiss+go compat\u00edvel com GoPro e outras c\u00e2maras de aventura, n\u00e3o ficar\u00e1 sem registar nenhuma das suas aventuras. Este acess\u00f3rio de capacete f\u00e1cil de colar permite-lhe ligar a sua c\u00e2mara de aventura ao seu capacete ou a outra superf\u00edcie, como o carro ou uma prancha de surf.   <\/p>\n","protected":false},"featured_media":25609,"comment_status":"open","ping_status":"closed","template":"","meta":{"_acf_changed":false,"_switchboard_short_link_id":0,"_switchboard_short_link_code":""},"product_brand":[],"product_cat":[3784,1376],"product_tag":[3750,3746],"class_list":{"0":"post-22048","1":"product","2":"type-product","3":"status-publish","4":"has-post-thumbnail","6":"product_cat-acessorios-para-camaras-de-video","7":"product_cat-video-pt-pt","8":"product_tag-menos-de-30e-pt-pt","9":"product_tag-menos-de-60e-pt-pt","11":"first","12":"instock","13":"sale","14":"taxable","15":"shipping-taxable","16":"purchasable","17":"product-type-simple"},"acf":[],"apcode":"SWI103044","_links":{"self":[{"href":"https:\/\/swissgo.tech\/pt-pt\/wp-json\/wp\/v2\/product\/22048","targetHints":{"allow":["GET"]}}],"collection":[{"href":"https:\/\/swissgo.tech\/pt-pt\/wp-json\/wp\/v2\/product"}],"about":[{"href":"https:\/\/swissgo.tech\/pt-pt\/wp-json\/wp\/v2\/types\/product"}],"replies":[{"embeddable":true,"href":"https:\/\/swissgo.tech\/pt-pt\/wp-json\/wp\/v2\/comments?post=22048"}],"wp:featuredmedia":[{"embeddable":true,"href":"https:\/\/swissgo.tech\/pt-pt\/wp-json\/wp\/v2\/media\/25609"}],"wp:attachment":[{"href":"https:\/\/swissgo.tech\/pt-pt\/wp-json\/wp\/v2\/media?parent=22048"}],"wp:term":[{"taxonomy":"product_brand","embeddable":true,"href":"https:\/\/swissgo.tech\/pt-pt\/wp-json\/wp\/v2\/product_brand?post=22048"},{"taxonomy":"product_cat","embeddable":true,"href":"https:\/\/swissgo.tech\/pt-pt\/wp-json\/wp\/v2\/product_cat?post=22048"},{"taxonomy":"product_tag","embeddable":true,"href":"https:\/\/swissgo.tech\/pt-pt\/wp-json\/wp\/v2\/product_tag?post=22048"}],"curies":[{"name":"wp","href":"https:\/\/api.w.org\/{rel}","templated":true}]}}