{"id":22053,"date":"2026-02-05T04:02:49","date_gmt":"2026-02-05T03:02:49","guid":{"rendered":"https:\/\/swissgo.tech\/p\/swisspro-travel-12x32-binocular\/"},"modified":"2026-02-06T13:06:22","modified_gmt":"2026-02-06T12:06:22","slug":"swisspro-travel-12x32-binocular","status":"publish","type":"product","link":"https:\/\/swissgo.tech\/pt-pt\/p\/swisspro-travel-12x32-binocular\/","title":{"rendered":"swiss+pro Travel 12&#215;32 binocular"},"content":{"rendered":"<p>Os bin\u00f3culos compactos swiss+pro Travel 12&#215;32 s\u00e3o ideais para viagens e eventos desportivos. Estes bin\u00f3culos t\u00eam um campo de vis\u00e3o a uma dist\u00e2ncia de 1000 metros de 4,3\u00ba ou 78m. Ele pesa apenas 318g e tamb\u00e9m inclui um estojo para armazen\u00e1-los.  <\/p>\n","protected":false},"excerpt":{"rendered":"<p>Os bin\u00f3culos compactos swiss+pro Travel 12&#215;32 s\u00e3o ideais para viagens e eventos desportivos. Estes bin\u00f3culos t\u00eam um campo de vis\u00e3o a uma dist\u00e2ncia de 1000 metros de 4,3\u00ba ou 78m. Ele pesa apenas 318g e tamb\u00e9m inclui um estojo para armazen\u00e1-los.  <\/p>\n","protected":false},"featured_media":25595,"comment_status":"open","ping_status":"closed","template":"","meta":{"_acf_changed":false,"_switchboard_short_link_id":0,"_switchboard_short_link_code":""},"product_brand":[],"product_cat":[3789,1322],"product_tag":[3745,3746],"class_list":{"0":"post-22053","1":"product","2":"type-product","3":"status-publish","4":"has-post-thumbnail","6":"product_cat-binoculos","7":"product_cat-fotografia","8":"product_tag-menos-de-40e-pt-pt","9":"product_tag-menos-de-60e-pt-pt","11":"first","12":"instock","13":"taxable","14":"shipping-taxable","15":"purchasable","16":"product-type-simple"},"acf":[],"apcode":"SWI200002","_links":{"self":[{"href":"https:\/\/swissgo.tech\/pt-pt\/wp-json\/wp\/v2\/product\/22053","targetHints":{"allow":["GET"]}}],"collection":[{"href":"https:\/\/swissgo.tech\/pt-pt\/wp-json\/wp\/v2\/product"}],"about":[{"href":"https:\/\/swissgo.tech\/pt-pt\/wp-json\/wp\/v2\/types\/product"}],"replies":[{"embeddable":true,"href":"https:\/\/swissgo.tech\/pt-pt\/wp-json\/wp\/v2\/comments?post=22053"}],"wp:featuredmedia":[{"embeddable":true,"href":"https:\/\/swissgo.tech\/pt-pt\/wp-json\/wp\/v2\/media\/25595"}],"wp:attachment":[{"href":"https:\/\/swissgo.tech\/pt-pt\/wp-json\/wp\/v2\/media?parent=22053"}],"wp:term":[{"taxonomy":"product_brand","embeddable":true,"href":"https:\/\/swissgo.tech\/pt-pt\/wp-json\/wp\/v2\/product_brand?post=22053"},{"taxonomy":"product_cat","embeddable":true,"href":"https:\/\/swissgo.tech\/pt-pt\/wp-json\/wp\/v2\/product_cat?post=22053"},{"taxonomy":"product_tag","embeddable":true,"href":"https:\/\/swissgo.tech\/pt-pt\/wp-json\/wp\/v2\/product_tag?post=22053"}],"curies":[{"name":"wp","href":"https:\/\/api.w.org\/{rel}","templated":true}]}}