{"id":22056,"date":"2026-02-05T04:02:37","date_gmt":"2026-02-05T03:02:37","guid":{"rendered":"https:\/\/swissgo.tech\/p\/alojamento-subaquatico-para-camaras-swissgo-eagle-e-shark\/"},"modified":"2025-12-11T09:42:22","modified_gmt":"2025-12-11T08:42:22","slug":"alojamento-subaquatico-para-camaras-swissgo-eagle-e-shark","status":"publish","type":"product","link":"https:\/\/swissgo.tech\/pt-pt\/p\/alojamento-subaquatico-para-camaras-swissgo-eagle-e-shark\/","title":{"rendered":"Alojamento subaqu\u00e1tico para c\u00e2maras su\u00ed\u00e7a+go Eagle e Shark"},"content":{"rendered":"<h2 style=\"text-align: center;\">Alojamento subaqu\u00e1tico para c\u00e2maras su\u00ed\u00e7a+go Eagle e Shark<\/h2>\n<p>Substitui\u00e7\u00e3o da carca\u00e7a subaqu\u00e1tica para swiss+go Eagle e Shark. Use-o no mar e na piscina sem o perigo de sua c\u00e2mera se molhar. O inv\u00f3lucro subaqu\u00e1tico pode suportar at\u00e9 30 metros de profundidade sem qualquer problema. Registe todos os seus mergulhos no mar, os seus filhos a brincar na piscina, a fazer snorkeling&#8230;   <\/p>\n<p>Temos todos os acess\u00f3rios necess\u00e1rios no mundo das filmagens extremas para que a sua <a href=\"https:\/\/www.swiss-pro.com\/productos\/productos\/video\/camaras-aventura\/\" target=\"_blank\" rel=\"noopener noreferrer\">c\u00e2mara<\/a> o acompanhe em cada uma das suas aventuras.<br \/>\nGra\u00e7as \u00e0 nossa gama completa de acess\u00f3rios, voc\u00ea pode ser o protagonista de um filme de a\u00e7\u00e3o real sem cortes ou a necessidade de efeitos especiais.<\/p>\n","protected":false},"excerpt":{"rendered":"<p>Para aproveitar melhor todas as vantagens da c\u00e2mera Eagle and Shark, voc\u00ea vai precisar desta habita\u00e7\u00e3o com a qual voc\u00ea pode mergulhar at\u00e9 30 metros para obter fotos e v\u00eddeos incr\u00edveis. Obtenha esta caixa subaqu\u00e1tica de substitui\u00e7\u00e3o para sua c\u00e2mera swiss+go Eagle e Shark agora. <\/p>\n","protected":false},"featured_media":25543,"comment_status":"open","ping_status":"closed","template":"","meta":{"_acf_changed":false,"_switchboard_short_link_id":0,"_switchboard_short_link_code":""},"product_brand":[],"product_cat":[3784,1376],"product_tag":[3750,3745,3746],"class_list":{"0":"post-22056","1":"product","2":"type-product","3":"status-publish","4":"has-post-thumbnail","6":"product_cat-acessorios-para-camaras-de-video","7":"product_cat-video-pt-pt","8":"product_tag-menos-de-30e-pt-pt","9":"product_tag-menos-de-40e-pt-pt","10":"product_tag-menos-de-60e-pt-pt","12":"first","13":"instock","14":"sale","15":"taxable","16":"shipping-taxable","17":"purchasable","18":"product-type-simple"},"acf":[],"apcode":"SWI103043","_links":{"self":[{"href":"https:\/\/swissgo.tech\/pt-pt\/wp-json\/wp\/v2\/product\/22056","targetHints":{"allow":["GET"]}}],"collection":[{"href":"https:\/\/swissgo.tech\/pt-pt\/wp-json\/wp\/v2\/product"}],"about":[{"href":"https:\/\/swissgo.tech\/pt-pt\/wp-json\/wp\/v2\/types\/product"}],"replies":[{"embeddable":true,"href":"https:\/\/swissgo.tech\/pt-pt\/wp-json\/wp\/v2\/comments?post=22056"}],"wp:featuredmedia":[{"embeddable":true,"href":"https:\/\/swissgo.tech\/pt-pt\/wp-json\/wp\/v2\/media\/25543"}],"wp:attachment":[{"href":"https:\/\/swissgo.tech\/pt-pt\/wp-json\/wp\/v2\/media?parent=22056"}],"wp:term":[{"taxonomy":"product_brand","embeddable":true,"href":"https:\/\/swissgo.tech\/pt-pt\/wp-json\/wp\/v2\/product_brand?post=22056"},{"taxonomy":"product_cat","embeddable":true,"href":"https:\/\/swissgo.tech\/pt-pt\/wp-json\/wp\/v2\/product_cat?post=22056"},{"taxonomy":"product_tag","embeddable":true,"href":"https:\/\/swissgo.tech\/pt-pt\/wp-json\/wp\/v2\/product_tag?post=22056"}],"curies":[{"name":"wp","href":"https:\/\/api.w.org\/{rel}","templated":true}]}}