{"id":22078,"date":"2026-02-05T04:04:40","date_gmt":"2026-02-05T03:04:40","guid":{"rendered":"https:\/\/swissgo.tech\/p\/swissgo-papel-termico-adesivo-para-kidycam-pack-com-5-rolos\/"},"modified":"2025-11-17T11:34:45","modified_gmt":"2025-11-17T10:34:45","slug":"swissgo-papel-termico-adesivo-para-kidycam-pack-com-5-rolos","status":"publish","type":"product","link":"https:\/\/swissgo.tech\/pt-pt\/p\/swissgo-papel-termico-adesivo-para-kidycam-pack-com-5-rolos\/","title":{"rendered":"Papel T\u00e9rmico Adesivo swiss+go para Kidycam Pack com 5 rolos"},"content":{"rendered":"<h2 style=\"text-align: center;\"><span style=\"color: #dd2400;\">Papel T\u00e9rmico Adesivo swiss+go para Kidycam Pack com 5 rolos  <\/span><\/h2>\n<p>O swiss+go para Kidycam (Pack com 5 rolos) \u00e9 o companheiro essencial da sua c\u00e2mara instant\u00e2nea. Estes rolos de papel t\u00e9rmico de alta qualidade (5,5 cm x 100 cm) permitem-lhe imprimir as suas fotografias instantaneamente com facilidade e precis\u00e3o. Com adesivo nas costas, pode criar mem\u00f3rias \u00fanicas e personalizadas para decorar ou partilhar. Garanta momentos especiais com este papel termossens\u00edvel concebido para a c\u00e2mara Kidycam.   <\/p>\n<p>&nbsp;<\/p>\n","protected":false},"excerpt":{"rendered":"<p>Rolos de papel t\u00e9rmico de alta qualidade (5,5 cm x 100 cm) com adesivo na parte de tr\u00e1s para criar mem\u00f3rias \u00fanicas e personalizadas e, assim, decorar facilmente com suas fotos favoritas<\/p>\n","protected":false},"featured_media":11593,"comment_status":"open","ping_status":"closed","template":"","meta":{"_acf_changed":false,"_switchboard_short_link_id":0,"_switchboard_short_link_code":""},"product_brand":[3851],"product_cat":[1322],"product_tag":[3750,3745,3746],"class_list":{"0":"post-22078","1":"product","2":"type-product","3":"status-publish","4":"has-post-thumbnail","6":"product_brand-swissgo","7":"product_cat-fotografia","8":"product_tag-menos-de-30e-pt-pt","9":"product_tag-menos-de-40e-pt-pt","10":"product_tag-menos-de-60e-pt-pt","12":"first","13":"instock","14":"taxable","15":"shipping-taxable","16":"purchasable","17":"product-type-simple"},"acf":[],"apcode":"SWI400321","_links":{"self":[{"href":"https:\/\/swissgo.tech\/pt-pt\/wp-json\/wp\/v2\/product\/22078","targetHints":{"allow":["GET"]}}],"collection":[{"href":"https:\/\/swissgo.tech\/pt-pt\/wp-json\/wp\/v2\/product"}],"about":[{"href":"https:\/\/swissgo.tech\/pt-pt\/wp-json\/wp\/v2\/types\/product"}],"replies":[{"embeddable":true,"href":"https:\/\/swissgo.tech\/pt-pt\/wp-json\/wp\/v2\/comments?post=22078"}],"wp:featuredmedia":[{"embeddable":true,"href":"https:\/\/swissgo.tech\/pt-pt\/wp-json\/wp\/v2\/media\/11593"}],"wp:attachment":[{"href":"https:\/\/swissgo.tech\/pt-pt\/wp-json\/wp\/v2\/media?parent=22078"}],"wp:term":[{"taxonomy":"product_brand","embeddable":true,"href":"https:\/\/swissgo.tech\/pt-pt\/wp-json\/wp\/v2\/product_brand?post=22078"},{"taxonomy":"product_cat","embeddable":true,"href":"https:\/\/swissgo.tech\/pt-pt\/wp-json\/wp\/v2\/product_cat?post=22078"},{"taxonomy":"product_tag","embeddable":true,"href":"https:\/\/swissgo.tech\/pt-pt\/wp-json\/wp\/v2\/product_tag?post=22078"}],"curies":[{"name":"wp","href":"https:\/\/api.w.org\/{rel}","templated":true}]}}