{"id":22089,"date":"2026-02-05T04:04:28","date_gmt":"2026-02-05T03:04:28","guid":{"rendered":"https:\/\/swissgo.tech\/p\/swissgo-apollo-air-x1-auscultadores-bluetooth\/"},"modified":"2025-11-17T11:34:24","modified_gmt":"2025-11-17T10:34:24","slug":"swissgo-apollo-air-x1-auscultadores-bluetooth","status":"publish","type":"product","link":"https:\/\/swissgo.tech\/pt-pt\/p\/swissgo-apollo-air-x1-auscultadores-bluetooth\/","title":{"rendered":"swiss+go Apollo Air X1 Auscultadores Bluetooth"},"content":{"rendered":"<h2 style=\"text-align: center;\"><strong>swiss+go Apollo Air X1 Auscultadores Bluetooth<\/strong><\/h2>\n<p style=\"text-align: left;\"><strong> <\/strong><br \/>\nAuscultadores de condu\u00e7\u00e3o a\u00e9rea, sem fios via Bluetooth 5.3. swiss+go Os auscultadores Bluetooth Apollo AirX1 s\u00e3o auscultadores desportivos abertos com microfone ideais para treinos e para a sua vida di\u00e1ria. Apresentam tecnologia de ouvido aberto, que transfere o som atrav\u00e9s das ma\u00e7\u00e3s do rosto para que possa ouvir a sua m\u00fasica favorita sem se desligar completamente do ambiente.  <\/p>\n<p>swiss+go O fone de ouvido Bluetooth Apolo Air X1 \u00e9 perfeito para esportes ao ar livre por um longo tempo, como ciclismo, caminhadas, corrida, yoga, exerc\u00edcios em geral e sem se preocupar com suor! Poder\u00e1 ouvir a sua m\u00fasica favorita sem ignorar os sons que o rodeiam: o seu animal de estima\u00e7\u00e3o, a sua fam\u00edlia&#8230; <\/p>\n<p>Amplamente aplic\u00e1vel para Xiaomi, Huawei, iPhone e outros dispositivos bluetooth. os auscultadores Apollo proporcionam um efeito de conversa alto e claro. Al\u00e9m disso, tem uma bateria de l\u00edtio de 180mAh integrada. A opera\u00e7\u00e3o dura 6 horas ap\u00f3s a carga completa.   <\/p>\n<p><strong>Caracter\u00edsticas dos auscultadores Bluetooth swiss+go Apollo AirX1<\/strong><\/p>\n<ul>\n<li>Conforto de orelha aberta<\/li>\n<li>Ou\u00e7a a m\u00fasica sem perder detalhes do som exterior.<\/li>\n<li>Som grave profundo<\/li>\n<\/ul>\n<p><strong>Especifica\u00e7\u00e3o<\/strong><\/p>\n<ul>\n<li>Bluetooth 5,3<\/li>\n<li>Alcance de conex\u00e3o &lt;= 10 m<\/li>\n<li>Faixa de freq\u00fc\u00eancia: 20Hz-20KHz<\/li>\n<li>Bateria: 180 mAh<\/li>\n<li>Tempo de carregamento: 2 horas<\/li>\n<li>Tempo de espera: \u2265300 horas<\/li>\n<li>Tempo de reprodu\u00e7\u00e3o: \u22656 horas<\/li>\n<\/ul>\n<p><strong>Fun\u00e7\u00f5es<\/strong><\/p>\n<ul>\n<li>Controlo de m\u00fasica\/volume<\/li>\n<li>Responder\/rejeitar\/desligar uma chamada<\/li>\n<li>Aceder ao comando de voz<\/li>\n<\/ul>\n","protected":false},"excerpt":{"rendered":"<p>Com os novos auscultadores Bluetooth swiss+go Apollo AirX1 obter\u00e1 auscultadores com design de orelha aberta, sem fios via Bluetooth 5.3, ideais para desporto e treino, sem perder a liga\u00e7\u00e3o com o som exterior<\/p>\n<p>Voc\u00ea finalmente encontrar\u00e1 uma maneira de ouvir m\u00fasica enquanto ouve seus entes queridos ou praticar esportes com tranquilidade enquanto ouve tudo o que est\u00e1 acontecendo ao seu redor sem abrir m\u00e3o da qualidade do melhor som. Sim, com os novos auscultadores swiss+go Apollo AirX1 \u00e9 agora poss\u00edvel. <\/p>\n","protected":false},"featured_media":11384,"comment_status":"open","ping_status":"closed","template":"","meta":{"_acf_changed":false,"_switchboard_short_link_id":0,"_switchboard_short_link_code":""},"product_brand":[3851],"product_cat":[1293,1301],"product_tag":[3745,3746],"class_list":{"0":"post-22089","1":"product","2":"type-product","3":"status-publish","4":"has-post-thumbnail","6":"product_brand-swissgo","7":"product_cat-auscultadores","8":"product_cat-audio-pt-pt","9":"product_tag-menos-de-40e-pt-pt","10":"product_tag-menos-de-60e-pt-pt","12":"first","13":"outofstock","14":"taxable","15":"shipping-taxable","16":"purchasable","17":"product-type-simple"},"acf":[],"apcode":"SWI303114","_links":{"self":[{"href":"https:\/\/swissgo.tech\/pt-pt\/wp-json\/wp\/v2\/product\/22089","targetHints":{"allow":["GET"]}}],"collection":[{"href":"https:\/\/swissgo.tech\/pt-pt\/wp-json\/wp\/v2\/product"}],"about":[{"href":"https:\/\/swissgo.tech\/pt-pt\/wp-json\/wp\/v2\/types\/product"}],"replies":[{"embeddable":true,"href":"https:\/\/swissgo.tech\/pt-pt\/wp-json\/wp\/v2\/comments?post=22089"}],"wp:featuredmedia":[{"embeddable":true,"href":"https:\/\/swissgo.tech\/pt-pt\/wp-json\/wp\/v2\/media\/11384"}],"wp:attachment":[{"href":"https:\/\/swissgo.tech\/pt-pt\/wp-json\/wp\/v2\/media?parent=22089"}],"wp:term":[{"taxonomy":"product_brand","embeddable":true,"href":"https:\/\/swissgo.tech\/pt-pt\/wp-json\/wp\/v2\/product_brand?post=22089"},{"taxonomy":"product_cat","embeddable":true,"href":"https:\/\/swissgo.tech\/pt-pt\/wp-json\/wp\/v2\/product_cat?post=22089"},{"taxonomy":"product_tag","embeddable":true,"href":"https:\/\/swissgo.tech\/pt-pt\/wp-json\/wp\/v2\/product_tag?post=22089"}],"curies":[{"name":"wp","href":"https:\/\/api.w.org\/{rel}","templated":true}]}}