{"id":22102,"date":"2026-02-05T04:04:28","date_gmt":"2026-02-05T03:04:28","guid":{"rendered":"https:\/\/swissgo.tech\/p\/swissgo-novocolor-camera-analogica-reus-35mm-green-flash-24-fotos-bateria-4xaaa\/"},"modified":"2025-12-11T09:25:31","modified_gmt":"2025-12-11T08:25:31","slug":"swissgo-novocolor-camera-analogica-reus-35mm-green-flash-24-fotos-bateria-4xaaa","status":"publish","type":"product","link":"https:\/\/swissgo.tech\/pt-pt\/p\/swissgo-novocolor-camera-analogica-reus-35mm-green-flash-24-fotos-bateria-4xaaa\/","title":{"rendered":"swiss+go Novocolor Green \u2013 C\u00e2mara anal\u00f3gica de 35mm com Flash..."},"content":{"rendered":"<h2 style=\"text-align: center;\"><span style=\"color: #dd2400;\">Swiss+Go Novocolor Verde \u2013 C\u00e2mera anal\u00f3gica de 35mm com Flash + Kit de Bateria e Filme | para filmes de 35mm | Lente 31mm f\/9 | Norma ISO 200\/400\/800 | 4 x pilhas AAA | Camera Roll 24 Fotos | inclui Caixa e Correia<\/span><\/h2>\n<h3 data-start=\"889\" data-end=\"984\">\ud83d\udcf7 Swiss+Go Novocolor 35mm c\u00e2mera anal\u00f3gica verde \u2013 Kit completo com flash, baterias e filme<\/h3>\n<p data-start=\"986\" data-end=\"1290\">A <strong data-start=\"989\" data-end=\"1039\">c\u00e2mara anal\u00f3gica verde de 35mm Swiss+Go Novocolor<\/strong> foi concebida para quem quer reconectar-se com a fotografia cl\u00e1ssica e desfrutar do processo desde a primeira fotografia. Este <strong data-start=\"1166\" data-end=\"1218\">kit inclui um rolo de 24 fotografias e 4 pilhas AAA<\/strong>, tudo o que precisa para come\u00e7ar a capturar as suas mem\u00f3rias no papel.<\/p>\n<p data-start=\"1292\" data-end=\"1411\">Com um design moderno em verde vibrante, esta c\u00e2mara destaca-se pelo seu estilo, facilidade de utiliza\u00e7\u00e3o e resultados \u00fanicos.<\/p>\n<hr data-start=\"1413\" data-end=\"1416\">\n<h3 data-start=\"1418\" data-end=\"1447\">\ud83c\udf81 O que inclui este kit?<\/h3>\n<ul data-start=\"1449\" data-end=\"1665\">\n<li data-start=\"1449\" data-end=\"1493\">\n<p data-start=\"1451\" data-end=\"1493\">Swiss+Go Novocolor c\u00e2mera em verde<\/p>\n<\/li>\n<li data-start=\"1494\" data-end=\"1555\">\n<p data-start=\"1496\" data-end=\"1555\">1 x carretel de filme ISO 200 de 35 mm com 24 exposi\u00e7\u00f5es<\/p>\n<\/li>\n<li data-start=\"1556\" data-end=\"1595\">\n<p data-start=\"1558\" data-end=\"1595\">4 x pilhas AAA para alimentar o flash<\/p>\n<\/li>\n<li data-start=\"1596\" data-end=\"1645\">\n<p data-start=\"1598\" data-end=\"1645\">Cobertura e correia poss\u00edveis (sujeito a disponibilidade)<\/p>\n<\/li>\n<li data-start=\"1646\" data-end=\"1665\">\n<p data-start=\"1648\" data-end=\"1665\">Manual do Utilizador<\/p>\n<\/li>\n<\/ul>\n<p data-start=\"1667\" data-end=\"1738\">Um pack completo para principiantes, nost\u00e1lgicos e amantes retro.<\/p>\n<hr data-start=\"1740\" data-end=\"1743\">\n<h3 data-start=\"1745\" data-end=\"1775\">\u2728 Especifica\u00e7\u00f5es<\/h3>\n<ul data-start=\"1777\" data-end=\"2023\">\n<li data-start=\"1777\" data-end=\"1826\">\n<p data-start=\"1779\" data-end=\"1826\"><strong data-start=\"1779\" data-end=\"1787\">Tipo<\/strong>: 35mm c\u00e2mera anal\u00f3gica reutiliz\u00e1vel<\/p>\n<\/li>\n<li data-start=\"1827\" data-end=\"1871\">\n<p data-start=\"1829\" data-end=\"1871\"><strong data-start=\"1829\" data-end=\"1850\">Built-in Flash<\/strong>: Ativa\u00e7\u00e3o manual<\/p>\n<\/li>\n<li data-start=\"1872\" data-end=\"1902\">\n<p data-start=\"1874\" data-end=\"1902\"><strong data-start=\"1874\" data-end=\"1888\">Lente fixa<\/strong>: 31mm, f\/9<\/p>\n<\/li>\n<li data-start=\"1903\" data-end=\"1937\">\n<p data-start=\"1905\" data-end=\"1937\"><strong data-start=\"1905\" data-end=\"1919\">Obturador<\/strong>: 1\/120 segundo<\/p>\n<\/li>\n<li data-start=\"1938\" data-end=\"1979\">\n<p data-start=\"1940\" data-end=\"1979\"><strong data-start=\"1940\" data-end=\"1952\">Material<\/strong>: ABS leve e forte<\/p>\n<\/li>\n<li data-start=\"1980\" data-end=\"2023\">\n<p data-start=\"1982\" data-end=\"2023\"><strong data-start=\"1982\" data-end=\"1993\">Foco<\/strong>: De 1 metro ao infinito<\/p>\n<\/li>\n<\/ul>\n<hr data-start=\"2025\" data-end=\"2028\">\n<h3 data-start=\"2030\" data-end=\"2048\">\ud83c\udfaf Ideal para:<\/h3>\n<ul data-start=\"2050\" data-end=\"2272\">\n<li data-start=\"2050\" data-end=\"2099\">\n<p data-start=\"2052\" data-end=\"2099\">Aqueles que s\u00e3o novos na fotografia anal\u00f3gica<\/p>\n<\/li>\n<li data-start=\"2100\" data-end=\"2134\">\n<p data-start=\"2102\" data-end=\"2134\">Presentes criativos e originais<\/p>\n<\/li>\n<li data-start=\"2135\" data-end=\"2177\">\n<p data-start=\"2137\" data-end=\"2177\">Casamentos, escapadinhas, eventos ou festivais<\/p>\n<\/li>\n<li data-start=\"2178\" data-end=\"2223\">\n<p data-start=\"2180\" data-end=\"2223\">Amantes do estilo retro com personalidade<\/p>\n<\/li>\n<li data-start=\"2224\" data-end=\"2272\">\n<p data-start=\"2226\" data-end=\"2272\">Utilizadores \u00e0 procura de uma c\u00e2mara pronta a usar<\/p>\n<\/li>\n<\/ul>\n<hr data-start=\"2274\" data-end=\"2277\">\n<h3 data-start=\"2279\" data-end=\"2310\">\ud83d\udca1 Principais Benef\u00edcios do Kit<\/h3>\n<p data-start=\"2314\" data-end=\"2350\"> \u2705 C\u00e2mara anal\u00f3gica pronta a usar<\/p>\n<p data-start=\"2353\" data-end=\"2393\"> \u2705 Built-in flash para fotos noturnas<\/p>\n<p data-start=\"2396\" data-end=\"2439\"> \u2705 Inclui 24 rolos de fotos e pilhas AAA<\/p>\n<p data-start=\"2442\" data-end=\"2487\"> \u2705 Design marcante e moderno em verde<\/p>\n<p data-start=\"2490\" data-end=\"2541\"> \u2705 Perfeito como um presente ou para experimentar retro<\/p>\n<hr data-start=\"2543\" data-end=\"2546\">\n<h2 data-start=\"2548\" data-end=\"2589\">\ud83d\uded2 D\u00ea vida \u00e0s suas mem\u00f3rias!<\/h2>\n<p data-start=\"2591\" data-end=\"2773\">Descubra a <strong data-start=\"2603\" data-end=\"2653\">c\u00e2mara anal\u00f3gica verde de 35mm Swiss+Go Novocolor<\/strong> e reviva o prazer de captar momentos reais. Este kit tem tudo para come\u00e7ar: s\u00f3 precisa de focar e fotografar.<\/p>\n<p data-start=\"2775\" data-end=\"2856\">\ud83d\udc49 <strong data-start=\"2778\" data-end=\"2813\">Compre-o agora com envio r\u00e1pido<\/strong> e comece a criar mem\u00f3rias tang\u00edveis hoje.<\/p>\n","protected":false},"excerpt":{"rendered":"<p>C\u00e2mera anal\u00f3gica verde de 35mm com flash. Inclui 24 rolos fotogr\u00e1ficos e 4 pilhas AAA. Swiss+Go Novocolor: reviva o cl\u00e1ssico.  <\/p>\n","protected":false},"featured_media":11316,"comment_status":"open","ping_status":"closed","template":"","meta":{"_acf_changed":false,"_switchboard_short_link_id":0,"_switchboard_short_link_code":""},"product_brand":[3851],"product_cat":[3872,1322],"product_tag":[3745,3746],"class_list":{"0":"post-22102","1":"product","2":"type-product","3":"status-publish","4":"has-post-thumbnail","6":"product_brand-swissgo","7":"product_cat-camaras-analogicas-pt-pt","8":"product_cat-fotografia","9":"product_tag-menos-de-40e-pt-pt","10":"product_tag-menos-de-60e-pt-pt","12":"first","13":"outofstock","14":"sale","15":"taxable","16":"shipping-taxable","17":"purchasable","18":"product-type-simple"},"acf":[],"apcode":"SWI401606","_links":{"self":[{"href":"https:\/\/swissgo.tech\/pt-pt\/wp-json\/wp\/v2\/product\/22102","targetHints":{"allow":["GET"]}}],"collection":[{"href":"https:\/\/swissgo.tech\/pt-pt\/wp-json\/wp\/v2\/product"}],"about":[{"href":"https:\/\/swissgo.tech\/pt-pt\/wp-json\/wp\/v2\/types\/product"}],"replies":[{"embeddable":true,"href":"https:\/\/swissgo.tech\/pt-pt\/wp-json\/wp\/v2\/comments?post=22102"}],"wp:featuredmedia":[{"embeddable":true,"href":"https:\/\/swissgo.tech\/pt-pt\/wp-json\/wp\/v2\/media\/11316"}],"wp:attachment":[{"href":"https:\/\/swissgo.tech\/pt-pt\/wp-json\/wp\/v2\/media?parent=22102"}],"wp:term":[{"taxonomy":"product_brand","embeddable":true,"href":"https:\/\/swissgo.tech\/pt-pt\/wp-json\/wp\/v2\/product_brand?post=22102"},{"taxonomy":"product_cat","embeddable":true,"href":"https:\/\/swissgo.tech\/pt-pt\/wp-json\/wp\/v2\/product_cat?post=22102"},{"taxonomy":"product_tag","embeddable":true,"href":"https:\/\/swissgo.tech\/pt-pt\/wp-json\/wp\/v2\/product_tag?post=22102"}],"curies":[{"name":"wp","href":"https:\/\/api.w.org\/{rel}","templated":true}]}}