{"id":22110,"date":"2026-02-05T04:04:28","date_gmt":"2026-02-05T03:04:28","guid":{"rendered":"https:\/\/swissgo.tech\/p\/swissgo-zurich-smartwatch-corpo-de-aluminio-preto\/"},"modified":"2025-12-02T09:34:14","modified_gmt":"2025-12-02T08:34:14","slug":"swissgo-zurich-smartwatch-corpo-de-aluminio-preto","status":"publish","type":"product","link":"https:\/\/swissgo.tech\/pt-pt\/p\/swissgo-zurich-smartwatch-corpo-de-aluminio-preto\/","title":{"rendered":"swiss+go Rel\u00f3gio inteligente Zurich corpo em alum\u00ednio Preto"},"content":{"rendered":"<h2 style=\"text-align: center;\"><span style=\"color: #dd2400;\">swiss+go <\/span><span style=\"color: #dd2400;\">Rel\u00f3gio inteligente <\/span> Zurich <span style=\"color: #dd2400;\">corpo em alum\u00ednio Preto<\/span><\/h2>\n<h2 style=\"text-align: center;\"><\/h2>\n<p>Este smartwatch foi concebido para tirar o m\u00e1ximo partido de todas as suas actividades. swiss+go Smartwatch Zurique com corpo de alum\u00ednio preto ir\u00e1 acompanh\u00e1-lo durante todo o dia e noite. Com o seu design ultraleve, \u00e9 ideal para uso diurno, para desporto! para dormir.  Acompanhe a sua sa\u00fade, ritmo card\u00edaco e passos di\u00e1rios em tempo real, monitorize a qualidade do sono e fa\u00e7a a gest\u00e3o das suas sess\u00f5es de treino.<\/p>\n<h3>Caracter\u00edsticas swiss+go Zurich Smartwatch<\/h3>\n<ul>\n<li>Bluetooth<\/li>\n<li>Ecr\u00e3 t\u00e1til IPS de 1,7<\/li>\n<li>IP68 \u00e0 prova de \u00e1gua<\/li>\n<li>Modo multi-desportivo (14 modos)<\/li>\n<li>Personaliz\u00e1vel: 3 estilos de menu. 37 temas.<\/li>\n<li>Foto personaliz\u00e1vel para o mostrador do rel\u00f3gio.<\/li>\n<li>Monitoriza\u00e7\u00e3o do sono, monitoriza\u00e7\u00e3o do ritmo card\u00edaco, calorias queimadas e quil\u00f3metros percorridos.<\/li>\n<li>Notifica\u00e7\u00f5es, controlo de m\u00fasica, obturador remoto, alarme e temporizador, pesquisa de telefone, tempo e exerc\u00edcios de respira\u00e7\u00e3o.<\/li>\n<li>Compat\u00edvel com Android 5.0+\/iOS10+<\/li>\n<\/ul>\n","protected":false},"excerpt":{"rendered":"<p>swiss+go Rel\u00f3gio inteligente Zurich corpo em alum\u00ednio Preto<\/p>\n<p>&nbsp;<\/p>\n<ul>\n<li>Bluetooth<\/li>\n<li>Ecr\u00e3 t\u00e1til IPS de 1,7<\/li>\n<li>IP68 \u00e0 prova de \u00e1gua<\/li>\n<li>Modo multi-desportivo (14 modos)<\/li>\n<li>Personaliz\u00e1vel: 3 estilos de menu. 37 temas.<\/li>\n<li>Foto personaliz\u00e1vel para o mostrador do rel\u00f3gio.<\/li>\n<li>Monitoriza\u00e7\u00e3o do sono, monitoriza\u00e7\u00e3o do ritmo card\u00edaco, calorias queimadas e quil\u00f3metros percorridos.<\/li>\n<li>Notifica\u00e7\u00f5es, controlo de m\u00fasica, obturador remoto, alarme e temporizador, pesquisa de telefone, tempo e exerc\u00edcios de respira\u00e7\u00e3o.<\/li>\n<li>Compat\u00edvel com Android 5.0+\/iOS10+<\/li>\n<\/ul>\n","protected":false},"featured_media":11244,"comment_status":"open","ping_status":"closed","template":"","meta":{"_acf_changed":false,"_switchboard_short_link_id":0,"_switchboard_short_link_code":""},"product_brand":[3851],"product_cat":[1296,1294],"product_tag":[3746],"class_list":{"0":"post-22110","1":"product","2":"type-product","3":"status-publish","4":"has-post-thumbnail","6":"product_brand-swissgo","7":"product_cat-smartwatches-pt","8":"product_cat-wearables-pt","9":"product_tag-menos-de-60e-pt-pt","11":"first","12":"instock","13":"sale","14":"taxable","15":"shipping-taxable","16":"purchasable","17":"product-type-simple"},"acf":[],"apcode":"SWI302082","_links":{"self":[{"href":"https:\/\/swissgo.tech\/pt-pt\/wp-json\/wp\/v2\/product\/22110","targetHints":{"allow":["GET"]}}],"collection":[{"href":"https:\/\/swissgo.tech\/pt-pt\/wp-json\/wp\/v2\/product"}],"about":[{"href":"https:\/\/swissgo.tech\/pt-pt\/wp-json\/wp\/v2\/types\/product"}],"replies":[{"embeddable":true,"href":"https:\/\/swissgo.tech\/pt-pt\/wp-json\/wp\/v2\/comments?post=22110"}],"wp:featuredmedia":[{"embeddable":true,"href":"https:\/\/swissgo.tech\/pt-pt\/wp-json\/wp\/v2\/media\/11244"}],"wp:attachment":[{"href":"https:\/\/swissgo.tech\/pt-pt\/wp-json\/wp\/v2\/media?parent=22110"}],"wp:term":[{"taxonomy":"product_brand","embeddable":true,"href":"https:\/\/swissgo.tech\/pt-pt\/wp-json\/wp\/v2\/product_brand?post=22110"},{"taxonomy":"product_cat","embeddable":true,"href":"https:\/\/swissgo.tech\/pt-pt\/wp-json\/wp\/v2\/product_cat?post=22110"},{"taxonomy":"product_tag","embeddable":true,"href":"https:\/\/swissgo.tech\/pt-pt\/wp-json\/wp\/v2\/product_tag?post=22110"}],"curies":[{"name":"wp","href":"https:\/\/api.w.org\/{rel}","templated":true}]}}