{"id":22116,"date":"2026-02-05T04:04:02","date_gmt":"2026-02-05T03:04:02","guid":{"rendered":"https:\/\/swissgo.tech\/p\/cabo-zm068-de-substituicao-da-mobilidade-eletrica-swissgo-para-pt017\/"},"modified":"2025-11-17T10:43:10","modified_gmt":"2025-11-17T09:43:10","slug":"cabo-zm068-de-substituicao-da-mobilidade-eletrica-swissgo-para-pt017","status":"publish","type":"product","link":"https:\/\/swissgo.tech\/pt-pt\/p\/cabo-zm068-de-substituicao-da-mobilidade-eletrica-swissgo-para-pt017\/","title":{"rendered":"Cabo ZM068 de substitui\u00e7\u00e3o da mobilidade el\u00e9trica Swiss+Go para PT017"},"content":{"rendered":"<h2 style=\"text-align: center;\"><span style=\"color: #dd2400;\">Cabo ZM068 de recarga de mobilidade el\u00e9trica Swiss+Go para PT017 |  <\/span><\/h2>\n","protected":false},"excerpt":{"rendered":"<p>Cabo ZM068 de substitui\u00e7\u00e3o da mobilidade el\u00e9trica Swiss+Go para PT017<\/p>\n","protected":false},"featured_media":25788,"comment_status":"open","ping_status":"closed","template":"","meta":{"_acf_changed":false,"_switchboard_short_link_id":0,"_switchboard_short_link_code":""},"product_brand":[],"product_cat":[3776],"product_tag":[],"class_list":{"0":"post-22116","1":"product","2":"type-product","3":"status-publish","4":"has-post-thumbnail","6":"product_cat-sem-categoria","8":"first","9":"instock","10":"taxable","11":"shipping-taxable","12":"purchasable","13":"product-type-simple"},"acf":[],"apcode":"SWI600261","_links":{"self":[{"href":"https:\/\/swissgo.tech\/pt-pt\/wp-json\/wp\/v2\/product\/22116","targetHints":{"allow":["GET"]}}],"collection":[{"href":"https:\/\/swissgo.tech\/pt-pt\/wp-json\/wp\/v2\/product"}],"about":[{"href":"https:\/\/swissgo.tech\/pt-pt\/wp-json\/wp\/v2\/types\/product"}],"replies":[{"embeddable":true,"href":"https:\/\/swissgo.tech\/pt-pt\/wp-json\/wp\/v2\/comments?post=22116"}],"wp:featuredmedia":[{"embeddable":true,"href":"https:\/\/swissgo.tech\/pt-pt\/wp-json\/wp\/v2\/media\/25788"}],"wp:attachment":[{"href":"https:\/\/swissgo.tech\/pt-pt\/wp-json\/wp\/v2\/media?parent=22116"}],"wp:term":[{"taxonomy":"product_brand","embeddable":true,"href":"https:\/\/swissgo.tech\/pt-pt\/wp-json\/wp\/v2\/product_brand?post=22116"},{"taxonomy":"product_cat","embeddable":true,"href":"https:\/\/swissgo.tech\/pt-pt\/wp-json\/wp\/v2\/product_cat?post=22116"},{"taxonomy":"product_tag","embeddable":true,"href":"https:\/\/swissgo.tech\/pt-pt\/wp-json\/wp\/v2\/product_tag?post=22116"}],"curies":[{"name":"wp","href":"https:\/\/api.w.org\/{rel}","templated":true}]}}