{"id":22139,"date":"2026-02-05T04:04:16","date_gmt":"2026-02-05T03:04:16","guid":{"rendered":"https:\/\/swissgo.tech\/p\/swissgo-electric-mobility-substituicao-zm069-t4-cabo-de-luz-central\/"},"modified":"2025-11-17T11:33:42","modified_gmt":"2025-11-17T10:33:42","slug":"swissgo-electric-mobility-substituicao-zm069-t4-cabo-de-luz-central","status":"publish","type":"product","link":"https:\/\/swissgo.tech\/pt-pt\/p\/swissgo-electric-mobility-substituicao-zm069-t4-cabo-de-luz-central\/","title":{"rendered":"Swiss+Go Electric Mobility Substitui\u00e7\u00e3o ZM069 T4 Cabo de luz central"},"content":{"rendered":"<h2 style=\"text-align: center;\"><span style=\"color: #dd2400;\">Swiss+Go Electric Mobility Pe\u00e7a de Reposi\u00e7\u00e3o ZM069 T4 Cabo de luz central |  <\/span><\/h2>\n","protected":false},"excerpt":{"rendered":"<p>Swiss+Go Electric Mobility Substitui\u00e7\u00e3o ZM069 T4 Cabo de luz central<\/p>\n","protected":false},"featured_media":25690,"comment_status":"open","ping_status":"closed","template":"","meta":{"_acf_changed":false,"_switchboard_short_link_id":0,"_switchboard_short_link_code":""},"product_brand":[],"product_cat":[1304,1311],"product_tag":[],"class_list":{"0":"post-22139","1":"product","2":"type-product","3":"status-publish","4":"has-post-thumbnail","6":"product_cat-acessorios-vmp","7":"product_cat-mobilidade-urbana","9":"first","10":"instock","11":"taxable","12":"shipping-taxable","13":"purchasable","14":"product-type-simple"},"acf":[],"apcode":"SWI600262","_links":{"self":[{"href":"https:\/\/swissgo.tech\/pt-pt\/wp-json\/wp\/v2\/product\/22139","targetHints":{"allow":["GET"]}}],"collection":[{"href":"https:\/\/swissgo.tech\/pt-pt\/wp-json\/wp\/v2\/product"}],"about":[{"href":"https:\/\/swissgo.tech\/pt-pt\/wp-json\/wp\/v2\/types\/product"}],"replies":[{"embeddable":true,"href":"https:\/\/swissgo.tech\/pt-pt\/wp-json\/wp\/v2\/comments?post=22139"}],"wp:featuredmedia":[{"embeddable":true,"href":"https:\/\/swissgo.tech\/pt-pt\/wp-json\/wp\/v2\/media\/25690"}],"wp:attachment":[{"href":"https:\/\/swissgo.tech\/pt-pt\/wp-json\/wp\/v2\/media?parent=22139"}],"wp:term":[{"taxonomy":"product_brand","embeddable":true,"href":"https:\/\/swissgo.tech\/pt-pt\/wp-json\/wp\/v2\/product_brand?post=22139"},{"taxonomy":"product_cat","embeddable":true,"href":"https:\/\/swissgo.tech\/pt-pt\/wp-json\/wp\/v2\/product_cat?post=22139"},{"taxonomy":"product_tag","embeddable":true,"href":"https:\/\/swissgo.tech\/pt-pt\/wp-json\/wp\/v2\/product_tag?post=22139"}],"curies":[{"name":"wp","href":"https:\/\/api.w.org\/{rel}","templated":true}]}}