{"id":24308,"date":"2026-02-05T04:04:58","date_gmt":"2026-02-05T03:04:58","guid":{"rendered":"https:\/\/swissgo.tech\/p\/swissgo-arco-rosa-auscultadores-bluetooth-open-ear-desporto-sem-fios-a-prova-de-agua\/"},"modified":"2025-11-18T04:06:28","modified_gmt":"2025-11-18T03:06:28","slug":"swissgo-arco-rosa-auscultadores-bluetooth-open-ear-desporto-sem-fios-a-prova-de-agua","status":"publish","type":"product","link":"https:\/\/swissgo.tech\/pt-pt\/p\/swissgo-arco-rosa-auscultadores-bluetooth-open-ear-desporto-sem-fios-a-prova-de-agua\/","title":{"rendered":"swiss+go Arco Rosa Auscultadores Bluetooth Open Ear | Desporto |..."},"content":{"rendered":"<h2 style=\"text-align: center;\"><span style=\"color: #000000;\">swiss+go Arco Rosa Auscultadores Bluetooth Open Ear | Desporto | Sem fios | \u00c0 prova de \u00e1gua  <\/span><\/h2>\n<p data-start=\"559\" data-end=\"942\">Os <strong data-start=\"563\" data-end=\"597\">auscultadores<\/strong> abertos Bluetooth Swiss+go Arco em rosa oferecem uma experi\u00eancia \u00e1udio confort\u00e1vel e segura sem o isolar do ambiente. O seu design de gancho de orelha aberta encaixa-se firmemente \u00e0 volta do ouvido, permitindo-lhe ouvir m\u00fasica enquanto se mant\u00e9m atento ao ambiente. A qualidade e fiabilidade do Swiss+go refletem-se em cada detalhe, dando confian\u00e7a ao utilizador.<\/p>\n<p data-start=\"944\" data-end=\"1526\">A tecnologia <strong data-start=\"958\" data-end=\"975\">Bluetooth 5.4<\/strong> dos auscultadores Bluetooth de ouvido aberto Arco garante uma liga\u00e7\u00e3o sem fios est\u00e1vel, de baixa lat\u00eancia e energeticamente eficiente. Suportam o codec <strong data-start=\"1218\" data-end=\"1225\">AAC<\/strong> para proporcionar um som est\u00e9reo de alta fidelidade, com graves potentes e efeito surround. Al\u00e9m disso, incorporam um microfone com cancelamento de ru\u00eddo ambiente (tecnologia <strong data-start=\"1430\" data-end=\"1437\">ENC<\/strong>) para chamadas claras, mesmo em ambientes ruidosos.<\/p>\n<p data-start=\"1528\" data-end=\"2137\">Concebidos para um estilo de vida ativo, os auscultadores de ouvido abertos Bluetooth swiss+go Arco t\u00eam certifica\u00e7\u00e3o <strong data-start=\"1634\" data-end=\"1642\">IPX5<\/strong> para resist\u00eancia \u00e0 \u00e1gua, suportando o suor e a chuva sem problemas. Sua constru\u00e7\u00e3o leve em materiais <strong data-start=\"1782\" data-end=\"1789\">ABS<\/strong> e <strong data-start=\"1792\" data-end=\"1798\">PC<\/strong> \u00e9 robusta e confort\u00e1vel, enquanto o ajuste seguro do gancho evita quedas durante treinos intensos. <strong data-start=\"1960\" data-end=\"1981\">A tecnologia de \u00e1udio direcional<\/strong> direciona o som para o seu ouvido sem a necessidade de tamp\u00f5es auriculares, proporcionando seguran\u00e7a ao mant\u00ea-lo ciente do que o rodeia.<\/p>\n<p data-start=\"2139\" data-end=\"2947\">Em termos de autonomia da bateria, os auscultadores Bluetooth de ouvido aberto swiss+go Arco oferecem 3 a 5 horas de reprodu\u00e7\u00e3o por carga, e o estojo de carregamento fornece 7 cargas adicionais para um total de ~40 horas de utiliza\u00e7\u00e3o. O carregamento atrav\u00e9s de <strong data-start=\"2437\" data-end=\"2446\">USB-C<\/strong> garante que os auscultadores est\u00e3o prontos rapidamente. O Swiss+go Open Ear Arco integra controlos t\u00e1teis intuitivos nos auscultadores para gerir m\u00fasica e chamadas. Em suma, estes <strong data-start=\"2768\" data-end=\"2802\">auscultadores abertos Bluetooth<\/strong> combinam a inova\u00e7\u00e3o da Swiss+go com um design aberto e funcional, oferecendo um som premium, durabilidade e conforto em qualquer situa\u00e7\u00e3o.   <\/p>\n<h2 data-start=\"2949\" data-end=\"2986\">Carater\u00edsticas:<\/h2>\n<ul>\n<li data-start=\"2989\" data-end=\"3056\"><strong data-start=\"2989\" data-end=\"3003\">Bluetooth:<\/strong> Vers\u00e3o 5.4<\/li>\n<li data-start=\"3059\" data-end=\"3196\"><strong data-start=\"3059\" data-end=\"3084\">Cancelamento de ru\u00eddo:<\/strong> Tecnologia ENC (Environmental Noise Cancellation) para chamadas claras<\/li>\n<li data-start=\"3199\" data-end=\"3306\"><strong data-start=\"3199\" data-end=\"3223\">Resist\u00eancia \u00e0 \u00e1gua:<\/strong> Certifica\u00e7\u00e3o IPX5 (suor e salpicos)<\/li>\n<li data-start=\"3309\" data-end=\"3442\"><strong data-start=\"3309\" data-end=\"3320\">Conce\u00e7\u00e3o:<\/strong> Tipo de orelha aberta com gancho de orelha que deixa a orelha livre (formato <em data-start=\"3390\" data-end=\"3400\">de gancho de orelha<\/em>)<\/li>\n<li data-start=\"3445\" data-end=\"3575\"><strong data-start=\"3445\" data-end=\"3459\">Controlos:<\/strong> Controles de toque no fone de ouvido.<\/li>\n<li data-start=\"3578\" data-end=\"3761\"><strong data-start=\"3578\" data-end=\"3589\">Som:<\/strong> Bass Boost \u00e1udio est\u00e9reo com efeito surround; Suporte a codec AAC<\/li>\n<li data-start=\"3764\" data-end=\"3953\"><strong data-start=\"3764\" data-end=\"3788\">Bateria e autonomia:<\/strong> 40 mAh por fone de ouvido (at\u00e9 5 h) + caixa de 800 mAh (7 recargas extras, ~40 h no total)<\/li>\n<li data-start=\"3956\" data-end=\"4096\"><strong data-start=\"3956\" data-end=\"3966\">Carga:<\/strong> Porta USB-C; Tempo de carga completa ~1\u20133 horas<\/li>\n<li data-start=\"4099\" data-end=\"4229\"><strong data-start=\"4099\" data-end=\"4112\">Lat\u00eancia:<\/strong> Baixa lat\u00eancia wireless (~51\u201360 ms) para melhor sincroniza\u00e7\u00e3o \u00e1udio-v\u00eddeo<\/li>\n<li data-start=\"4232\" data-end=\"4331\"><strong data-start=\"4232\" data-end=\"4247\">Materiais:<\/strong> Pl\u00e1sticos ABS e PC (leves e resistentes)<\/li>\n<li data-start=\"4334\" data-end=\"4425\"><strong data-start=\"4334\" data-end=\"4354\">Certifica\u00e7\u00f5es:<\/strong> Em conformidade com as normas CE e RoHS<\/li>\n<\/ul>\n","protected":false},"excerpt":{"rendered":"<p>Os Swiss+go Arco Rosa s\u00e3o auscultadores Bluetooth desportivos com um design de gancho de ouvido aberto, Bluetooth 5.4, resist\u00eancia \u00e0 \u00e1gua IPX5, som est\u00e9reo e 3-5 horas de autonomia da bateria por carga.<\/p>\n","protected":false},"featured_media":24210,"comment_status":"open","ping_status":"closed","template":"","meta":{"_acf_changed":false,"_switchboard_short_link_id":0,"_switchboard_short_link_code":""},"product_brand":[3851],"product_cat":[1293,1301],"product_tag":[],"class_list":{"0":"post-24308","1":"product","2":"type-product","3":"status-publish","4":"has-post-thumbnail","6":"product_brand-swissgo","7":"product_cat-auscultadores","8":"product_cat-audio-pt-pt","10":"first","11":"instock","12":"taxable","13":"shipping-taxable","14":"purchasable","15":"product-type-simple"},"acf":[],"apcode":"SWI303121","_links":{"self":[{"href":"https:\/\/swissgo.tech\/pt-pt\/wp-json\/wp\/v2\/product\/24308","targetHints":{"allow":["GET"]}}],"collection":[{"href":"https:\/\/swissgo.tech\/pt-pt\/wp-json\/wp\/v2\/product"}],"about":[{"href":"https:\/\/swissgo.tech\/pt-pt\/wp-json\/wp\/v2\/types\/product"}],"replies":[{"embeddable":true,"href":"https:\/\/swissgo.tech\/pt-pt\/wp-json\/wp\/v2\/comments?post=24308"}],"wp:featuredmedia":[{"embeddable":true,"href":"https:\/\/swissgo.tech\/pt-pt\/wp-json\/wp\/v2\/media\/24210"}],"wp:attachment":[{"href":"https:\/\/swissgo.tech\/pt-pt\/wp-json\/wp\/v2\/media?parent=24308"}],"wp:term":[{"taxonomy":"product_brand","embeddable":true,"href":"https:\/\/swissgo.tech\/pt-pt\/wp-json\/wp\/v2\/product_brand?post=24308"},{"taxonomy":"product_cat","embeddable":true,"href":"https:\/\/swissgo.tech\/pt-pt\/wp-json\/wp\/v2\/product_cat?post=24308"},{"taxonomy":"product_tag","embeddable":true,"href":"https:\/\/swissgo.tech\/pt-pt\/wp-json\/wp\/v2\/product_tag?post=24308"}],"curies":[{"name":"wp","href":"https:\/\/api.w.org\/{rel}","templated":true}]}}