{"id":24744,"date":"2026-02-05T04:04:58","date_gmt":"2026-02-05T03:04:58","guid":{"rendered":"https:\/\/swissgo.tech\/p\/swissgo-mini-compacto-porta-chaves-digital-vermelho\/"},"modified":"2026-01-12T17:10:28","modified_gmt":"2026-01-12T16:10:28","slug":"swissgo-mini-compacto-porta-chaves-digital-vermelho","status":"publish","type":"product","link":"https:\/\/swissgo.tech\/pt-pt\/p\/swissgo-mini-compacto-porta-chaves-digital-vermelho\/","title":{"rendered":"porta-chaves swiss+go Mini compact digital camera, Vermelho"},"content":{"rendered":"<h2 style=\"text-align: center;\"><span style=\"color: #000000;\">swiss+go Mini Digital Compact Camera Porta-chaves vermelho | 1,2Mp | Ecr\u00e3 0,96&#8243;| V\u00eddeo 1080P<\/span><\/h2>\n<p data-start=\"680\" data-end=\"936\">A <strong data-start=\"683\" data-end=\"729\">Swiss+Go Mini Compact Digital Camera Red<\/strong> \u00e9 uma c\u00e2mara digital em <strong data-start=\"763\" data-end=\"776\">formato miniatura<\/strong> com um design marcante e pr\u00e1tico. Com o tamanho de <strong data-start=\"832\" data-end=\"843\">porta-chaves<\/strong> e o peso leve, \u00e9 perfeito para levar consigo para todo o lado ou como <strong data-start=\"916\" data-end=\"935\">presente original<\/strong>. <\/p>\n<p data-start=\"938\" data-end=\"1210\">Oferece <strong data-start=\"945\" data-end=\"982\">fun\u00e7\u00f5es b\u00e1sicas de fotografia e v\u00eddeo<\/strong>, com <strong data-start=\"997\" data-end=\"1004\">uma liga\u00e7\u00e3o USB<\/strong> para recarregar e transferir ficheiros. A <strong data-start=\"1050\" data-end=\"1072\">sua bateria interna recarreg\u00e1vel<\/strong> torna-o totalmente aut\u00f3nomo e f\u00e1cil de usar. A cor vermelha brilhante traz um toque divertido e moderno ao estilo retro cl\u00e1ssico.  <\/p>\n<p data-start=\"1212\" data-end=\"1355\">Inclui <strong data-start=\"1220\" data-end=\"1242\">correia e cabo USB<\/strong>. Uma excelente escolha para crian\u00e7as, colecionadores ou qualquer pessoa que procure uma c\u00e2mara original e diferente.<\/p>\n<hr data-start=\"1357\" data-end=\"1360\">\n<h3 data-start=\"1362\" data-end=\"1396\">Destaques:<\/h3>\n<ul>\n<li data-start=\"1400\" data-end=\"1430\">C\u00e2mara Digital Mini Compacta<\/li>\n<li data-start=\"1433\" data-end=\"1446\">Cor: Vermelho<\/li>\n<li data-start=\"1449\" data-end=\"1483\">Design de porta-chaves, ultra-leve<\/li>\n<li data-start=\"1486\" data-end=\"1515\">Grava\u00e7\u00e3o fotogr\u00e1fica e de v\u00eddeo<\/li>\n<li data-start=\"1518\" data-end=\"1559\">Liga\u00e7\u00e3o USB para carregamento e transfer\u00eancia<\/li>\n<li data-start=\"1562\" data-end=\"1592\">Bateria recarreg\u00e1vel incorporada<\/li>\n<li data-start=\"1595\" data-end=\"1623\">Inclui correia e cabo USB<\/li>\n<li data-start=\"1626\" data-end=\"1673\">Ideal como presente, decora\u00e7\u00e3o ou c\u00e2mara criativa<\/li>\n<li data-start=\"1626\" data-end=\"1673\">Cart\u00e3o Micro SD necess\u00e1rio para o seu funcionamento e para o armazenamento correto de fotos e v\u00eddeos. N\u00e3o inclu\u00eddo <\/li>\n<\/ul>\n","protected":false},"excerpt":{"rendered":"<p><strong data-start=\"445\" data-end=\"476\">C\u00e2mara mini compacta vermelha Swiss+<\/strong>Go, design <strong data-start=\"490\" data-end=\"501\">de porta-chaves<\/strong>, grava fotos e v\u00eddeos, <strong data-start=\"529\" data-end=\"551\">com bateria recarreg\u00e1vel<\/strong> e liga\u00e7\u00e3o USB. Ideal como c\u00e2mara criativa, para crian\u00e7as ou como gadget original de bolso. Cart\u00e3o Micro SD necess\u00e1rio para o seu funcionamento e para o armazenamento correto de fotos e v\u00eddeos. N\u00e3o inclu\u00eddo <\/p>\n","protected":false},"featured_media":24538,"comment_status":"open","ping_status":"closed","template":"","meta":{"_acf_changed":false,"_switchboard_short_link_id":0,"_switchboard_short_link_code":""},"product_brand":[3851],"product_cat":[2345,1322],"product_tag":[],"class_list":{"0":"post-24744","1":"product","2":"type-product","3":"status-publish","4":"has-post-thumbnail","6":"product_brand-swissgo","7":"product_cat-camaras-digitais","8":"product_cat-fotografia","10":"first","11":"instock","12":"taxable","13":"shipping-taxable","14":"purchasable","15":"product-type-simple"},"acf":[],"apcode":"SWI400222","_links":{"self":[{"href":"https:\/\/swissgo.tech\/pt-pt\/wp-json\/wp\/v2\/product\/24744","targetHints":{"allow":["GET"]}}],"collection":[{"href":"https:\/\/swissgo.tech\/pt-pt\/wp-json\/wp\/v2\/product"}],"about":[{"href":"https:\/\/swissgo.tech\/pt-pt\/wp-json\/wp\/v2\/types\/product"}],"replies":[{"embeddable":true,"href":"https:\/\/swissgo.tech\/pt-pt\/wp-json\/wp\/v2\/comments?post=24744"}],"wp:featuredmedia":[{"embeddable":true,"href":"https:\/\/swissgo.tech\/pt-pt\/wp-json\/wp\/v2\/media\/24538"}],"wp:attachment":[{"href":"https:\/\/swissgo.tech\/pt-pt\/wp-json\/wp\/v2\/media?parent=24744"}],"wp:term":[{"taxonomy":"product_brand","embeddable":true,"href":"https:\/\/swissgo.tech\/pt-pt\/wp-json\/wp\/v2\/product_brand?post=24744"},{"taxonomy":"product_cat","embeddable":true,"href":"https:\/\/swissgo.tech\/pt-pt\/wp-json\/wp\/v2\/product_cat?post=24744"},{"taxonomy":"product_tag","embeddable":true,"href":"https:\/\/swissgo.tech\/pt-pt\/wp-json\/wp\/v2\/product_tag?post=24744"}],"curies":[{"name":"wp","href":"https:\/\/api.w.org\/{rel}","templated":true}]}}