{"id":24772,"date":"2026-02-05T04:04:28","date_gmt":"2026-02-05T03:04:28","guid":{"rendered":"https:\/\/swissgo.tech\/p\/hoodie-suicogo-2\/"},"modified":"2025-12-11T09:20:17","modified_gmt":"2025-12-11T08:20:17","slug":"hoodie-suicogo-2","status":"publish","type":"product","link":"https:\/\/swissgo.tech\/pt-pt\/p\/hoodie-suicogo-2\/","title":{"rendered":"Hoodie su\u00ed\u00e7o+go"},"content":{"rendered":"<p>Todos os sweatshirts swiss+go s\u00e3o de alta qualidade e fabricados em Espanha.<\/p>\n<h3><strong>Carater\u00edsticas:<\/strong><\/h3>\n<ul>\n<li>Capuz com bolso frontal<\/li>\n<li>Cor: preto<\/li>\n<li>Made in Spain, 75% sint\u00e9tico, 25% algod\u00e3o (interior)<\/li>\n<li>Impress\u00e3o por Sublima\u00e7\u00e3o T\u00e9rmica<\/li>\n<\/ul>\n<p>Tamanho:<\/p>\n<ul>\n<li>Adulto: XS\/S\/M\/L\/XL<\/li>\n<\/ul>\n","protected":false},"excerpt":{"rendered":"<ul>\n<li>Capuz com bolso frontal<\/li>\n<li>Cor: preto<\/li>\n<li>Made in Spain, 75% sint\u00e9tico, 25% algod\u00e3o (interior)<\/li>\n<li>Impress\u00e3o por Sublima\u00e7\u00e3o T\u00e9rmica<\/li>\n<\/ul>\n<p>Tamanho:<\/p>\n<ul>\n<li>Adulto: XS\/S\/M\/L\/XL<\/li>\n<\/ul>\n","protected":false},"featured_media":11016,"comment_status":"open","ping_status":"closed","template":"","meta":{"_acf_changed":false,"_switchboard_short_link_id":0,"_switchboard_short_link_code":""},"product_brand":[3851],"product_cat":[3776],"product_tag":[3854],"class_list":{"0":"post-24772","1":"product","2":"type-product","3":"status-publish","4":"has-post-thumbnail","6":"product_brand-swissgo","7":"product_cat-sem-categoria","8":"product_tag-camisola","10":"first","11":"instock","12":"taxable","13":"shipping-taxable","14":"purchasable","15":"product-type-simple"},"acf":[],"apcode":"TCT708384","_links":{"self":[{"href":"https:\/\/swissgo.tech\/pt-pt\/wp-json\/wp\/v2\/product\/24772","targetHints":{"allow":["GET"]}}],"collection":[{"href":"https:\/\/swissgo.tech\/pt-pt\/wp-json\/wp\/v2\/product"}],"about":[{"href":"https:\/\/swissgo.tech\/pt-pt\/wp-json\/wp\/v2\/types\/product"}],"replies":[{"embeddable":true,"href":"https:\/\/swissgo.tech\/pt-pt\/wp-json\/wp\/v2\/comments?post=24772"}],"wp:featuredmedia":[{"embeddable":true,"href":"https:\/\/swissgo.tech\/pt-pt\/wp-json\/wp\/v2\/media\/11016"}],"wp:attachment":[{"href":"https:\/\/swissgo.tech\/pt-pt\/wp-json\/wp\/v2\/media?parent=24772"}],"wp:term":[{"taxonomy":"product_brand","embeddable":true,"href":"https:\/\/swissgo.tech\/pt-pt\/wp-json\/wp\/v2\/product_brand?post=24772"},{"taxonomy":"product_cat","embeddable":true,"href":"https:\/\/swissgo.tech\/pt-pt\/wp-json\/wp\/v2\/product_cat?post=24772"},{"taxonomy":"product_tag","embeddable":true,"href":"https:\/\/swissgo.tech\/pt-pt\/wp-json\/wp\/v2\/product_tag?post=24772"}],"curies":[{"name":"wp","href":"https:\/\/api.w.org\/{rel}","templated":true}]}}