{"id":24884,"date":"2026-02-05T04:04:58","date_gmt":"2026-02-05T03:04:58","guid":{"rendered":"https:\/\/swissgo.tech\/p\/carregador-inteligente-universal-swissgo-d-760c-3-6-7-4-baterias-v-nimh-usb-c-ecra-lcd\/"},"modified":"2026-01-12T10:46:47","modified_gmt":"2026-01-12T09:46:47","slug":"carregador-inteligente-universal-swissgo-d-760c-3-6-7-4-baterias-v-nimh-usb-c-ecra-lcd","status":"publish","type":"product","link":"https:\/\/swissgo.tech\/pt-pt\/p\/carregador-inteligente-universal-swissgo-d-760c-3-6-7-4-baterias-v-nimh-usb-c-ecra-lcd\/","title":{"rendered":"Carregador Inteligente Universal Swiss+go D-760C | 3.6\u20137.4 Baterias V, NiMH,..."},"content":{"rendered":"<p style=\"text-align: center;\" data-start=\"252\" data-end=\"349\"><strong>Carregador Inteligente Universal Swiss+go D-760C | 3.6\u20137.4 Baterias V, NiMH, USB-C | Ecr\u00e3 LCD<\/strong><\/p>\n<p data-start=\"840\" data-end=\"1205\">O <strong data-start=\"843\" data-end=\"862\">Swiss+go D-760C<\/strong> \u00e9 um <strong data-start=\"869\" data-end=\"903\">carregador universal inteligente<\/strong> concebido para oferecer uma solu\u00e7\u00e3o vers\u00e1til e segura ao carregar uma grande variedade de baterias. Compat\u00edvel com <strong data-start=\"1015\" data-end=\"1070\">baterias de i\u00f5es de l\u00edtio de 3,6\u20133,7 V e 7,2\u20137,4 V<\/strong>, permite tamb\u00e9m o carregamento <strong data-start=\"1100\" data-end=\"1139\">de baterias AA, AAA ou NiMH de 9V<\/strong>, tornando-o ideal para utilizadores que operam m\u00faltiplos dispositivos. <\/p>\n<p data-start=\"1207\" data-end=\"1590\">Uma das suas principais vantagens \u00e9 a <strong data-start=\"1245\" data-end=\"1292\">dete\u00e7\u00e3o autom\u00e1tica de polaridade e tens\u00e3o<\/strong>, que previne erros ao inserir a bateria e otimiza a corrente de carregamento para cada tipo de c\u00e9lula. Al\u00e9m disso, permite <strong data-start=\"1412\" data-end=\"1463\">que duas baterias cil\u00edndricas sejam carregadas simultaneamente<\/strong> ou combinadas com um dispositivo ligado por <strong data-start=\"1511\" data-end=\"1527\">porta USB-C<\/strong> (5V \/ 1A), como smartphones ou outros acess\u00f3rios eletr\u00f3nicos. <\/p>\n<p data-start=\"1592\" data-end=\"1879\">O <strong data-start=\"1595\" data-end=\"1626\">seu ecr\u00e3 LCD retroiluminado<\/strong> mostra em tempo real o tipo de bateria, voltagem e estado de carga, proporcionando um controlo visual simples e preciso. A Swiss+go D-760C tem um design compacto, robusto e leve (apenas 100 g), ideal para uso dom\u00e9stico, profissional ou de viagem. <\/p>\n<h3 data-start=\"1886\" data-end=\"1921\"><strong data-start=\"1890\" data-end=\"1919\">Caracter\u00edsticas t\u00e9cnicas:<\/strong><\/h3>\n<ul data-start=\"1922\" data-end=\"2541\">\n<li data-start=\"1922\" data-end=\"2046\">\n<p data-start=\"1924\" data-end=\"1941\">Apoios:<\/p>\n<ul data-start=\"1944\" data-end=\"2046\">\n<li data-start=\"1944\" data-end=\"1997\">\n<p data-start=\"1946\" data-end=\"1997\">Baterias de i\u00f5es de l\u00edtio: 3,6\u20133,7 V e 7,2\u20137,4 V<\/p>\n<\/li>\n<li data-start=\"2000\" data-end=\"2046\">\n<p data-start=\"2002\" data-end=\"2046\">Baterias recarreg\u00e1veis: AA, AAA, 9V (NiMH\/NiCd)<\/p>\n<\/li>\n<\/ul>\n<\/li>\n<li data-start=\"2047\" data-end=\"2119\">\n<p data-start=\"2049\" data-end=\"2119\">Carregamento simult\u00e2neo: at\u00e9 2 baterias ou bateria + dispositivo via USB-C<\/p>\n<\/li>\n<li data-start=\"2120\" data-end=\"2167\">\n<p data-start=\"2122\" data-end=\"2167\">Dete\u00e7\u00e3o autom\u00e1tica de polaridade e tens\u00e3o<\/p>\n<\/li>\n<li data-start=\"2168\" data-end=\"2227\">\n<p data-start=\"2170\" data-end=\"2227\">Ecr\u00e3 LCD: tipo de bateria, voltagem, estado de carregamento<\/p>\n<\/li>\n<li data-start=\"2228\" data-end=\"2255\">\n<p data-start=\"2230\" data-end=\"2255\">Entrada: DC 5.0V\/3.0A<\/p>\n<\/li>\n<li data-start=\"2256\" data-end=\"2400\">\n<p data-start=\"2258\" data-end=\"2268\">Sa\u00eddas:<\/p>\n<ul data-start=\"2271\" data-end=\"2400\">\n<li data-start=\"2271\" data-end=\"2300\">\n<p data-start=\"2273\" data-end=\"2300\">NiMH\/NiCd: DC 1.2V \/ 0.6A<\/p>\n<\/li>\n<li data-start=\"2303\" data-end=\"2329\">\n<p data-start=\"2305\" data-end=\"2329\">Li-ion 3,6\u20133,7 V: 0,6A<\/p>\n<\/li>\n<li data-start=\"2332\" data-end=\"2358\">\n<p data-start=\"2334\" data-end=\"2358\">Li-ion 7,2\u20137,4 V: 0,6A<\/p>\n<\/li>\n<li data-start=\"2361\" data-end=\"2379\">\n<p data-start=\"2363\" data-end=\"2379\">9V NiMH: 0,15A<\/p>\n<\/li>\n<li data-start=\"2382\" data-end=\"2400\">\n<p data-start=\"2384\" data-end=\"2400\">USB-C: 5V\/1A<\/p>\n<\/li>\n<\/ul>\n<\/li>\n<\/ul>\n","protected":false},"excerpt":{"rendered":"<p data-start=\"613\" data-end=\"785\">Carregador universal Swiss+go D-760C para baterias de i\u00f5es de l\u00edtio, NiMH, AA\/AA e 9V. Compat\u00edvel com carregamento USB-C simult\u00e2neo. Dete\u00e7\u00e3o autom\u00e1tica de polaridade e tens\u00e3o.  <\/p>\n","protected":false},"featured_media":24708,"comment_status":"open","ping_status":"closed","template":"","meta":{"_acf_changed":false,"_switchboard_short_link_id":0,"_switchboard_short_link_code":""},"product_brand":[3851],"product_cat":[1470,1322],"product_tag":[],"class_list":{"0":"post-24884","1":"product","2":"type-product","3":"status-publish","4":"has-post-thumbnail","6":"product_brand-swissgo","7":"product_cat-baterias-e-carregadores","8":"product_cat-fotografia","10":"first","11":"instock","12":"taxable","13":"shipping-taxable","14":"purchasable","15":"product-type-simple"},"acf":[],"apcode":"SWI503021","_links":{"self":[{"href":"https:\/\/swissgo.tech\/pt-pt\/wp-json\/wp\/v2\/product\/24884","targetHints":{"allow":["GET"]}}],"collection":[{"href":"https:\/\/swissgo.tech\/pt-pt\/wp-json\/wp\/v2\/product"}],"about":[{"href":"https:\/\/swissgo.tech\/pt-pt\/wp-json\/wp\/v2\/types\/product"}],"replies":[{"embeddable":true,"href":"https:\/\/swissgo.tech\/pt-pt\/wp-json\/wp\/v2\/comments?post=24884"}],"wp:featuredmedia":[{"embeddable":true,"href":"https:\/\/swissgo.tech\/pt-pt\/wp-json\/wp\/v2\/media\/24708"}],"wp:attachment":[{"href":"https:\/\/swissgo.tech\/pt-pt\/wp-json\/wp\/v2\/media?parent=24884"}],"wp:term":[{"taxonomy":"product_brand","embeddable":true,"href":"https:\/\/swissgo.tech\/pt-pt\/wp-json\/wp\/v2\/product_brand?post=24884"},{"taxonomy":"product_cat","embeddable":true,"href":"https:\/\/swissgo.tech\/pt-pt\/wp-json\/wp\/v2\/product_cat?post=24884"},{"taxonomy":"product_tag","embeddable":true,"href":"https:\/\/swissgo.tech\/pt-pt\/wp-json\/wp\/v2\/product_tag?post=24884"}],"curies":[{"name":"wp","href":"https:\/\/api.w.org\/{rel}","templated":true}]}}